{"id":11945,"date":"2021-03-24T16:40:14","date_gmt":"2021-03-24T15:40:14","guid":{"rendered":"https:\/\/deltatecnic.com\/webinars-videos-2\/"},"modified":"2024-06-20T12:38:15","modified_gmt":"2024-06-20T10:38:15","slug":"webinars-videos-2","status":"publish","type":"page","link":"https:\/\/deltatecnic.com\/ca\/webinars-videos-2\/","title":{"rendered":"Webinars &amp; Videos"},"content":{"rendered":"<p>[vc_row css=&#8221;.vc_custom_1616779701356{margin-top: 10px !important;}&#8221;][vc_column]<div class=\"ts-element-heading-wrapper ts-heading-inner ts-element-align-left ts-seperator-none  vc_custom_1616779730374\"><section class=\"ts-vc_cta3-container\"><div class=\"ts-vc_general ts-vc_cta3 ts-cta3-only ts-vc_cta3-style-classic ts-vc_cta3-shape-rounded ts-vc_cta3-align-left ts-vc_cta3-color-transparent ts-vc_cta3-icon-size-md ts-vc_cta3-actions-no ts-cta3-without-desc\"><div class=\"ts-vc_cta3_content-container\"><div class=\"ts-vc_cta3-content\"><div class=\"ts-vc_cta3-content-header ts-wrap\"><div class=\"ts-vc_cta3-headers ts-wrap-cell\"><h2 style=\"font-size:34px;line-height:1em;font-family:'Montserrat',Arial,Helvetica;font-weight:400;\" class=\"ts-custom-heading \" >WEBINARS &amp; VIDEOS<\/h2>\n<\/div><\/div><\/div><\/div><\/div><\/section><\/div> <!-- .ts-element-heading-wrapper container --> [\/vc_column][\/vc_row][vc_row equal_height=&#8221;yes&#8221;][vc_column width=&#8221;1\/2&#8243; css=&#8221;.vc_custom_1616667824752{margin-top: 0px !important;margin-right: 0px !important;margin-bottom: 0px !important;margin-left: 0px !important;padding-top: 0px !important;padding-right: 0px !important;padding-bottom: 0px !important;padding-left: 0px !important;}&#8221;][vc_row_inner css=&#8221;.vc_custom_1616779520161{margin-top: 20px !important;margin-right: 15px !important;margin-bottom: 0px !important;margin-left: 15px !important;padding-top: 0px !important;padding-right: 0px !important;padding-bottom: 0px !important;padding-left: 0px !important;background-color: #eff1f5 !important;}&#8221; ts_responsive_css=&#8221;27739742|colbreak_no|||||||||colbreak_no|||||||||colbreak_no|||20px|||||||colbreak_no|||||||||&#8221;][vc_column_inner width=&#8221;1\/3&#8243; css=&#8221;.vc_custom_1617018786818{margin-bottom: 0px !important;margin-left: -15px !important;padding-right: 0px !important;}&#8221; ts_responsive_css=&#8221;74393943|colbreak_no||||0px||0px||0px|colbreak_no|||||||||colbreak_no||||||||||colbreak_no|||||||||&#8221;][vc_single_image image=&#8221;9504&#8243; img_size=&#8221;full&#8221; onclick=&#8221;custom_link&#8221; css=&#8221;.vc_custom_1651050658425{margin-bottom: 0px !important;}&#8221; link=&#8221;https:\/\/www.youtube.com\/watch?v=iZmw8VcuRlc&amp;width=1000&amp;height=560&#8243; el_class=&#8221;lightboxvid&#8221;][\/vc_column_inner][vc_column_inner width=&#8221;2\/3&#8243; css=&#8221;.vc_custom_1617019097659{margin-bottom: 0px !important;margin-left: 0px !important;padding-top: 20px !important;padding-left: 0px !important;}&#8221; ts_responsive_css=&#8221;65924058|colbreak_no|||||||||colbreak_no|||||||||colbreak_no|||||20px||25px|15px||colbreak_no|||||||||&#8221;]<div class=\"ts-element-heading-wrapper ts-heading-inner ts-element-align-left ts-seperator-none  vc_custom_1625655638778 modbrovid lightboxvid\"><section class=\"ts-vc_cta3-container modbrovid lightboxvid\"><div class=\"ts-vc_general ts-vc_cta3 ts-cta3-only ts-vc_cta3-style-classic ts-vc_cta3-shape-rounded ts-vc_cta3-align-left ts-vc_cta3-color-transparent ts-vc_cta3-icon-size-md ts-vc_cta3-actions-no ts-cta3-with-desc\"><div class=\"ts-vc_cta3_content-container\"><div class=\"ts-vc_cta3-content\"><div class=\"ts-vc_cta3-content-header ts-wrap\"><div class=\"ts-vc_cta3-headers ts-wrap-cell\"><h2 style=\"font-size:16px;line-height:1.2em;\" class=\"ts-custom-heading \" ><a href=\"https:\/\/www.youtube.com\/watch?v=iZmw8VcuRlc&amp;width=1000&amp;height=560\">Masterbatch Dispersion &amp; Dilution Process<\/a><\/h2>\n<h4 style=\"font-size:12px;line-height:2em;color:#1f49b6;font-family:'Montserrat',Arial,Helvetica;font-weight:600;\" class=\"ts-custom-heading \" >VIDEO<\/h4>\n<\/div><\/div><div class=\"ts-cta3-content-wrapper\">\n<p style=\"font-size: 14px; line-height: 1.4em; margin-bottom: Opx;\">Proc\u00e9s de dispersi\u00f3 del <a href=\"https:\/\/deltatecnic.com\/ca\/\">masterbatch<\/a> i el seu \u00fas en el proc\u00e9s de transformaci\u00f3 de pl\u00e0stics.<\/p>\n<p><\/div><\/div><\/div><\/div><\/section><\/div> <!-- .ts-element-heading-wrapper container --> [\/vc_column_inner][\/vc_row_inner][\/vc_column][vc_column width=&#8221;1\/2&#8243; css=&#8221;.vc_custom_1616667851545{margin: 0px !important;padding: 0px !important;}&#8221;][vc_row_inner css=&#8221;.vc_custom_1616779593201{margin-top: 20px !important;margin-right: 15px !important;margin-bottom: 0px !important;margin-left: 15px !important;padding-top: 0px !important;padding-right: 0px !important;padding-bottom: 0px !important;padding-left: 0px !important;background-color: #eff1f5 !important;}&#8221; ts_responsive_css=&#8221;27739742|colbreak_no|||||||||colbreak_no|||||||||colbreak_no|||20px|||||||colbreak_no|||||||||&#8221;][vc_column_inner width=&#8221;1\/3&#8243; css=&#8221;.vc_custom_1627483319933{margin-bottom: 0px !important;margin-left: -15px !important;padding-right: 0px !important;}&#8221; ts_responsive_css=&#8221;74393943|colbreak_no||||0px||0px||0px|colbreak_no|||||||||colbreak_no||||||||||colbreak_no|||||||||&#8221;][vc_single_image image=&#8221;9505&#8243; img_size=&#8221;full&#8221; onclick=&#8221;custom_link&#8221; css=&#8221;.vc_custom_1651050671296{margin-bottom: 0px !important;}&#8221; link=&#8221;https:\/\/www.youtube.com\/watch?v=TNHyzNPb6qE&amp;t=76s&amp;width=1000&amp;height=560&#8243; el_class=&#8221;lightboxvid&#8221;][\/vc_column_inner][vc_column_inner width=&#8221;2\/3&#8243; css=&#8221;.vc_custom_1627483845628{margin-bottom: 0px !important;margin-left: 0px !important;padding-top: 20px !important;padding-left: 0px !important;}&#8221; ts_responsive_css=&#8221;65924058|colbreak_no||||||||15px|colbreak_no||||||||15px|colbreak_no|||||20px||25px|15px||colbreak_no|||||||||&#8221;]<div class=\"ts-element-heading-wrapper ts-heading-inner ts-element-align-left ts-seperator-none  vc_custom_1616781008535 modbrovid lightboxvid\"><section class=\"ts-vc_cta3-container modbrovid lightboxvid\"><div class=\"ts-vc_general ts-vc_cta3 ts-cta3-only ts-vc_cta3-style-classic ts-vc_cta3-shape-rounded ts-vc_cta3-align-left ts-vc_cta3-color-transparent ts-vc_cta3-icon-size-md ts-vc_cta3-actions-no ts-cta3-with-desc\"><div class=\"ts-vc_cta3_content-container\"><div class=\"ts-vc_cta3-content\"><div class=\"ts-vc_cta3-content-header ts-wrap\"><div class=\"ts-vc_cta3-headers ts-wrap-cell\"><h2 style=\"font-size:16px;line-height:1.2em;\" class=\"ts-custom-heading \" ><a href=\"https:\/\/www.youtube.com\/watch?v=TNHyzNPb6qE&amp;t=76s&amp;width=1000&amp;height=560\">Masterbatches for Cables<\/a><\/h2>\n<h4 style=\"font-size:12px;line-height:2em;color:#1f49b6;font-family:'Montserrat',Arial,Helvetica;font-weight:600;\" class=\"ts-custom-heading \" >VIDEO<\/h4>\n<\/div><\/div><div class=\"ts-cta3-content-wrapper\">\n<p style=\"font-size: 14px; line-height: 1.4em; margin-bottom: Opx;\">\u00das del <a href=\"https:\/\/deltatecnic.com\/ca\/\">masterbatch<\/a> en el proc\u00e9s de transformaci\u00f3 de pl\u00e0stic. Millora de la diluci\u00f3 amb una nova formulaci\u00f3 polim\u00e8rica i reducci\u00f3 de la grand\u00e0ria dels gr\u00e0nuls.<\/p>\n<p><\/div><\/div><\/div><\/div><\/section><\/div> <!-- .ts-element-heading-wrapper container --> [\/vc_column_inner][\/vc_row_inner][\/vc_column][\/vc_row][vc_row equal_height=&#8221;yes&#8221; ts_responsive_css=&#8221;47821711|colbreak_no|||||||||colbreak_no|||||||||colbreak_no|-30px|||||||||colbreak_no|||||||||&#8221; css=&#8221;.vc_custom_1616783374925{margin-bottom: 40px !important;}&#8221;][vc_column width=&#8221;1\/2&#8243; css=&#8221;.vc_custom_1616667824752{margin-top: 0px !important;margin-right: 0px !important;margin-bottom: 0px !important;margin-left: 0px !important;padding-top: 0px !important;padding-right: 0px !important;padding-bottom: 0px !important;padding-left: 0px !important;}&#8221;][vc_row_inner css=&#8221;.vc_custom_1616679874690{margin-top: 20px !important;margin-right: 15px !important;margin-bottom: 0px !important;margin-left: 15px !important;padding-top: 0px !important;padding-right: 0px !important;padding-bottom: 0px !important;padding-left: 0px !important;background-color: #eff1f5 !important;}&#8221; ts_responsive_css=&#8221;27739742|colbreak_no|||||||||colbreak_no|||||||||colbreak_no||||||||||colbreak_no|||||||||&#8221;][vc_column_inner width=&#8221;1\/3&#8243; css=&#8221;.vc_custom_1617019024051{margin-bottom: 0px !important;margin-left: -15px !important;padding-right: 0px !important;}&#8221; ts_responsive_css=&#8221;74393943|colbreak_no||||0px||0px||0px|colbreak_no|||||||||colbreak_no||||||||||colbreak_no|||||||||&#8221;][vc_single_image image=&#8221;9506&#8243; img_size=&#8221;full&#8221; onclick=&#8221;custom_link&#8221; css=&#8221;.vc_custom_1651050685403{margin-bottom: 0px !important;}&#8221; link=&#8221;https:\/\/youtu.be\/2o90LPcwWOA&amp;width=1000&amp;height=560&#8243; el_class=&#8221;lightboxvid&#8221;][\/vc_column_inner][vc_column_inner width=&#8221;2\/3&#8243; css=&#8221;.vc_custom_1617019148848{margin-bottom: 0px !important;margin-left: 0px !important;padding-top: 20px !important;padding-left: 0px !important;}&#8221; ts_responsive_css=&#8221;65924058|colbreak_no|||||||||colbreak_no|||||||||colbreak_no|||||20px||25px|15px||colbreak_no|||||||||&#8221;]<div class=\"ts-element-heading-wrapper ts-heading-inner ts-element-align-left ts-seperator-none  vc_custom_1623772004074 modbrovid lightboxvid\"><section class=\"ts-vc_cta3-container modbrovid lightboxvid\"><div class=\"ts-vc_general ts-vc_cta3 ts-cta3-only ts-vc_cta3-style-classic ts-vc_cta3-shape-rounded ts-vc_cta3-align-left ts-vc_cta3-color-transparent ts-vc_cta3-icon-size-md ts-vc_cta3-actions-no ts-cta3-with-desc\"><div class=\"ts-vc_cta3_content-container\"><div class=\"ts-vc_cta3-content\"><div class=\"ts-vc_cta3-content-header ts-wrap\"><div class=\"ts-vc_cta3-headers ts-wrap-cell\"><h2 style=\"font-size:16px;line-height:1.2em;\" class=\"ts-custom-heading \" ><a href=\"https:\/\/youtu.be\/2o90LPcwWOA&amp;width=1000&amp;height=560\">Masterbatches vs Colour Pigment<\/a><\/h2>\n<h4 style=\"font-size:12px;line-height:2em;color:#1f49b6;font-family:'Montserrat',Arial,Helvetica;font-weight:600;\" class=\"ts-custom-heading \" >VIDEO<\/h4>\n<\/div><\/div><div class=\"ts-cta3-content-wrapper\">\n<p style=\"font-size: 14px; line-height: 1.4em; margin-bottom: Opx;\">\u00das de Masterbatches vs <a href=\"https:\/\/deltatecnic.com\/ca\/trading-pigments\/\">Pigments de color<\/a> en el proc\u00e9s de transformaci\u00f3 de PVC.<\/p>\n<p><\/div><\/div><\/div><\/div><\/section><\/div> <!-- .ts-element-heading-wrapper container --> [\/vc_column_inner][\/vc_row_inner][\/vc_column][vc_column width=&#8221;1\/2&#8243; css=&#8221;.vc_custom_1616667851545{margin: 0px !important;padding: 0px !important;}&#8221;][vc_row_inner css=&#8221;.vc_custom_1616679874690{margin-top: 20px !important;margin-right: 15px !important;margin-bottom: 0px !important;margin-left: 15px !important;padding-top: 0px !important;padding-right: 0px !important;padding-bottom: 0px !important;padding-left: 0px !important;background-color: #eff1f5 !important;}&#8221; ts_responsive_css=&#8221;27739742|colbreak_no|||||||||colbreak_no|||||||||colbreak_no||||||||||colbreak_no|||||||||&#8221;][vc_column_inner width=&#8221;1\/3&#8243; css=&#8221;.vc_custom_1617019032734{margin-bottom: 0px !important;margin-left: -15px !important;padding-right: 0px !important;}&#8221; ts_responsive_css=&#8221;74393943|colbreak_no||||0px||0px||0px|colbreak_no|||||||||colbreak_no||||||||||colbreak_no|||||||||&#8221;][vc_single_image image=&#8221;9507&#8243; img_size=&#8221;full&#8221; onclick=&#8221;custom_link&#8221; css=&#8221;.vc_custom_1651050699527{margin-bottom: 0px !important;}&#8221; link=&#8221;https:\/\/www.youtube.com\/watch?v=pMUfwR-zx0U&amp;t=1s&amp;width=1000&amp;height=560&#8243; el_class=&#8221;lightboxvid&#8221;][\/vc_column_inner][vc_column_inner width=&#8221;2\/3&#8243; css=&#8221;.vc_custom_1617019157848{margin-bottom: 0px !important;margin-left: 0px !important;padding-top: 20px !important;padding-left: 0px !important;}&#8221; ts_responsive_css=&#8221;65924058|colbreak_no|||||||||colbreak_no|||||||||colbreak_no|||||20px||25px|15px||colbreak_no|||||||||&#8221;]<div class=\"ts-element-heading-wrapper ts-heading-inner ts-element-align-left ts-seperator-none  vc_custom_1616784130783 modbrovid lightboxvid\"><section class=\"ts-vc_cta3-container modbrovid lightboxvid\"><div class=\"ts-vc_general ts-vc_cta3 ts-cta3-only ts-vc_cta3-style-classic ts-vc_cta3-shape-rounded ts-vc_cta3-align-left ts-vc_cta3-color-transparent ts-vc_cta3-icon-size-md ts-vc_cta3-actions-no ts-cta3-with-desc\"><div class=\"ts-vc_cta3_content-container\"><div class=\"ts-vc_cta3-content\"><div class=\"ts-vc_cta3-content-header ts-wrap\"><div class=\"ts-vc_cta3-headers ts-wrap-cell\"><h2 style=\"font-size:16px;line-height:1.2em;\" class=\"ts-custom-heading \" ><a href=\"https:\/\/youtu.be\/meDhbc6D8hc&amp;width=1000&amp;height=560\">Masterbatches for Profiles<\/a><\/h2>\n<h4 style=\"font-size:12px;line-height:2em;color:#1f49b6;font-family:'Montserrat',Arial,Helvetica;font-weight:600;\" class=\"ts-custom-heading \" >VIDEO<\/h4>\n<\/div><\/div><div class=\"ts-cta3-content-wrapper\">\n<p style=\"font-size: 14px; line-height: 1.4em; margin-bottom: Opx;\">Nous masterbatches formulats tecnol\u00f2gicament amb una diluci\u00f3 m\u00e9s r\u00e0pida i millor.<\/p>\n<p><\/div><\/div><\/div><\/div><\/section><\/div> <!-- .ts-element-heading-wrapper container --> [\/vc_column_inner][\/vc_row_inner][\/vc_column][\/vc_row]<\/p>\n","protected":false},"excerpt":{"rendered":"<p>[vc_row css=&#8221;.vc_custom_1616779701356{margin-top: 10px !important;}&#8221;][vc_column][\/vc_column][\/vc_row][vc_row equal_height=&#8221;yes&#8221;][vc_column width=&#8221;1\/2&#8243; css=&#8221;.vc_custom_1616667824752{margin-top: 0px !important;margin-right: 0px !important;margin-bottom: 0px !important;margin-left: 0px !important;padding-top: 0px !important;padding-right: 0px !important;padding-bottom: 0px !important;padding-left: 0px !important;}&#8221;][vc_row_inner css=&#8221;.vc_custom_1616779520161{margin-top: 20px !important;margin-right: 15px !important;margin-bottom: 0px !important;margin-left: 15px !important;padding-top: 0px !important;padding-right: 0px !important;padding-bottom: 0px !important;padding-left: 0px !important;background-color: #eff1f5 !important;}&#8221; ts_responsive_css=&#8221;27739742|colbreak_no|||||||||colbreak_no|||||||||colbreak_no|||20px|||||||colbreak_no|||||||||&#8221;][vc_column_inner width=&#8221;1\/3&#8243; css=&#8221;.vc_custom_1617018786818{margin-bottom: 0px !important;margin-left: -15px !important;padding-right: 0px !important;}&#8221; ts_responsive_css=&#8221;74393943|colbreak_no||||0px||0px||0px|colbreak_no|||||||||colbreak_no||||||||||colbreak_no|||||||||&#8221;][vc_single_image image=&#8221;9504&#8243; img_size=&#8221;full&#8221; onclick=&#8221;custom_link&#8221; &hellip; <a href=\"https:\/\/deltatecnic.com\/ca\/webinars-videos-2\/\" class=\"more-link\" title=\"Continue reading <span class=\"screen-reader-text\">Webinars &amp; Videos<\/span>&#8220;>Continue reading <span class=\"screen-reader-text\">Webinars &amp; Videos<\/span><\/a><\/p>\n","protected":false},"author":1,"featured_media":0,"parent":0,"menu_order":0,"comment_status":"closed","ping_status":"closed","template":"","meta":{"content-type":"","footnotes":""},"class_list":["post-11945","page","type-page","status-publish","hentry"],"yoast_head":"<!-- This site is optimized with the Yoast SEO plugin v27.1.1 - https:\/\/yoast.com\/product\/yoast-seo-wordpress\/ -->\n<title>V\u00eddeos y webinars de DeltaTecnic<\/title>\n<meta name=\"description\" content=\"Descobreix els nostres webinars i v\u00eddeos a Delta Tecnic. Apr\u00e8n sobre les nostres innovacions i solucions a masterbatch, additius i pigments.\" \/>\n<meta name=\"robots\" content=\"index, follow, max-snippet:-1, max-image-preview:large, max-video-preview:-1\" \/>\n<link rel=\"canonical\" href=\"https:\/\/deltatecnic.com\/ca\/webinars-videos-2\/\" \/>\n<meta property=\"og:locale\" content=\"ca_ES\" \/>\n<meta property=\"og:type\" content=\"article\" \/>\n<meta property=\"og:title\" content=\"V\u00eddeos y webinars de DeltaTecnic\" \/>\n<meta property=\"og:description\" content=\"Descobreix els nostres webinars i v\u00eddeos a Delta Tecnic. Apr\u00e8n sobre les nostres innovacions i solucions a masterbatch, additius i pigments.\" \/>\n<meta property=\"og:url\" content=\"https:\/\/deltatecnic.com\/ca\/webinars-videos-2\/\" \/>\n<meta property=\"og:site_name\" content=\"Delta Tecnic\" \/>\n<meta property=\"article:modified_time\" content=\"2024-06-20T10:38:15+00:00\" \/>\n<meta name=\"twitter:card\" content=\"summary_large_image\" \/>\n<meta name=\"twitter:label1\" content=\"Temps estimat de lectura\" \/>\n\t<meta name=\"twitter:data1\" content=\"2 minuts\" \/>\n<!-- \/ Yoast SEO plugin. -->","yoast_head_json":{"title":"V\u00eddeos y webinars de DeltaTecnic","description":"Descobreix els nostres webinars i v\u00eddeos a Delta Tecnic. Apr\u00e8n sobre les nostres innovacions i solucions a masterbatch, additius i pigments.","robots":{"index":"index","follow":"follow","max-snippet":"max-snippet:-1","max-image-preview":"max-image-preview:large","max-video-preview":"max-video-preview:-1"},"canonical":"https:\/\/deltatecnic.com\/ca\/webinars-videos-2\/","og_locale":"ca_ES","og_type":"article","og_title":"V\u00eddeos y webinars de DeltaTecnic","og_description":"Descobreix els nostres webinars i v\u00eddeos a Delta Tecnic. Apr\u00e8n sobre les nostres innovacions i solucions a masterbatch, additius i pigments.","og_url":"https:\/\/deltatecnic.com\/ca\/webinars-videos-2\/","og_site_name":"Delta Tecnic","article_modified_time":"2024-06-20T10:38:15+00:00","twitter_card":"summary_large_image","twitter_misc":{"Temps estimat de lectura":"2 minuts"},"schema":{"@context":"https:\/\/schema.org","@graph":[{"@type":"WebPage","@id":"https:\/\/deltatecnic.com\/ca\/webinars-videos-2\/","url":"https:\/\/deltatecnic.com\/ca\/webinars-videos-2\/","name":"V\u00eddeos y webinars de DeltaTecnic","isPartOf":{"@id":"https:\/\/deltatecnic.com\/ca\/#website"},"datePublished":"2021-03-24T15:40:14+00:00","dateModified":"2024-06-20T10:38:15+00:00","description":"Descobreix els nostres webinars i v\u00eddeos a Delta Tecnic. Apr\u00e8n sobre les nostres innovacions i solucions a masterbatch, additius i pigments.","breadcrumb":{"@id":"https:\/\/deltatecnic.com\/ca\/webinars-videos-2\/#breadcrumb"},"inLanguage":"ca","potentialAction":[{"@type":"ReadAction","target":["https:\/\/deltatecnic.com\/ca\/webinars-videos-2\/"]}]},{"@type":"BreadcrumbList","@id":"https:\/\/deltatecnic.com\/ca\/webinars-videos-2\/#breadcrumb","itemListElement":[{"@type":"ListItem","position":1,"name":"Inici","item":"https:\/\/deltatecnic.com\/ca\/"},{"@type":"ListItem","position":2,"name":"Webinars &amp; Videos"}]},{"@type":"WebSite","@id":"https:\/\/deltatecnic.com\/ca\/#website","url":"https:\/\/deltatecnic.com\/ca\/","name":"Delta Tecnic","description":"Bringing colour to life","potentialAction":[{"@type":"SearchAction","target":{"@type":"EntryPoint","urlTemplate":"https:\/\/deltatecnic.com\/ca\/?s={search_term_string}"},"query-input":{"@type":"PropertyValueSpecification","valueRequired":true,"valueName":"search_term_string"}}],"inLanguage":"ca"}]}},"_links":{"self":[{"href":"https:\/\/deltatecnic.com\/ca\/wp-json\/wp\/v2\/pages\/11945","targetHints":{"allow":["GET"]}}],"collection":[{"href":"https:\/\/deltatecnic.com\/ca\/wp-json\/wp\/v2\/pages"}],"about":[{"href":"https:\/\/deltatecnic.com\/ca\/wp-json\/wp\/v2\/types\/page"}],"author":[{"embeddable":true,"href":"https:\/\/deltatecnic.com\/ca\/wp-json\/wp\/v2\/users\/1"}],"replies":[{"embeddable":true,"href":"https:\/\/deltatecnic.com\/ca\/wp-json\/wp\/v2\/comments?post=11945"}],"version-history":[{"count":0,"href":"https:\/\/deltatecnic.com\/ca\/wp-json\/wp\/v2\/pages\/11945\/revisions"}],"wp:attachment":[{"href":"https:\/\/deltatecnic.com\/ca\/wp-json\/wp\/v2\/media?parent=11945"}],"curies":[{"name":"wp","href":"https:\/\/api.w.org\/{rel}","templated":true}]}}