{"id":11933,"date":"2021-03-11T14:27:35","date_gmt":"2021-03-11T13:27:35","guid":{"rendered":"https:\/\/deltatecnic.com\/deltacolor-pvc-2\/conductive-pvc-compounds\/"},"modified":"2024-10-15T13:06:34","modified_gmt":"2024-10-15T11:06:34","slug":"conductive-pvc-compounds","status":"publish","type":"page","link":"https:\/\/deltatecnic.com\/ca\/deltacolor-pvc\/conductive-pvc-compounds\/","title":{"rendered":"Compostos conductius PVC"},"content":{"rendered":"<p>[vc_row][vc_column][vc_single_image image=&#8221;8359&#8243; img_size=&#8221;full&#8221;]<h2 style=\"text-align:left;font-size:34px;line-height:1em;font-family:'Montserrat',Arial,Helvetica;font-weight:400;\" class=\"ts-custom-heading vc_custom_1649955885415\" ><strong>CONDUCTIVE PVC COMPOUNDS<\/strong><br \/>\nGAMMA DE COMPOSTOS CONDUCTIUS PVC<\/h2>\n[vc_column_text]<strong>Delta Tecnic desenvolupa una gamma de compostos de PVC conductors d&#8217;electricitat que redueixen en gran manera el risc de desc\u00e0rrega d&#8217;energia electroest\u00e0tica.<\/strong><\/p>\n<p>Les propietats dels nostres compostos de PVC conductors s\u00f3n permanents i no depenen de la temperatura o la humitat.<\/p>\n<p>Els compostos conductius de PVC tenen una s\u00e8rie d&#8217;avantatges sobre els metalls o els revestiments tensioactius en el sentit que les seves peces acabades s\u00f3n m\u00e9s lleugeres i m\u00e9s f\u00e0cils de manipular. La seva fabricaci\u00f3 sol ser m\u00e9s f\u00e0cil i menys costosa a causa de l&#8217;eliminaci\u00f3 de processos secundaris.<\/p>\n<p>Els nostres compostos ofereixen confiabilitat i valor per a aplicacions que requereixen dissipaci\u00f3 de c\u00e0rregues est\u00e0tiques o protecci\u00f3 contra desc\u00e0rregues electroest\u00e0tiques.<\/p>\n<p>Delta Tecnic utilitza diferents tecnologies per a impartir conductivitat al compost de PVC, oferint diferents enfocaments per a aconseguir el grau exacte de conductivitat requerit per a l&#8217;aplicaci\u00f3, ja sigui protecci\u00f3 permanent antiest\u00e0tica, dissipadora d&#8217;est\u00e0tica o ESD.[\/vc_column_text][vc_row_inner css=&#8221;.vc_custom_1611314242189{margin-top: 20px !important;}&#8221;][vc_column_inner width=&#8221;2\/3&#8243;][vc_single_image image=&#8221;9293&#8243; img_size=&#8221;full&#8221; alignment=&#8221;center&#8221;][\/vc_column_inner][vc_column_inner width=&#8221;1\/3&#8243; ts_responsive_css=&#8221;37923186|colbreak_no|||||20px||||colbreak_no|||||||||colbreak_no|||||0px|||||colbreak_no|||||||||&#8221; css=&#8221;.vc_custom_1611346964963{padding-top: 50px !important;}&#8221;]\r\n\t\t<div class=\"ts-vc_btn3-container ts-vc_btn3-center vc_custom_1649955854657\"><a class=\"ts-vc_general ts-vc_btn3 ts-vc_btn3-size-sm ts-vc_btn3-shape-square ts-vc_btn3-style-flat ts-vc_btn3-weight-no ts-vc_btn3-block ts-vc_btn3-color-black\" href=\"https:\/\/deltatecnic.com\/ca\/solucions-masterbatch\/\" title=\"Solucions Masterbatch\">SOLUCIONS MASTERBATCH<\/a><\/div>[\/vc_column_inner][\/vc_row_inner][\/vc_column][\/vc_row]<\/p>\n","protected":false},"excerpt":{"rendered":"<p>[vc_row][vc_column][vc_single_image image=&#8221;8359&#8243; img_size=&#8221;full&#8221;][vc_column_text]Delta Tecnic desenvolupa una gamma de compostos de PVC conductors d&#8217;electricitat que redueixen en gran manera el risc de desc\u00e0rrega d&#8217;energia electroest\u00e0tica. Les propietats dels nostres compostos de PVC conductors s\u00f3n permanents i no depenen de la temperatura o la humitat. Els compostos conductius de PVC tenen una s\u00e8rie d&#8217;avantatges sobre els metalls &hellip; <a href=\"https:\/\/deltatecnic.com\/ca\/deltacolor-pvc\/conductive-pvc-compounds\/\" class=\"more-link\" title=\"Continue reading <span class=\"screen-reader-text\">Compostos conductius PVC<\/span>&#8220;>Continue reading <span class=\"screen-reader-text\">Compostos conductius PVC<\/span><\/a><\/p>\n","protected":false},"author":1,"featured_media":0,"parent":11917,"menu_order":0,"comment_status":"closed","ping_status":"closed","template":"","meta":{"content-type":"","footnotes":""},"class_list":["post-11933","page","type-page","status-publish","hentry"],"yoast_head":"<!-- This site is optimized with the Yoast SEO plugin v27.1.1 - https:\/\/yoast.com\/product\/yoast-seo-wordpress\/ -->\n<title>Compostos conductius PVC | Delta Tecnic<\/title>\n<meta name=\"description\" content=\"Delta Tecnic desenvolupa una gamma de compostos PVC conductors d\u2019electricitat que redueixen en gran manera el risc de desc\u00e0rrega d\u2019energia electroest\u00e0tica\" \/>\n<meta name=\"robots\" content=\"index, follow, max-snippet:-1, max-image-preview:large, max-video-preview:-1\" \/>\n<link rel=\"canonical\" href=\"https:\/\/deltatecnic.com\/ca\/deltacolor-pvc\/conductive-pvc-compounds\/\" \/>\n<meta property=\"og:locale\" content=\"ca_ES\" \/>\n<meta property=\"og:type\" content=\"article\" \/>\n<meta property=\"og:title\" content=\"Compostos conductius PVC | Delta Tecnic\" \/>\n<meta property=\"og:description\" content=\"Delta Tecnic desenvolupa una gamma de compostos PVC conductors d\u2019electricitat que redueixen en gran manera el risc de desc\u00e0rrega d\u2019energia electroest\u00e0tica\" \/>\n<meta property=\"og:url\" content=\"https:\/\/deltatecnic.com\/ca\/deltacolor-pvc\/conductive-pvc-compounds\/\" \/>\n<meta property=\"og:site_name\" content=\"Delta Tecnic\" \/>\n<meta property=\"article:modified_time\" content=\"2024-10-15T11:06:34+00:00\" \/>\n<meta name=\"twitter:card\" content=\"summary_large_image\" \/>\n<meta name=\"twitter:label1\" content=\"Temps estimat de lectura\" \/>\n\t<meta name=\"twitter:data1\" content=\"2 minuts\" \/>\n<!-- \/ Yoast SEO plugin. -->","yoast_head_json":{"title":"Compostos conductius PVC | Delta Tecnic","description":"Delta Tecnic desenvolupa una gamma de compostos PVC conductors d\u2019electricitat que redueixen en gran manera el risc de desc\u00e0rrega d\u2019energia electroest\u00e0tica","robots":{"index":"index","follow":"follow","max-snippet":"max-snippet:-1","max-image-preview":"max-image-preview:large","max-video-preview":"max-video-preview:-1"},"canonical":"https:\/\/deltatecnic.com\/ca\/deltacolor-pvc\/conductive-pvc-compounds\/","og_locale":"ca_ES","og_type":"article","og_title":"Compostos conductius PVC | Delta Tecnic","og_description":"Delta Tecnic desenvolupa una gamma de compostos PVC conductors d\u2019electricitat que redueixen en gran manera el risc de desc\u00e0rrega d\u2019energia electroest\u00e0tica","og_url":"https:\/\/deltatecnic.com\/ca\/deltacolor-pvc\/conductive-pvc-compounds\/","og_site_name":"Delta Tecnic","article_modified_time":"2024-10-15T11:06:34+00:00","twitter_card":"summary_large_image","twitter_misc":{"Temps estimat de lectura":"2 minuts"},"schema":{"@context":"https:\/\/schema.org","@graph":[{"@type":"WebPage","@id":"https:\/\/deltatecnic.com\/ca\/deltacolor-pvc\/conductive-pvc-compounds\/","url":"https:\/\/deltatecnic.com\/ca\/deltacolor-pvc\/conductive-pvc-compounds\/","name":"Compostos conductius PVC | Delta Tecnic","isPartOf":{"@id":"https:\/\/deltatecnic.com\/ca\/#website"},"datePublished":"2021-03-11T13:27:35+00:00","dateModified":"2024-10-15T11:06:34+00:00","description":"Delta Tecnic desenvolupa una gamma de compostos PVC conductors d\u2019electricitat que redueixen en gran manera el risc de desc\u00e0rrega d\u2019energia electroest\u00e0tica","breadcrumb":{"@id":"https:\/\/deltatecnic.com\/ca\/deltacolor-pvc\/conductive-pvc-compounds\/#breadcrumb"},"inLanguage":"ca","potentialAction":[{"@type":"ReadAction","target":["https:\/\/deltatecnic.com\/ca\/deltacolor-pvc\/conductive-pvc-compounds\/"]}]},{"@type":"BreadcrumbList","@id":"https:\/\/deltatecnic.com\/ca\/deltacolor-pvc\/conductive-pvc-compounds\/#breadcrumb","itemListElement":[{"@type":"ListItem","position":1,"name":"Inici","item":"https:\/\/deltatecnic.com\/ca\/"},{"@type":"ListItem","position":2,"name":"Deltacolor PVC","item":"https:\/\/deltatecnic.com\/ca\/deltacolor-pvc\/"},{"@type":"ListItem","position":3,"name":"Compostos conductius PVC"}]},{"@type":"WebSite","@id":"https:\/\/deltatecnic.com\/ca\/#website","url":"https:\/\/deltatecnic.com\/ca\/","name":"Delta Tecnic","description":"Bringing colour to life","potentialAction":[{"@type":"SearchAction","target":{"@type":"EntryPoint","urlTemplate":"https:\/\/deltatecnic.com\/ca\/?s={search_term_string}"},"query-input":{"@type":"PropertyValueSpecification","valueRequired":true,"valueName":"search_term_string"}}],"inLanguage":"ca"}]}},"_links":{"self":[{"href":"https:\/\/deltatecnic.com\/ca\/wp-json\/wp\/v2\/pages\/11933","targetHints":{"allow":["GET"]}}],"collection":[{"href":"https:\/\/deltatecnic.com\/ca\/wp-json\/wp\/v2\/pages"}],"about":[{"href":"https:\/\/deltatecnic.com\/ca\/wp-json\/wp\/v2\/types\/page"}],"author":[{"embeddable":true,"href":"https:\/\/deltatecnic.com\/ca\/wp-json\/wp\/v2\/users\/1"}],"replies":[{"embeddable":true,"href":"https:\/\/deltatecnic.com\/ca\/wp-json\/wp\/v2\/comments?post=11933"}],"version-history":[{"count":0,"href":"https:\/\/deltatecnic.com\/ca\/wp-json\/wp\/v2\/pages\/11933\/revisions"}],"up":[{"embeddable":true,"href":"https:\/\/deltatecnic.com\/ca\/wp-json\/wp\/v2\/pages\/11917"}],"wp:attachment":[{"href":"https:\/\/deltatecnic.com\/ca\/wp-json\/wp\/v2\/media?parent=11933"}],"curies":[{"name":"wp","href":"https:\/\/api.w.org\/{rel}","templated":true}]}}