{"id":11930,"date":"2020-12-22T16:58:51","date_gmt":"2020-12-22T15:58:51","guid":{"rendered":"https:\/\/deltatecnic.com\/deltacolor-pvc-2\/black-pvc-masterbatches\/"},"modified":"2024-03-22T11:59:28","modified_gmt":"2024-03-22T10:59:28","slug":"black-pvc-masterbatches","status":"publish","type":"page","link":"https:\/\/deltatecnic.com\/ca\/deltacolor-pvc\/black-pvc-masterbatches\/","title":{"rendered":"Masterbatches Negres PVC"},"content":{"rendered":"<p>[vc_row][vc_column][vc_single_image image=&#8221;8359&#8243; img_size=&#8221;full&#8221;]<h2 style=\"text-align:left;font-size:34px;line-height:1em;font-family:'Montserrat',Arial,Helvetica;font-weight:400;\" class=\"ts-custom-heading vc_custom_1622112616167\" ><strong>BLACK PVC MASTERBATCHES<\/strong><br \/>\nPVC-BASED BLACK MASTERBATCHES<br \/>\nFOR ALL INDUSTRIES<\/h2>\n[vc_column_text]<strong>Comptem amb una \u00e0mplia gamma de solucions per a ajudar a incorporar el color en els compostos de PVC.<\/strong> L&#8217;\u00fas de pigments per a resoldre un color en compostos de PVC implica una s\u00e8rie de problemes que l&#8217;\u00fas de <a href=\"https:\/\/deltatecnic.com\/ca\/\">Masterbatches<\/a> ajuda a evitar. L&#8217;\u00fas dels nostres Masterbatches augmenta la productivitat i l&#8217;efici\u00e8ncia de les plantes de fabricaci\u00f3 de compostos de PVC.[\/vc_column_text][vc_row_inner css=&#8221;.vc_custom_1611314242189{margin-top: 20px !important;}&#8221;][vc_column_inner width=&#8221;2\/3&#8243;][vc_single_image image=&#8221;9291&#8243; img_size=&#8221;full&#8221; alignment=&#8221;center&#8221;][\/vc_column_inner][vc_column_inner width=&#8221;1\/3&#8243; ts_responsive_css=&#8221;37923186|colbreak_no|||||20px||||colbreak_no|||||||||colbreak_no|||||0px|||||colbreak_no|||||||||&#8221; css=&#8221;.vc_custom_1611346964963{padding-top: 50px !important;}&#8221;]\r\n\t\t<div class=\"ts-vc_btn3-container ts-vc_btn3-center vc_custom_1651670089173\"><a class=\"ts-vc_general ts-vc_btn3 ts-vc_btn3-size-sm ts-vc_btn3-shape-square ts-vc_btn3-style-flat ts-vc_btn3-weight-no ts-vc_btn3-block ts-vc_btn3-color-black\" href=\"https:\/\/deltatecnic.com\/ca\/solucions-masterbatch\/\" title=\"Masterbatch Solutions\">SOLUCIONS MASTERBATCH<\/a><\/div>[\/vc_column_inner][\/vc_row_inner][\/vc_column][\/vc_row]<\/p>\n","protected":false},"excerpt":{"rendered":"<p>[vc_row][vc_column][vc_single_image image=&#8221;8359&#8243; img_size=&#8221;full&#8221;][vc_column_text]Comptem amb una \u00e0mplia gamma de solucions per a ajudar a incorporar el color en els compostos de PVC. L&#8217;\u00fas de pigments per a resoldre un color en compostos de PVC implica una s\u00e8rie de problemes que l&#8217;\u00fas de Masterbatches ajuda a evitar. L&#8217;\u00fas dels nostres Masterbatches augmenta la productivitat i l&#8217;efici\u00e8ncia de &hellip; <a href=\"https:\/\/deltatecnic.com\/ca\/deltacolor-pvc\/black-pvc-masterbatches\/\" class=\"more-link\" title=\"Continue reading <span class=\"screen-reader-text\">Masterbatches Negres PVC<\/span>&#8220;>Continue reading <span class=\"screen-reader-text\">Masterbatches Negres PVC<\/span><\/a><\/p>\n","protected":false},"author":1,"featured_media":0,"parent":11917,"menu_order":0,"comment_status":"closed","ping_status":"closed","template":"","meta":{"content-type":"","footnotes":""},"class_list":["post-11930","page","type-page","status-publish","hentry"],"yoast_head":"<!-- This site is optimized with the Yoast SEO plugin v27.1.1 - https:\/\/yoast.com\/product\/yoast-seo-wordpress\/ -->\n<title>Masterbatch de PVC negre | Delta Tecnic<\/title>\n<meta name=\"description\" content=\"Delta Tecnic - L\u2019\u00fas dels nostres Masterbatches augmenta la productivitat i l\u2019efici\u00e8ncia de les plantes de fabricaci\u00f3 de compostos de PVC. Informa&#039;t.\" \/>\n<meta name=\"robots\" content=\"index, follow, max-snippet:-1, max-image-preview:large, max-video-preview:-1\" \/>\n<link rel=\"canonical\" href=\"https:\/\/deltatecnic.com\/ca\/deltacolor-pvc\/black-pvc-masterbatches\/\" \/>\n<meta property=\"og:locale\" content=\"ca_ES\" \/>\n<meta property=\"og:type\" content=\"article\" \/>\n<meta property=\"og:title\" content=\"Masterbatch de PVC negre | Delta Tecnic\" \/>\n<meta property=\"og:description\" content=\"Delta Tecnic - L\u2019\u00fas dels nostres Masterbatches augmenta la productivitat i l\u2019efici\u00e8ncia de les plantes de fabricaci\u00f3 de compostos de PVC. Informa&#039;t.\" \/>\n<meta property=\"og:url\" content=\"https:\/\/deltatecnic.com\/ca\/deltacolor-pvc\/black-pvc-masterbatches\/\" \/>\n<meta property=\"og:site_name\" content=\"Delta Tecnic\" \/>\n<meta property=\"article:modified_time\" content=\"2024-03-22T10:59:28+00:00\" \/>\n<meta name=\"twitter:card\" content=\"summary_large_image\" \/>\n<meta name=\"twitter:label1\" content=\"Temps estimat de lectura\" \/>\n\t<meta name=\"twitter:data1\" content=\"1 minut\" \/>\n<!-- \/ Yoast SEO plugin. -->","yoast_head_json":{"title":"Masterbatch de PVC negre | Delta Tecnic","description":"Delta Tecnic - L\u2019\u00fas dels nostres Masterbatches augmenta la productivitat i l\u2019efici\u00e8ncia de les plantes de fabricaci\u00f3 de compostos de PVC. Informa't.","robots":{"index":"index","follow":"follow","max-snippet":"max-snippet:-1","max-image-preview":"max-image-preview:large","max-video-preview":"max-video-preview:-1"},"canonical":"https:\/\/deltatecnic.com\/ca\/deltacolor-pvc\/black-pvc-masterbatches\/","og_locale":"ca_ES","og_type":"article","og_title":"Masterbatch de PVC negre | Delta Tecnic","og_description":"Delta Tecnic - L\u2019\u00fas dels nostres Masterbatches augmenta la productivitat i l\u2019efici\u00e8ncia de les plantes de fabricaci\u00f3 de compostos de PVC. Informa't.","og_url":"https:\/\/deltatecnic.com\/ca\/deltacolor-pvc\/black-pvc-masterbatches\/","og_site_name":"Delta Tecnic","article_modified_time":"2024-03-22T10:59:28+00:00","twitter_card":"summary_large_image","twitter_misc":{"Temps estimat de lectura":"1 minut"},"schema":{"@context":"https:\/\/schema.org","@graph":[{"@type":"WebPage","@id":"https:\/\/deltatecnic.com\/ca\/deltacolor-pvc\/black-pvc-masterbatches\/","url":"https:\/\/deltatecnic.com\/ca\/deltacolor-pvc\/black-pvc-masterbatches\/","name":"Masterbatch de PVC negre | Delta Tecnic","isPartOf":{"@id":"https:\/\/deltatecnic.com\/ca\/#website"},"datePublished":"2020-12-22T15:58:51+00:00","dateModified":"2024-03-22T10:59:28+00:00","description":"Delta Tecnic - L\u2019\u00fas dels nostres Masterbatches augmenta la productivitat i l\u2019efici\u00e8ncia de les plantes de fabricaci\u00f3 de compostos de PVC. Informa't.","breadcrumb":{"@id":"https:\/\/deltatecnic.com\/ca\/deltacolor-pvc\/black-pvc-masterbatches\/#breadcrumb"},"inLanguage":"ca","potentialAction":[{"@type":"ReadAction","target":["https:\/\/deltatecnic.com\/ca\/deltacolor-pvc\/black-pvc-masterbatches\/"]}]},{"@type":"BreadcrumbList","@id":"https:\/\/deltatecnic.com\/ca\/deltacolor-pvc\/black-pvc-masterbatches\/#breadcrumb","itemListElement":[{"@type":"ListItem","position":1,"name":"Inici","item":"https:\/\/deltatecnic.com\/ca\/"},{"@type":"ListItem","position":2,"name":"Deltacolor PVC","item":"https:\/\/deltatecnic.com\/ca\/deltacolor-pvc\/"},{"@type":"ListItem","position":3,"name":"Masterbatches Negres PVC"}]},{"@type":"WebSite","@id":"https:\/\/deltatecnic.com\/ca\/#website","url":"https:\/\/deltatecnic.com\/ca\/","name":"Delta Tecnic","description":"Bringing colour to life","potentialAction":[{"@type":"SearchAction","target":{"@type":"EntryPoint","urlTemplate":"https:\/\/deltatecnic.com\/ca\/?s={search_term_string}"},"query-input":{"@type":"PropertyValueSpecification","valueRequired":true,"valueName":"search_term_string"}}],"inLanguage":"ca"}]}},"_links":{"self":[{"href":"https:\/\/deltatecnic.com\/ca\/wp-json\/wp\/v2\/pages\/11930","targetHints":{"allow":["GET"]}}],"collection":[{"href":"https:\/\/deltatecnic.com\/ca\/wp-json\/wp\/v2\/pages"}],"about":[{"href":"https:\/\/deltatecnic.com\/ca\/wp-json\/wp\/v2\/types\/page"}],"author":[{"embeddable":true,"href":"https:\/\/deltatecnic.com\/ca\/wp-json\/wp\/v2\/users\/1"}],"replies":[{"embeddable":true,"href":"https:\/\/deltatecnic.com\/ca\/wp-json\/wp\/v2\/comments?post=11930"}],"version-history":[{"count":0,"href":"https:\/\/deltatecnic.com\/ca\/wp-json\/wp\/v2\/pages\/11930\/revisions"}],"up":[{"embeddable":true,"href":"https:\/\/deltatecnic.com\/ca\/wp-json\/wp\/v2\/pages\/11917"}],"wp:attachment":[{"href":"https:\/\/deltatecnic.com\/ca\/wp-json\/wp\/v2\/media?parent=11930"}],"curies":[{"name":"wp","href":"https:\/\/api.w.org\/{rel}","templated":true}]}}