{"id":11923,"date":"2020-12-22T16:45:48","date_gmt":"2020-12-22T15:45:48","guid":{"rendered":"https:\/\/deltatecnic.com\/deltacolor-pvc-2\/pantalles\/"},"modified":"2024-03-22T11:25:07","modified_gmt":"2024-03-22T10:25:07","slug":"pantalles","status":"publish","type":"page","link":"https:\/\/deltatecnic.com\/ca\/deltacolor-pvc\/pantalles\/","title":{"rendered":"PANTALLES"},"content":{"rendered":"<p>[vc_row][vc_column][vc_single_image image=&#8221;8359&#8243; img_size=&#8221;full&#8221;]<h2 style=\"text-align:left;font-size:34px;line-height:1em;font-family:'Montserrat',Arial,Helvetica;font-weight:400;\" class=\"ts-custom-heading vc_custom_1650955045870\" ><strong>PANTALLES<\/strong><br \/>\nGAMMA DE PANTALLES DE COLORS EST\u00c0NDARD I MASTERBATCHES TAYLORMADE QUE COBREIXEN TOTA LA GAMMA DE COLORS<\/h2>\n[vc_column_text]Disposem d&#8217;una \u00e0mplia <a href=\"https:\/\/deltatecnic.com\/ca\/solucions-masterbatch\/\">gamma de Masterbatches<\/a> d&#8217;un sol pigment blanc tenyits per a aconseguir diferents graus d&#8217;opacitat i blancor.[\/vc_column_text][\/vc_column][\/vc_row][vc_row][vc_column][vc_tta_accordion active_section=&#8221;0&#8243; collapsible_all=&#8221;true&#8221; el_class=&#8221;bloc-cable05&#8243;][vc_tta_section title=&#8221;Single pigment CPS&#8221; tab_id=&#8221;ac07-single-pigment-cps&#8221; el_class=&#8221;tit-acord-dc&#8221;][vc_column_text]Delta Tecnic disposa d&#8217;una \u00e0mplia gamma de colors d&#8217;un sol pigment en forma de criopellet, d&#8217;una grand\u00e0ria inferior a 1 mm, i pot oferir Masterbatches produ\u00efts amb pigments de diferents fabricants per a cobrir tota la gamma de colors. Sota demanda podem fabricar un criopellet de pigment sol\u00b7licitat pel client, amb l&#8217;\u00fanica limitaci\u00f3 d&#8217;una producci\u00f3 m\u00ednima de 300 kg.[\/vc_column_text][vc_row_inner css=&#8221;.vc_custom_1611314242189{margin-top: 20px !important;}&#8221;][vc_column_inner width=&#8221;2\/3&#8243;][vc_single_image image=&#8221;9289&#8243; img_size=&#8221;full&#8221; alignment=&#8221;center&#8221;][\/vc_column_inner][vc_column_inner width=&#8221;1\/3&#8243; ts_responsive_css=&#8221;37923186|colbreak_no|||||20px||||colbreak_no|||||||||colbreak_no|||||20px|||||colbreak_no|||||||||&#8221; css=&#8221;.vc_custom_1615466448255{padding-top: 0px !important;}&#8221;]\r\n\t\t<div class=\"ts-vc_btn3-container  boto_ca01 ts-vc_btn3-center vc_custom_1651669980146\"><a class=\"ts-vc_general ts-vc_btn3 ts-vc_btn3-size-sm ts-vc_btn3-shape-square ts-vc_btn3-style-flat ts-vc_btn3-weight-no ts-vc_btn3-block ts-vc_btn3-color-black\" href=\"https:\/\/deltatecnic.com\/ca\/solucions-masterbatch\/\" title=\"Masterbatch Solutions\">SOLUCIONS MASTERBATCH<\/a><\/div>[\/vc_column_inner][\/vc_row_inner][\/vc_tta_section][vc_tta_section title=&#8221;Custom colours&#8221; tab_id=&#8221;ac07-custom-colours&#8221; el_class=&#8221;tit-acord-dc&#8221;][vc_column_text]El color m\u00e9s com\u00fa en aquest sector \u00e9s el blanc. Disposem d&#8217;una \u00e0mplia gamma de colors est\u00e0ndard, per\u00f2 si el client busca un to especial o la base que est\u00e0 utilitzant modifica el to i el resultat no \u00e9s l&#8217;esperat, oferim colors Taylormade amb el pol\u00edmer base del client.[\/vc_column_text][vc_empty_space height=&#8221;40px&#8221;][vc_column_text]<strong>PELLETS<\/strong><br \/>\nEls nostres p\u00e8l\u00b7lets est\u00e0ndard per a PVC s\u00f3n cil\u00edndrics, d&#8217;aproximadament 3,5 mm x 3 mm.[\/vc_column_text][vc_empty_space height=&#8221;40px&#8221;][vc_column_text]<strong>MICROPELLETS<\/strong><br \/>\nA vegades, a causa de les condicions del proc\u00e9s, \u00e9s necessari l&#8217;\u00fas d&#8217;un p\u00e8l\u00b7let m\u00e9s petit per a facilitar la diluci\u00f3 del <a href=\"https:\/\/deltatecnic.com\/ca\/\">Masterbatch<\/a>. Delta Tecnic ha desenvolupat dos tipus de gr\u00e0nuls Masterbatch m\u00e9s petits; el microp\u00e8l\u00b7let MP, de 2.5 mm x 1.0 mm, i el microp\u00e8l\u00b7let petit, SMP, d&#8217;1.5 mm x 1.0 mm.<br \/>\nTamb\u00e9 es recomana l&#8217;\u00fas de microp\u00e8l\u00b7lets quan el client requereixi un efecte met\u00e0l\u00b7lic i una bona diluci\u00f3.[\/vc_column_text][vc_empty_space height=&#8221;30px&#8221;]\r\n\t\t<div class=\"ts-vc_btn3-container  but-dreta ts-vc_btn3-center vc_custom_1651669905233\"><a class=\"ts-vc_general ts-vc_btn3 ts-vc_btn3-size-sm ts-vc_btn3-shape-square ts-vc_btn3-style-flat ts-vc_btn3-weight-no ts-vc_btn3-block ts-vc_btn3-color-black\" href=\"https:\/\/deltatecnic.com\/ca\/solucions-masterbatch\/\" title=\"Masterbatch Solutions\">SOLUCIONS MASTERBATCH<\/a><\/div>[\/vc_tta_section][\/vc_tta_accordion][\/vc_column][\/vc_row]<\/p>\n","protected":false},"excerpt":{"rendered":"<p>Gamma de pantalles de colors est\u00e0ndard i Masterbatches Taylormade que cobreixen tota la gamma de colors.<\/p>\n","protected":false},"author":1,"featured_media":0,"parent":11917,"menu_order":0,"comment_status":"closed","ping_status":"closed","template":"","meta":{"content-type":"","footnotes":""},"class_list":["post-11923","page","type-page","status-publish","hentry"],"yoast_head":"<!-- This site is optimized with the Yoast SEO plugin v27.1.1 - https:\/\/yoast.com\/product\/yoast-seo-wordpress\/ -->\n<title>Masterbatch de color per a pantalles | Delta Tecnic<\/title>\n<meta name=\"description\" content=\"\u00c0mplia gamma de Masterbatches d\u2019un sol pigment blanc tenyits per a aconseguir diferents graus d\u2019opacitat i blancor.\" \/>\n<meta name=\"robots\" content=\"index, follow, max-snippet:-1, max-image-preview:large, max-video-preview:-1\" \/>\n<link rel=\"canonical\" href=\"https:\/\/deltatecnic.com\/ca\/deltacolor-pvc\/pantalles\/\" \/>\n<meta property=\"og:locale\" content=\"ca_ES\" \/>\n<meta property=\"og:type\" content=\"article\" \/>\n<meta property=\"og:title\" content=\"Masterbatch de color per a pantalles | Delta Tecnic\" \/>\n<meta property=\"og:description\" content=\"\u00c0mplia gamma de Masterbatches d\u2019un sol pigment blanc tenyits per a aconseguir diferents graus d\u2019opacitat i blancor.\" \/>\n<meta property=\"og:url\" content=\"https:\/\/deltatecnic.com\/ca\/deltacolor-pvc\/pantalles\/\" \/>\n<meta property=\"og:site_name\" content=\"Delta Tecnic\" \/>\n<meta property=\"article:modified_time\" content=\"2024-03-22T10:25:07+00:00\" \/>\n<meta name=\"twitter:card\" content=\"summary_large_image\" \/>\n<meta name=\"twitter:label1\" content=\"Temps estimat de lectura\" \/>\n\t<meta name=\"twitter:data1\" content=\"2 minuts\" \/>\n<!-- \/ Yoast SEO plugin. -->","yoast_head_json":{"title":"Masterbatch de color per a pantalles | Delta Tecnic","description":"\u00c0mplia gamma de Masterbatches d\u2019un sol pigment blanc tenyits per a aconseguir diferents graus d\u2019opacitat i blancor.","robots":{"index":"index","follow":"follow","max-snippet":"max-snippet:-1","max-image-preview":"max-image-preview:large","max-video-preview":"max-video-preview:-1"},"canonical":"https:\/\/deltatecnic.com\/ca\/deltacolor-pvc\/pantalles\/","og_locale":"ca_ES","og_type":"article","og_title":"Masterbatch de color per a pantalles | Delta Tecnic","og_description":"\u00c0mplia gamma de Masterbatches d\u2019un sol pigment blanc tenyits per a aconseguir diferents graus d\u2019opacitat i blancor.","og_url":"https:\/\/deltatecnic.com\/ca\/deltacolor-pvc\/pantalles\/","og_site_name":"Delta Tecnic","article_modified_time":"2024-03-22T10:25:07+00:00","twitter_card":"summary_large_image","twitter_misc":{"Temps estimat de lectura":"2 minuts"},"schema":{"@context":"https:\/\/schema.org","@graph":[{"@type":"WebPage","@id":"https:\/\/deltatecnic.com\/ca\/deltacolor-pvc\/pantalles\/","url":"https:\/\/deltatecnic.com\/ca\/deltacolor-pvc\/pantalles\/","name":"Masterbatch de color per a pantalles | Delta Tecnic","isPartOf":{"@id":"https:\/\/deltatecnic.com\/ca\/#website"},"datePublished":"2020-12-22T15:45:48+00:00","dateModified":"2024-03-22T10:25:07+00:00","description":"\u00c0mplia gamma de Masterbatches d\u2019un sol pigment blanc tenyits per a aconseguir diferents graus d\u2019opacitat i blancor.","breadcrumb":{"@id":"https:\/\/deltatecnic.com\/ca\/deltacolor-pvc\/pantalles\/#breadcrumb"},"inLanguage":"ca","potentialAction":[{"@type":"ReadAction","target":["https:\/\/deltatecnic.com\/ca\/deltacolor-pvc\/pantalles\/"]}]},{"@type":"BreadcrumbList","@id":"https:\/\/deltatecnic.com\/ca\/deltacolor-pvc\/pantalles\/#breadcrumb","itemListElement":[{"@type":"ListItem","position":1,"name":"Inici","item":"https:\/\/deltatecnic.com\/ca\/"},{"@type":"ListItem","position":2,"name":"Deltacolor PVC","item":"https:\/\/deltatecnic.com\/ca\/deltacolor-pvc\/"},{"@type":"ListItem","position":3,"name":"PANTALLES"}]},{"@type":"WebSite","@id":"https:\/\/deltatecnic.com\/ca\/#website","url":"https:\/\/deltatecnic.com\/ca\/","name":"Delta Tecnic","description":"Bringing colour to life","potentialAction":[{"@type":"SearchAction","target":{"@type":"EntryPoint","urlTemplate":"https:\/\/deltatecnic.com\/ca\/?s={search_term_string}"},"query-input":{"@type":"PropertyValueSpecification","valueRequired":true,"valueName":"search_term_string"}}],"inLanguage":"ca"}]}},"_links":{"self":[{"href":"https:\/\/deltatecnic.com\/ca\/wp-json\/wp\/v2\/pages\/11923","targetHints":{"allow":["GET"]}}],"collection":[{"href":"https:\/\/deltatecnic.com\/ca\/wp-json\/wp\/v2\/pages"}],"about":[{"href":"https:\/\/deltatecnic.com\/ca\/wp-json\/wp\/v2\/types\/page"}],"author":[{"embeddable":true,"href":"https:\/\/deltatecnic.com\/ca\/wp-json\/wp\/v2\/users\/1"}],"replies":[{"embeddable":true,"href":"https:\/\/deltatecnic.com\/ca\/wp-json\/wp\/v2\/comments?post=11923"}],"version-history":[{"count":0,"href":"https:\/\/deltatecnic.com\/ca\/wp-json\/wp\/v2\/pages\/11923\/revisions"}],"up":[{"embeddable":true,"href":"https:\/\/deltatecnic.com\/ca\/wp-json\/wp\/v2\/pages\/11917"}],"wp:attachment":[{"href":"https:\/\/deltatecnic.com\/ca\/wp-json\/wp\/v2\/media?parent=11923"}],"curies":[{"name":"wp","href":"https:\/\/api.w.org\/{rel}","templated":true}]}}