{"id":11920,"date":"2020-12-21T19:38:36","date_gmt":"2020-12-21T18:38:36","guid":{"rendered":"https:\/\/deltatecnic.com\/deltacolor-pvc-2\/compounding\/"},"modified":"2024-03-22T08:31:17","modified_gmt":"2024-03-22T07:31:17","slug":"compounding","status":"publish","type":"page","link":"https:\/\/deltatecnic.com\/ca\/deltacolor-pvc\/compounding\/","title":{"rendered":"Compounding"},"content":{"rendered":"<p>[vc_row][vc_column][vc_single_image image=&#8221;8359&#8243; img_size=&#8221;full&#8221;]<h2 style=\"text-align:left;font-size:34px;line-height:1em;font-family:'Montserrat',Arial,Helvetica;font-weight:400;\" class=\"ts-custom-heading vc_custom_1650911624927\" ><strong>COMPOUNDING<\/strong><br \/>\n\u00c0MPLIA GAMMA DE SOLUCIONS PER A INCORPORAR COLOR EN COMPOSTOS DE PVC<\/h2>\n[vc_column_text]Delta Tecnic, amb m\u00e9s de 40 anys d&#8217;experi\u00e8ncia en la coloraci\u00f3 de PVC, t\u00e9 una \u00e0mplia gamma de solucions per a ajudar a incorporar el color en els compostos de PVC.<\/p>\n<p>L&#8217;\u00fas de pigments per a resoldre un color en compostos de PVC implica una s\u00e8rie de problemes que l&#8217;\u00fas de Masterbatches ajuda a evitar.<\/p>\n<p>La brut\u00edcia en les instal\u00b7lacions, la dificultat per a igualar el color d&#8217;un lot a un altre, la mala dispersi\u00f3 dels pigments, els temps de neteja i l&#8217;homogene\u00eftzaci\u00f3 del color s\u00f3n problemes habituals quan s&#8217;utilitzen pigments. L&#8217;\u00fas dels nostres Masterbatches elimina aquests problemes, impulsant la productivitat i l&#8217;efici\u00e8ncia de les plantes de fabricaci\u00f3 de compostos de PVC.[\/vc_column_text][vc_separator color=&#8221;custom&#8221; accent_color=&#8221;#eff1f5&#8243;][vc_column_text]Per a la ind\u00fastria dels compostos de PVC, Delta Tecnic desenvolupa Masterbatches o predispersions de color amb la f\u00f3rmula del pigment per a aconseguir el color final requerit pel client.<\/p>\n<p>Gr\u00e0cies a la nostra dilatada experi\u00e8ncia i coneixement d&#8217;una gran quantitat de pigments, desenvolupem la formulaci\u00f3 m\u00e9s adequada per a complir amb els requisits t\u00e8cnics sol\u00b7licitats.<\/p>\n<p>La brut\u00edcia en les instal\u00b7lacions, la dificultat per a igualar el color d&#8217;un lot a un altre, la mala dispersi\u00f3 dels pigments, els temps de neteja i l&#8217;homogene\u00eftzaci\u00f3 del color s\u00f3n problemes habituals quan s&#8217;utilitzen pigments. L&#8217;\u00fas dels nostres Masterbatches elimina aquests problemes, impulsant la productivitat i l&#8217;efici\u00e8ncia de les plantes de fabricaci\u00f3 de compostos de PVC.[\/vc_column_text][vc_empty_space height=&#8221;40px&#8221;][vc_column_text]<strong>PELLETS\/MICROPELLETS<\/strong><br \/>\nPer a la ind\u00fastria de compounding de PVC, Delta Tecnic desenvolupa Masterbatches o predispersions de color amb la f\u00f3rmula de pigment definitiva per a aconseguir el color final requerit pel client.<\/p>\n<p>Aquests Masterbatches estan disponibles en dues grand\u00e0ries de gr\u00e0nuls, incl\u00f2s la nostra grand\u00e0ria de gra normal amb un di\u00e0metre mitj\u00e0 de 3 mm i una longitud de 3,5 mm.<\/p>\n<p>Tamb\u00e9 tenim disponible un gr\u00e0nul m\u00e9s petit amb un di\u00e0metre d&#8217;1 mm i una longitud de 2,5 mm. Aquesta grand\u00e0ria de gr\u00e0nul m\u00e9s petit ajuda a la diluci\u00f3 del <a href=\"https:\/\/deltatecnic.com\/ca\/\">masterbatch<\/a> quan s&#8217;usa en el turbomixer o refrigerador, ja que la seva grand\u00e0ria \u00e9s m\u00e9s similar al compost de PVC en pols usada pels mixers.[\/vc_column_text][vc_empty_space height=&#8221;30px&#8221;][vc_column_text]<strong>BLACK MASTERBATCHES<\/strong><br \/>\nDelta Tecnic ha desenvolupat una <a href=\"https:\/\/deltatecnic.com\/ca\/solucions-masterbatch\/\">gamma de Masterbatches<\/a> negres a base de PVC, especialment dissenyats per a aquesta ind\u00fastria. Tots nostres Masterbatches estan fabricats amb resina base PVC i solem utilitzar DOTP o ESBO (especialment per a compostos r\u00edgids) com a plastificants.<\/p>\n<p>El pigment Carbon black \u00e9s una mat\u00e8ria primera molt dif\u00edcil de manipular a causa de la seva alta volatilitat i la seva capacitat per a tenyir. \u00c9s per aix\u00f2 que reempla\u00e7ar-ho amb un Masterbatch en el qual el pigment de negre de fum estigui completament encapsulat \u00e9s de gran ajuda no sols per a mantenir netes les instal\u00b7lacions dels nostres clients, sin\u00f3 tamb\u00e9 per a ajudar a la salut dels seus treballadors en evitar atmosferes polsoses.<\/p>\n<p>Els nostres <a href=\"https:\/\/deltatecnic.com\/ca\/deltacolor-pvc\/black-pvc-masterbatches\/\">Masterbatches de PVC negre<\/a> estan disponibles en diferents grand\u00e0ries de gr\u00e0nuls, com a gra normal, microp\u00e8l\u00b7let o criopellet, segons les necessitats dels nostres clients i l&#8217;\u00fas que desitgin fer d&#8217;ells.[\/vc_column_text][vc_empty_space height=&#8221;30px&#8221;][vc_column_text]<strong>EFFECTS PIGMENTS<\/strong><br \/>\nGr\u00e0cies a la nostra experi\u00e8ncia de m\u00e9s de 30 anys en la fabricaci\u00f3 de Masterbatches amb pigments d&#8217;alumini, or i perla, Delta Tecnic ha desenvolupat una tecnologia d&#8217;extrusi\u00f3 especial que permet als nostres Masterbatches de grand\u00e0ria de gr\u00e0nul normal proporcionar un efecte met\u00e0l\u00b7lic molt marcat que no es veu afectat significativament per pas a trav\u00e9s de l&#8217;extrusora.<\/p>\n<p>Els efectes d&#8217;alumini, or nacrat o interfer\u00e8ncia s\u00f3n la nostra especialitat i els oferim en el mercat tant com Masterbatches com a predispersions en pols amb el color final desitjat pels nostres clients.<\/p>\n<p>Gr\u00e0cies a la predispersi\u00f3 realitzada en les nostres instal\u00b7lacions, eliminem problemes d&#8217;aglomeracions i defectes superficials en el producte final.[\/vc_column_text][vc_empty_space height=&#8221;30px&#8221;][vc_column_text]<strong>\u201cS\u201d PIGMENT DISPERSIONS<\/strong><br \/>\nDelta Tecnic compta amb una gamma de concentrats de color en pols que no han passat per extrusora, amb el color final requerit pel nostre client.<\/p>\n<p>Aquesta gamma de productes predispersats pot incorporar com a vehicle el seg\u00fcent: Dry-blend, resina de PVC o Carbonat de Calci, segons les necessitats dels nostres clients.<\/p>\n<p>Quan la neteja i la dispersi\u00f3 de les instal\u00b7lacions no s\u00f3n valors afegits importants per als nostres clients, aquesta soluci\u00f3 \u00e9s la m\u00e9s adequada.[\/vc_column_text][vc_empty_space height=&#8221;30px&#8221;]\r\n\t\t<div class=\"ts-vc_btn3-container  but-dreta ts-vc_btn3-center vc_custom_1651669703777\"><a class=\"ts-vc_general ts-vc_btn3 ts-vc_btn3-size-sm ts-vc_btn3-shape-square ts-vc_btn3-style-flat ts-vc_btn3-weight-no ts-vc_btn3-block ts-vc_btn3-color-black\" href=\"https:\/\/deltatecnic.com\/ca\/solucions-masterbatch\/\" title=\"Masterbatch Solutions\">SOLUCIONS MASTERBATCH<\/a><\/div>[\/vc_column][\/vc_row]<\/p>\n","protected":false},"excerpt":{"rendered":"<p>\u00c0MPLIA GAMMA DE SOLUCIONS PER A INCORPORAR COLOR EN COMPOSTOS DE PVC<\/p>\n","protected":false},"author":1,"featured_media":0,"parent":11917,"menu_order":0,"comment_status":"closed","ping_status":"closed","template":"","meta":{"content-type":"","footnotes":""},"class_list":["post-11920","page","type-page","status-publish","hentry"],"yoast_head":"<!-- This site is optimized with the Yoast SEO plugin v27.1.1 - https:\/\/yoast.com\/product\/yoast-seo-wordpress\/ -->\n<title>Compostos de masterbatch de color | Delta Tecnic<\/title>\n<meta name=\"description\" content=\"Delta Tecnic m\u00e9s 40 anys d\u2019experi\u00e8ncia en la coloraci\u00f3 de PVC, t\u00e9 una \u00e0mplia gamma de solucions per a ajudar a incorporar el color en els compostos de PVC\" \/>\n<meta name=\"robots\" content=\"index, follow, max-snippet:-1, max-image-preview:large, max-video-preview:-1\" \/>\n<link rel=\"canonical\" href=\"https:\/\/deltatecnic.com\/ca\/deltacolor-pvc\/compounding\/\" \/>\n<meta property=\"og:locale\" content=\"ca_ES\" \/>\n<meta property=\"og:type\" content=\"article\" \/>\n<meta property=\"og:title\" content=\"Compostos de masterbatch de color | Delta Tecnic\" \/>\n<meta property=\"og:description\" content=\"Delta Tecnic m\u00e9s 40 anys d\u2019experi\u00e8ncia en la coloraci\u00f3 de PVC, t\u00e9 una \u00e0mplia gamma de solucions per a ajudar a incorporar el color en els compostos de PVC\" \/>\n<meta property=\"og:url\" content=\"https:\/\/deltatecnic.com\/ca\/deltacolor-pvc\/compounding\/\" \/>\n<meta property=\"og:site_name\" content=\"Delta Tecnic\" \/>\n<meta property=\"article:modified_time\" content=\"2024-03-22T07:31:17+00:00\" \/>\n<meta name=\"twitter:card\" content=\"summary_large_image\" \/>\n<meta name=\"twitter:label1\" content=\"Temps estimat de lectura\" \/>\n\t<meta name=\"twitter:data1\" content=\"4 minuts\" \/>\n<!-- \/ Yoast SEO plugin. -->","yoast_head_json":{"title":"Compostos de masterbatch de color | Delta Tecnic","description":"Delta Tecnic m\u00e9s 40 anys d\u2019experi\u00e8ncia en la coloraci\u00f3 de PVC, t\u00e9 una \u00e0mplia gamma de solucions per a ajudar a incorporar el color en els compostos de PVC","robots":{"index":"index","follow":"follow","max-snippet":"max-snippet:-1","max-image-preview":"max-image-preview:large","max-video-preview":"max-video-preview:-1"},"canonical":"https:\/\/deltatecnic.com\/ca\/deltacolor-pvc\/compounding\/","og_locale":"ca_ES","og_type":"article","og_title":"Compostos de masterbatch de color | Delta Tecnic","og_description":"Delta Tecnic m\u00e9s 40 anys d\u2019experi\u00e8ncia en la coloraci\u00f3 de PVC, t\u00e9 una \u00e0mplia gamma de solucions per a ajudar a incorporar el color en els compostos de PVC","og_url":"https:\/\/deltatecnic.com\/ca\/deltacolor-pvc\/compounding\/","og_site_name":"Delta Tecnic","article_modified_time":"2024-03-22T07:31:17+00:00","twitter_card":"summary_large_image","twitter_misc":{"Temps estimat de lectura":"4 minuts"},"schema":{"@context":"https:\/\/schema.org","@graph":[{"@type":"WebPage","@id":"https:\/\/deltatecnic.com\/ca\/deltacolor-pvc\/compounding\/","url":"https:\/\/deltatecnic.com\/ca\/deltacolor-pvc\/compounding\/","name":"Compostos de masterbatch de color | Delta Tecnic","isPartOf":{"@id":"https:\/\/deltatecnic.com\/ca\/#website"},"datePublished":"2020-12-21T18:38:36+00:00","dateModified":"2024-03-22T07:31:17+00:00","description":"Delta Tecnic m\u00e9s 40 anys d\u2019experi\u00e8ncia en la coloraci\u00f3 de PVC, t\u00e9 una \u00e0mplia gamma de solucions per a ajudar a incorporar el color en els compostos de PVC","breadcrumb":{"@id":"https:\/\/deltatecnic.com\/ca\/deltacolor-pvc\/compounding\/#breadcrumb"},"inLanguage":"ca","potentialAction":[{"@type":"ReadAction","target":["https:\/\/deltatecnic.com\/ca\/deltacolor-pvc\/compounding\/"]}]},{"@type":"BreadcrumbList","@id":"https:\/\/deltatecnic.com\/ca\/deltacolor-pvc\/compounding\/#breadcrumb","itemListElement":[{"@type":"ListItem","position":1,"name":"Inici","item":"https:\/\/deltatecnic.com\/ca\/"},{"@type":"ListItem","position":2,"name":"Deltacolor PVC","item":"https:\/\/deltatecnic.com\/ca\/deltacolor-pvc\/"},{"@type":"ListItem","position":3,"name":"Compounding"}]},{"@type":"WebSite","@id":"https:\/\/deltatecnic.com\/ca\/#website","url":"https:\/\/deltatecnic.com\/ca\/","name":"Delta Tecnic","description":"Bringing colour to life","potentialAction":[{"@type":"SearchAction","target":{"@type":"EntryPoint","urlTemplate":"https:\/\/deltatecnic.com\/ca\/?s={search_term_string}"},"query-input":{"@type":"PropertyValueSpecification","valueRequired":true,"valueName":"search_term_string"}}],"inLanguage":"ca"}]}},"_links":{"self":[{"href":"https:\/\/deltatecnic.com\/ca\/wp-json\/wp\/v2\/pages\/11920","targetHints":{"allow":["GET"]}}],"collection":[{"href":"https:\/\/deltatecnic.com\/ca\/wp-json\/wp\/v2\/pages"}],"about":[{"href":"https:\/\/deltatecnic.com\/ca\/wp-json\/wp\/v2\/types\/page"}],"author":[{"embeddable":true,"href":"https:\/\/deltatecnic.com\/ca\/wp-json\/wp\/v2\/users\/1"}],"replies":[{"embeddable":true,"href":"https:\/\/deltatecnic.com\/ca\/wp-json\/wp\/v2\/comments?post=11920"}],"version-history":[{"count":0,"href":"https:\/\/deltatecnic.com\/ca\/wp-json\/wp\/v2\/pages\/11920\/revisions"}],"up":[{"embeddable":true,"href":"https:\/\/deltatecnic.com\/ca\/wp-json\/wp\/v2\/pages\/11917"}],"wp:attachment":[{"href":"https:\/\/deltatecnic.com\/ca\/wp-json\/wp\/v2\/media?parent=11920"}],"curies":[{"name":"wp","href":"https:\/\/api.w.org\/{rel}","templated":true}]}}