{"id":11904,"date":"2020-12-21T10:27:29","date_gmt":"2020-12-21T09:27:29","guid":{"rendered":"https:\/\/deltatecnic.com\/deltacolor-cables-2\/additius\/"},"modified":"2024-03-22T12:27:35","modified_gmt":"2024-03-22T11:27:35","slug":"additius","status":"publish","type":"page","link":"https:\/\/deltatecnic.com\/ca\/deltacolor-cables\/additius\/","title":{"rendered":"Additius"},"content":{"rendered":"<p>[vc_row css=&#8221;.vc_custom_1611920014842{margin-bottom: 20px !important;}&#8221;][vc_column][vc_single_image image=&#8221;8291&#8243; img_size=&#8221;full&#8221;]<h2 style=\"text-align:left;font-size:34px;line-height:1em;font-family:'Montserrat',Arial,Helvetica;font-weight:400;\" class=\"ts-custom-heading vc_custom_1650991538531\" ><strong>ADDITIUS<\/strong><br \/>\nMASTERBATCHES AMB ADDITIUS<br \/>\nPER A LA IND\u00daSTRIA DE CABLE<\/h2>\n[vc_column_text]Els cables el\u00e8ctrics, de dades i especials han de complir una s\u00e8rie de requisits relacionats no sols amb el color, sin\u00f3 tamb\u00e9 amb altres aspectes. Aquests inclouen impermeabilitzaci\u00f3 i protecci\u00f3 contra la descoloraci\u00f3 UV, protecci\u00f3 contra elements externs com a rosegadors, insectes o microorganismes, i aconseguint el millor comportament possible enfront del foc per a protegir vides.<\/p>\n<p>Els nostres masterbatches d&#8217;additius ajuden a protegir els pol\u00edmers en una multitud de projectes. El nostre coneixement de l&#8217;exigent normativa de la ind\u00fastria i de les mat\u00e8ries primeres adequades, aix\u00ed com el fet de comptar amb els m\u00e9s actualitzats equips de monitoratge i mesura, ens permet acompanyar als nostres clients en els seus reptes, garantint cables de qualitat i lliures de defectes.[\/vc_column_text][\/vc_column][\/vc_row][vc_row][vc_column][vc_tta_accordion active_section=&#8221;0&#8243; collapsible_all=&#8221;true&#8221;][vc_tta_section title=&#8221;LASER MARKING&#8221; tab_id=&#8221;ac04-laser-marking&#8221;][vc_row_inner][vc_column_inner width=&#8221;1\/3&#8243; ts_responsive_css=&#8221;70369911|colbreak_no|||30px||||||colbreak_no|||||||||colbreak_no||||||||||colbreak_no|||||||||&#8221;][vc_single_image image=&#8221;8896&#8243; img_size=&#8221;medium&#8221;][\/vc_column_inner][vc_column_inner width=&#8221;2\/3&#8243;][vc_column_text]<span style=\"font-weight: 600;\">Delta Tecnic desenvolupa una <a href=\"https:\/\/deltatecnic.com\/ca\/solucions-masterbatch\/\">gamma de masterbatches<\/a> que incorporen pigments i additius per al marcat l\u00e0ser de cables de PE. Aix\u00f2 significa que el cable es pot acolorir i preparar per al proc\u00e9s de marcat l\u00e0ser amb un sol <a href=\"https:\/\/deltatecnic.com\/ca\/\">masterbatch<\/a>. La nostra gamma abasta els colors m\u00e9s caracter\u00edstics utilitzats en aquesta ind\u00fastria.<\/span><\/p>\n<p>El proc\u00e9s de marcat de cables es pot simplificar enormement gr\u00e0cies a aquesta gamma Masterbatch, reempla\u00e7ant el marcat per injecci\u00f3 de tinta i \/ o el marcat en calent. El marcat l\u00e0ser \u00e9s permanent i resistent a olis, productes qu\u00edmics i abrasi\u00f3, proporcionant una identificaci\u00f3 molt apreciable del producte final.[\/vc_column_text][\/vc_column_inner][\/vc_row_inner][\/vc_tta_section][vc_tta_section title=&#8221;RODENT\/TERMITE REPELLENT&#8221; tab_id=&#8221;ac04-rodent-termite-repellent&#8221;][vc_row_inner][vc_column_inner width=&#8221;1\/3&#8243; ts_responsive_css=&#8221;16758254|colbreak_no|||||||||colbreak_no|||||||||colbreak_no|||30px|||||||colbreak_no|||||||||&#8221;][vc_single_image image=&#8221;8897&#8243; img_size=&#8221;medium&#8221;][\/vc_column_inner][vc_column_inner width=&#8221;2\/3&#8243;][vc_column_text]<span style=\"font-weight: 600;\">Delta Tecnic desenvolupa una gamma de masterbatches que actuen com a repel\u00b7lents de t\u00e8rmits i rosegadors. Aquesta soluci\u00f3, alternativa a les tires met\u00e0l\u00b7liques o Poliamida 12, protegeix els cables dels atacs de rosegadors i t\u00e8rmits, que poden provocar curtcircuits, incendis o p\u00e8rdues en els cables.<\/span><\/p>\n<p>Gr\u00e0cies a la tecnologia d&#8217;esferes de microporus, els Masterbatches de Delta Tecnic garanteixen una efic\u00e0cia duradora. La gamma d&#8217;additius repel\u00b7lents est\u00e0 encapsulada tant en EVA (que garanteix la compatibilitat amb la majoria dels pol\u00edmers) com en PVC. Delta Tecnic compta amb estudis realitzats per reconeguts laboratoris europeus (UE) com BAM a Alemanya i la Universitat de Barcelona, per a demostrar la seva efic\u00e0cia.[\/vc_column_text][\/vc_column_inner][\/vc_row_inner][\/vc_tta_section][vc_tta_section title=&#8221;AO\/UV\/Catalyst\/Combo&#8221; tab_id=&#8221;ac04-ao-uv-catalyst-combo&#8221;][vc_row_inner][vc_column_inner width=&#8221;1\/3&#8243; ts_responsive_css=&#8221;57692535|colbreak_no|||||||||colbreak_no|||||||||colbreak_no|||30px|||||||colbreak_no|||||||||&#8221;][vc_single_image image=&#8221;8895&#8243; img_size=&#8221;medium&#8221;][\/vc_column_inner][vc_column_inner width=&#8221;2\/3&#8243;][vc_column_text]<span style=\"font-weight: 600;\">Delta Tecnic produeix una gamma de masterbatches amb additius com a filtres ultraviolats, antioxidants o catalitzadors per a millorar l&#8217;estabilitat t\u00e8rmica del cable i el rendiment en exteriors. Aquesta gamma d&#8217;additius ajuda al client a superar les exigents normatives existents en diverses aplicacions.<\/span><\/p>\n<p>Delta Tecnic ofereix l&#8217;opci\u00f3 de combinar un o diversos additius dins de la formulaci\u00f3 de color final, proporcionant una soluci\u00f3 personalitzada en un sol masterbatch. Els pigments amb la resist\u00e8ncia a la llum i l&#8217;estabilitat t\u00e8rmica adequades se seleccionen per a garantir que el color i el rendiment dels cables resisteixin les exhaustives proves de qualitat.<\/p>\n<p>Les demandes de propietats mec\u00e0niques, rendiment en exteriors i facilitat de transformaci\u00f3 de compostos per a la ind\u00fastria augmenten cont\u00ednuament, i aix\u00f2 ha obligat els fabricants i fabricadors de cables a incorporar grans quantitats d&#8217;additius en les seves formulacions. Delta Tecnic ofereix un servei espec\u00edfic de producci\u00f3 de paquets d&#8217;additius sota demanda, facilitant la seva incorporaci\u00f3 durant el proc\u00e9s de composici\u00f3.[\/vc_column_text][\/vc_column_inner][\/vc_row_inner][\/vc_tta_section][vc_tta_section title=&#8221;BIOCIDES&#8221; tab_id=&#8221;ac04-biocide&#8221;][vc_row_inner][vc_column_inner width=&#8221;1\/3&#8243; ts_responsive_css=&#8221;44278084|colbreak_no|||30px||||||colbreak_no|||||||||colbreak_no||||||||||colbreak_no|||||||||&#8221;][vc_single_image image=&#8221;8898&#8243; img_size=&#8221;medium&#8221;][\/vc_column_inner][vc_column_inner width=&#8221;2\/3&#8243;][vc_column_text]<span style=\"font-weight: 600;\">Els cables utilitzats en hospitals, quir\u00f2fans i sales blanques estan subjectes a demandes cada vegada majors quant a les seves propietats antimicrobianes i biocides. Per aquest motiu, Delta Tecnic ha desenvolupat una gamma de masterbatches amb additius amb propietats biocides que, incorporats al revestiment i <a href=\"https:\/\/deltatecnic.com\/ca\/delta-tecnic-garanteix-un-aillament-eficient-a-la-industria-del-cable\/\">a\u00efllament<\/a> de cables, eviten l&#8217;aparici\u00f3 de microorganismes.<\/span>[\/vc_column_text][\/vc_column_inner][\/vc_row_inner][\/vc_tta_section][\/vc_tta_accordion][\/vc_column][\/vc_row]<\/p>\n","protected":false},"excerpt":{"rendered":"<p>Masterbatches amb additius per a la ind\u00fastria de cable<\/p>\n","protected":false},"author":1,"featured_media":0,"parent":11747,"menu_order":0,"comment_status":"closed","ping_status":"closed","template":"","meta":{"content-type":"","footnotes":""},"class_list":["post-11904","page","type-page","status-publish","hentry"],"yoast_head":"<!-- This site is optimized with the Yoast SEO plugin v27.1.1 - https:\/\/yoast.com\/product\/yoast-seo-wordpress\/ -->\n<title>Masterbatch amb additius a la ind\u00fastria del cable | Delta Tecnic<\/title>\n<meta name=\"description\" content=\"Els nostres masterbatches d\u2019additius ajuden a protegir els pol\u00edmers en una multitud de projectes. Contactans per m\u00e9s informaci\u00f3\" \/>\n<meta name=\"robots\" content=\"index, follow, max-snippet:-1, max-image-preview:large, max-video-preview:-1\" \/>\n<link rel=\"canonical\" href=\"https:\/\/deltatecnic.com\/ca\/deltacolor-cables\/additius\/\" \/>\n<meta property=\"og:locale\" content=\"ca_ES\" \/>\n<meta property=\"og:type\" content=\"article\" \/>\n<meta property=\"og:title\" content=\"Masterbatch amb additius a la ind\u00fastria del cable | Delta Tecnic\" \/>\n<meta property=\"og:description\" content=\"Els nostres masterbatches d\u2019additius ajuden a protegir els pol\u00edmers en una multitud de projectes. Contactans per m\u00e9s informaci\u00f3\" \/>\n<meta property=\"og:url\" content=\"https:\/\/deltatecnic.com\/ca\/deltacolor-cables\/additius\/\" \/>\n<meta property=\"og:site_name\" content=\"Delta Tecnic\" \/>\n<meta property=\"article:modified_time\" content=\"2024-03-22T11:27:35+00:00\" \/>\n<meta name=\"twitter:card\" content=\"summary_large_image\" \/>\n<meta name=\"twitter:label1\" content=\"Temps estimat de lectura\" \/>\n\t<meta name=\"twitter:data1\" content=\"3 minuts\" \/>\n<!-- \/ Yoast SEO plugin. -->","yoast_head_json":{"title":"Masterbatch amb additius a la ind\u00fastria del cable | Delta Tecnic","description":"Els nostres masterbatches d\u2019additius ajuden a protegir els pol\u00edmers en una multitud de projectes. Contactans per m\u00e9s informaci\u00f3","robots":{"index":"index","follow":"follow","max-snippet":"max-snippet:-1","max-image-preview":"max-image-preview:large","max-video-preview":"max-video-preview:-1"},"canonical":"https:\/\/deltatecnic.com\/ca\/deltacolor-cables\/additius\/","og_locale":"ca_ES","og_type":"article","og_title":"Masterbatch amb additius a la ind\u00fastria del cable | Delta Tecnic","og_description":"Els nostres masterbatches d\u2019additius ajuden a protegir els pol\u00edmers en una multitud de projectes. Contactans per m\u00e9s informaci\u00f3","og_url":"https:\/\/deltatecnic.com\/ca\/deltacolor-cables\/additius\/","og_site_name":"Delta Tecnic","article_modified_time":"2024-03-22T11:27:35+00:00","twitter_card":"summary_large_image","twitter_misc":{"Temps estimat de lectura":"3 minuts"},"schema":{"@context":"https:\/\/schema.org","@graph":[{"@type":"WebPage","@id":"https:\/\/deltatecnic.com\/ca\/deltacolor-cables\/additius\/","url":"https:\/\/deltatecnic.com\/ca\/deltacolor-cables\/additius\/","name":"Masterbatch amb additius a la ind\u00fastria del cable | Delta Tecnic","isPartOf":{"@id":"https:\/\/deltatecnic.com\/ca\/#website"},"datePublished":"2020-12-21T09:27:29+00:00","dateModified":"2024-03-22T11:27:35+00:00","description":"Els nostres masterbatches d\u2019additius ajuden a protegir els pol\u00edmers en una multitud de projectes. Contactans per m\u00e9s informaci\u00f3","breadcrumb":{"@id":"https:\/\/deltatecnic.com\/ca\/deltacolor-cables\/additius\/#breadcrumb"},"inLanguage":"ca","potentialAction":[{"@type":"ReadAction","target":["https:\/\/deltatecnic.com\/ca\/deltacolor-cables\/additius\/"]}]},{"@type":"BreadcrumbList","@id":"https:\/\/deltatecnic.com\/ca\/deltacolor-cables\/additius\/#breadcrumb","itemListElement":[{"@type":"ListItem","position":1,"name":"Inici","item":"https:\/\/deltatecnic.com\/ca\/"},{"@type":"ListItem","position":2,"name":"Deltacolor Cables","item":"https:\/\/deltatecnic.com\/ca\/deltacolor-cables\/"},{"@type":"ListItem","position":3,"name":"Additius"}]},{"@type":"WebSite","@id":"https:\/\/deltatecnic.com\/ca\/#website","url":"https:\/\/deltatecnic.com\/ca\/","name":"Delta Tecnic","description":"Bringing colour to life","potentialAction":[{"@type":"SearchAction","target":{"@type":"EntryPoint","urlTemplate":"https:\/\/deltatecnic.com\/ca\/?s={search_term_string}"},"query-input":{"@type":"PropertyValueSpecification","valueRequired":true,"valueName":"search_term_string"}}],"inLanguage":"ca"}]}},"_links":{"self":[{"href":"https:\/\/deltatecnic.com\/ca\/wp-json\/wp\/v2\/pages\/11904","targetHints":{"allow":["GET"]}}],"collection":[{"href":"https:\/\/deltatecnic.com\/ca\/wp-json\/wp\/v2\/pages"}],"about":[{"href":"https:\/\/deltatecnic.com\/ca\/wp-json\/wp\/v2\/types\/page"}],"author":[{"embeddable":true,"href":"https:\/\/deltatecnic.com\/ca\/wp-json\/wp\/v2\/users\/1"}],"replies":[{"embeddable":true,"href":"https:\/\/deltatecnic.com\/ca\/wp-json\/wp\/v2\/comments?post=11904"}],"version-history":[{"count":0,"href":"https:\/\/deltatecnic.com\/ca\/wp-json\/wp\/v2\/pages\/11904\/revisions"}],"up":[{"embeddable":true,"href":"https:\/\/deltatecnic.com\/ca\/wp-json\/wp\/v2\/pages\/11747"}],"wp:attachment":[{"href":"https:\/\/deltatecnic.com\/ca\/wp-json\/wp\/v2\/media?parent=11904"}],"curies":[{"name":"wp","href":"https:\/\/api.w.org\/{rel}","templated":true}]}}