{"id":11861,"date":"2021-02-10T17:53:18","date_gmt":"2021-02-10T16:53:18","guid":{"rendered":"https:\/\/deltatecnic.com\/delta-trading-cable-components-2\/cintes-geca\/"},"modified":"2024-03-25T10:08:47","modified_gmt":"2024-03-25T09:08:47","slug":"cintes-geca","status":"publish","type":"page","link":"https:\/\/deltatecnic.com\/ca\/trading-cable-components\/cintes-geca\/","title":{"rendered":"CINTES GECA"},"content":{"rendered":"<p>[vc_row][vc_column][vc_single_image image=&#8221;13179&#8243; img_size=&#8221;full&#8221;][vc_separator border_width=&#8221;2&#8243;][vc_row_inner][vc_column_inner width=&#8221;1\/2&#8243;][vc_single_image image=&#8221;9058&#8243; img_size=&#8221;268&#215;84&#8243; onclick=&#8221;custom_link&#8221; img_link_target=&#8221;_blank&#8221; link=&#8221;https:\/\/geca-tapes.com&#8221;][\/vc_column_inner][vc_column_inner width=&#8221;1\/2&#8243;][vc_single_image image=&#8221;9059&#8243; img_size=&#8221;large&#8221; alignment=&#8221;center&#8221;][\/vc_column_inner][\/vc_row_inner][vc_column_text]<span style=\"font-weight: 600;\">Durant m\u00e9s de tres d\u00e8cades, Geca-Tapis ha proporcionat als fabricants de cables solucions superiors per a aplicacions que inclouen energia, dades i telecomunicacions.<\/span><\/p>\n<p>Amb el temps, han desenvolupat una cartera inigualable de productes blocadors d&#8217;aigua d&#8217;alta qualitat i altres materials especials.<\/p>\n<p>Des de la seva base en Bailleul, Fran\u00e7a, Geca-Tapis t\u00e9 un control complet dels processos de fabricaci\u00f3 i qualitat. El lloc estrat\u00e8gicament situat compta amb equips d&#8217;\u00faltima generaci\u00f3, instal\u00b7lacions dedicades de recerca i desenvolupament, aix\u00ed com capacitats internes superiors.[\/vc_column_text][\/vc_column][\/vc_row]<\/p>\n","protected":false},"excerpt":{"rendered":"<p>[vc_row][vc_column][vc_single_image image=&#8221;13179&#8243; img_size=&#8221;full&#8221;][vc_separator border_width=&#8221;2&#8243;][vc_row_inner][vc_column_inner width=&#8221;1\/2&#8243;][vc_single_image image=&#8221;9058&#8243; img_size=&#8221;268&#215;84&#8243; onclick=&#8221;custom_link&#8221; img_link_target=&#8221;_blank&#8221; link=&#8221;https:\/\/geca-tapes.com&#8221;][\/vc_column_inner][vc_column_inner width=&#8221;1\/2&#8243;][vc_single_image image=&#8221;9059&#8243; img_size=&#8221;large&#8221; alignment=&#8221;center&#8221;][\/vc_column_inner][\/vc_row_inner][vc_column_text]Durant m\u00e9s de tres d\u00e8cades, Geca-Tapis ha proporcionat als fabricants de cables solucions superiors per a aplicacions que inclouen energia, dades i telecomunicacions. Amb el temps, han desenvolupat una cartera inigualable de productes blocadors d&#8217;aigua d&#8217;alta qualitat i altres materials especials. Des &hellip; <a href=\"https:\/\/deltatecnic.com\/ca\/trading-cable-components\/cintes-geca\/\" class=\"more-link\" title=\"Continue reading <span class=\"screen-reader-text\">CINTES GECA<\/span>&#8220;>Continue reading <span class=\"screen-reader-text\">CINTES GECA<\/span><\/a><\/p>\n","protected":false},"author":1,"featured_media":0,"parent":11855,"menu_order":0,"comment_status":"closed","ping_status":"closed","template":"","meta":{"content-type":"","footnotes":""},"class_list":["post-11861","page","type-page","status-publish","hentry"],"yoast_head":"<!-- This site is optimized with the Yoast SEO plugin v27.1.1 - https:\/\/yoast.com\/product\/yoast-seo-wordpress\/ -->\n<title>Cintes Geca | Geca Tapes | Delta Tecnic<\/title>\n<meta name=\"description\" content=\"Cintes Geca o Geca-tapes a proporcionat als fabricants de cables solucions superiors per a aplicacions que inclouen energia, dades i telecomunicacions.\" \/>\n<meta name=\"robots\" content=\"index, follow, max-snippet:-1, max-image-preview:large, max-video-preview:-1\" \/>\n<link rel=\"canonical\" href=\"https:\/\/deltatecnic.com\/ca\/trading-cable-components\/cintes-geca\/\" \/>\n<meta property=\"og:locale\" content=\"ca_ES\" \/>\n<meta property=\"og:type\" content=\"article\" \/>\n<meta property=\"og:title\" content=\"Cintes Geca | Geca Tapes | Delta Tecnic\" \/>\n<meta property=\"og:description\" content=\"Cintes Geca o Geca-tapes a proporcionat als fabricants de cables solucions superiors per a aplicacions que inclouen energia, dades i telecomunicacions.\" \/>\n<meta property=\"og:url\" content=\"https:\/\/deltatecnic.com\/ca\/trading-cable-components\/cintes-geca\/\" \/>\n<meta property=\"og:site_name\" content=\"Delta Tecnic\" \/>\n<meta property=\"article:modified_time\" content=\"2024-03-25T09:08:47+00:00\" \/>\n<meta name=\"twitter:card\" content=\"summary_large_image\" \/>\n<meta name=\"twitter:label1\" content=\"Temps estimat de lectura\" \/>\n\t<meta name=\"twitter:data1\" content=\"1 minut\" \/>\n<!-- \/ Yoast SEO plugin. -->","yoast_head_json":{"title":"Cintes Geca | Geca Tapes | Delta Tecnic","description":"Cintes Geca o Geca-tapes a proporcionat als fabricants de cables solucions superiors per a aplicacions que inclouen energia, dades i telecomunicacions.","robots":{"index":"index","follow":"follow","max-snippet":"max-snippet:-1","max-image-preview":"max-image-preview:large","max-video-preview":"max-video-preview:-1"},"canonical":"https:\/\/deltatecnic.com\/ca\/trading-cable-components\/cintes-geca\/","og_locale":"ca_ES","og_type":"article","og_title":"Cintes Geca | Geca Tapes | Delta Tecnic","og_description":"Cintes Geca o Geca-tapes a proporcionat als fabricants de cables solucions superiors per a aplicacions que inclouen energia, dades i telecomunicacions.","og_url":"https:\/\/deltatecnic.com\/ca\/trading-cable-components\/cintes-geca\/","og_site_name":"Delta Tecnic","article_modified_time":"2024-03-25T09:08:47+00:00","twitter_card":"summary_large_image","twitter_misc":{"Temps estimat de lectura":"1 minut"},"schema":{"@context":"https:\/\/schema.org","@graph":[{"@type":"WebPage","@id":"https:\/\/deltatecnic.com\/ca\/trading-cable-components\/cintes-geca\/","url":"https:\/\/deltatecnic.com\/ca\/trading-cable-components\/cintes-geca\/","name":"Cintes Geca | Geca Tapes | Delta Tecnic","isPartOf":{"@id":"https:\/\/deltatecnic.com\/ca\/#website"},"datePublished":"2021-02-10T16:53:18+00:00","dateModified":"2024-03-25T09:08:47+00:00","description":"Cintes Geca o Geca-tapes a proporcionat als fabricants de cables solucions superiors per a aplicacions que inclouen energia, dades i telecomunicacions.","breadcrumb":{"@id":"https:\/\/deltatecnic.com\/ca\/trading-cable-components\/cintes-geca\/#breadcrumb"},"inLanguage":"ca","potentialAction":[{"@type":"ReadAction","target":["https:\/\/deltatecnic.com\/ca\/trading-cable-components\/cintes-geca\/"]}]},{"@type":"BreadcrumbList","@id":"https:\/\/deltatecnic.com\/ca\/trading-cable-components\/cintes-geca\/#breadcrumb","itemListElement":[{"@type":"ListItem","position":1,"name":"Inici","item":"https:\/\/deltatecnic.com\/ca\/"},{"@type":"ListItem","position":2,"name":"Trading Cable Components","item":"https:\/\/deltatecnic.com\/ca\/trading-cable-components\/"},{"@type":"ListItem","position":3,"name":"CINTES GECA"}]},{"@type":"WebSite","@id":"https:\/\/deltatecnic.com\/ca\/#website","url":"https:\/\/deltatecnic.com\/ca\/","name":"Delta Tecnic","description":"Bringing colour to life","potentialAction":[{"@type":"SearchAction","target":{"@type":"EntryPoint","urlTemplate":"https:\/\/deltatecnic.com\/ca\/?s={search_term_string}"},"query-input":{"@type":"PropertyValueSpecification","valueRequired":true,"valueName":"search_term_string"}}],"inLanguage":"ca"}]}},"_links":{"self":[{"href":"https:\/\/deltatecnic.com\/ca\/wp-json\/wp\/v2\/pages\/11861","targetHints":{"allow":["GET"]}}],"collection":[{"href":"https:\/\/deltatecnic.com\/ca\/wp-json\/wp\/v2\/pages"}],"about":[{"href":"https:\/\/deltatecnic.com\/ca\/wp-json\/wp\/v2\/types\/page"}],"author":[{"embeddable":true,"href":"https:\/\/deltatecnic.com\/ca\/wp-json\/wp\/v2\/users\/1"}],"replies":[{"embeddable":true,"href":"https:\/\/deltatecnic.com\/ca\/wp-json\/wp\/v2\/comments?post=11861"}],"version-history":[{"count":0,"href":"https:\/\/deltatecnic.com\/ca\/wp-json\/wp\/v2\/pages\/11861\/revisions"}],"up":[{"embeddable":true,"href":"https:\/\/deltatecnic.com\/ca\/wp-json\/wp\/v2\/pages\/11855"}],"wp:attachment":[{"href":"https:\/\/deltatecnic.com\/ca\/wp-json\/wp\/v2\/media?parent=11861"}],"curies":[{"name":"wp","href":"https:\/\/api.w.org\/{rel}","templated":true}]}}