{"id":11859,"date":"2021-02-10T17:42:43","date_gmt":"2021-02-10T16:42:43","guid":{"rendered":"https:\/\/deltatecnic.com\/delta-trading-cable-components-2\/skultuna-induflex\/"},"modified":"2024-03-25T10:09:12","modified_gmt":"2024-03-25T09:09:12","slug":"skultuna-induflex","status":"publish","type":"page","link":"https:\/\/deltatecnic.com\/ca\/trading-cable-components\/skultuna-induflex\/","title":{"rendered":"Skultuna Induflex"},"content":{"rendered":"<p>[vc_row][vc_column][vc_single_image image=&#8221;13179&#8243; img_size=&#8221;full&#8221;][vc_separator border_width=&#8221;2&#8243;][vc_row_inner][vc_column_inner width=&#8221;1\/2&#8243;][vc_single_image image=&#8221;9051&#8243; img_size=&#8221;285&#215;44&#8243; onclick=&#8221;custom_link&#8221; img_link_target=&#8221;_blank&#8221; link=&#8221;http:\/\/skultunainduflex.com&#8221;][\/vc_column_inner][vc_column_inner width=&#8221;1\/2&#8243;][vc_single_image image=&#8221;9050&#8243; img_size=&#8221;large&#8221; alignment=&#8221;center&#8221;][\/vc_column_inner][\/vc_row_inner][vc_column_text]<span style=\"font-weight: 600;\">Skultuna Induflex innova i ofereix aplicacions t\u00e8cniques de laminatge flexible per a productes que faciliten la vida di\u00e0ria utilitzant l&#8217;experi\u00e8ncia i la compet\u00e8ncia tecnol\u00f2gica de les seves tres ubicacions a Su\u00e8cia, B\u00e8lgica i la Xina.<\/span><\/p>\n<p>Els laminatges flexibles es troben en una \u00e0mplia varietat de productes, des de cables, antenes i miralls retrovisors fins a cortines d&#8217;hivernacle i empaquetatges de luxe. Induflex desenvolupa cont\u00ednuament noves aplicacions per a complir i elevar els est\u00e0ndards en els seus camps.[\/vc_column_text][\/vc_column][\/vc_row]<\/p>\n","protected":false},"excerpt":{"rendered":"<p>[vc_row][vc_column][vc_single_image image=&#8221;13179&#8243; img_size=&#8221;full&#8221;][vc_separator border_width=&#8221;2&#8243;][vc_row_inner][vc_column_inner width=&#8221;1\/2&#8243;][vc_single_image image=&#8221;9051&#8243; img_size=&#8221;285&#215;44&#8243; onclick=&#8221;custom_link&#8221; img_link_target=&#8221;_blank&#8221; link=&#8221;http:\/\/skultunainduflex.com&#8221;][\/vc_column_inner][vc_column_inner width=&#8221;1\/2&#8243;][vc_single_image image=&#8221;9050&#8243; img_size=&#8221;large&#8221; alignment=&#8221;center&#8221;][\/vc_column_inner][\/vc_row_inner][vc_column_text]Skultuna Induflex innova i ofereix aplicacions t\u00e8cniques de laminatge flexible per a productes que faciliten la vida di\u00e0ria utilitzant l&#8217;experi\u00e8ncia i la compet\u00e8ncia tecnol\u00f2gica de les seves tres ubicacions a Su\u00e8cia, B\u00e8lgica i la Xina. Els laminatges flexibles es troben en una &hellip; <a href=\"https:\/\/deltatecnic.com\/ca\/trading-cable-components\/skultuna-induflex\/\" class=\"more-link\" title=\"Continue reading <span class=\"screen-reader-text\">Skultuna Induflex<\/span>&#8220;>Continue reading <span class=\"screen-reader-text\">Skultuna Induflex<\/span><\/a><\/p>\n","protected":false},"author":1,"featured_media":0,"parent":11855,"menu_order":0,"comment_status":"closed","ping_status":"closed","template":"","meta":{"content-type":"","footnotes":""},"class_list":["post-11859","page","type-page","status-publish","hentry"],"yoast_head":"<!-- This site is optimized with the Yoast SEO plugin v27.1.1 - https:\/\/yoast.com\/product\/yoast-seo-wordpress\/ -->\n<title>Skultuna Induflex | Solucions de cablejat. Delta Tecnic<\/title>\n<meta name=\"description\" content=\"Skultuna Induflex innova i ofereix aplicacions t\u00e8cniques de laminatge flexible per a productes, utilitzant l\u2019experi\u00e8ncia i la compet\u00e8ncia tecnol\u00f2gica\" \/>\n<meta name=\"robots\" content=\"index, follow, max-snippet:-1, max-image-preview:large, max-video-preview:-1\" \/>\n<link rel=\"canonical\" href=\"https:\/\/deltatecnic.com\/ca\/trading-cable-components\/skultuna-induflex\/\" \/>\n<meta property=\"og:locale\" content=\"ca_ES\" \/>\n<meta property=\"og:type\" content=\"article\" \/>\n<meta property=\"og:title\" content=\"Skultuna Induflex | Solucions de cablejat. Delta Tecnic\" \/>\n<meta property=\"og:description\" content=\"Skultuna Induflex innova i ofereix aplicacions t\u00e8cniques de laminatge flexible per a productes, utilitzant l\u2019experi\u00e8ncia i la compet\u00e8ncia tecnol\u00f2gica\" \/>\n<meta property=\"og:url\" content=\"https:\/\/deltatecnic.com\/ca\/trading-cable-components\/skultuna-induflex\/\" \/>\n<meta property=\"og:site_name\" content=\"Delta Tecnic\" \/>\n<meta property=\"article:modified_time\" content=\"2024-03-25T09:09:12+00:00\" \/>\n<meta name=\"twitter:card\" content=\"summary_large_image\" \/>\n<meta name=\"twitter:label1\" content=\"Temps estimat de lectura\" \/>\n\t<meta name=\"twitter:data1\" content=\"1 minut\" \/>\n<!-- \/ Yoast SEO plugin. -->","yoast_head_json":{"title":"Skultuna Induflex | Solucions de cablejat. Delta Tecnic","description":"Skultuna Induflex innova i ofereix aplicacions t\u00e8cniques de laminatge flexible per a productes, utilitzant l\u2019experi\u00e8ncia i la compet\u00e8ncia tecnol\u00f2gica","robots":{"index":"index","follow":"follow","max-snippet":"max-snippet:-1","max-image-preview":"max-image-preview:large","max-video-preview":"max-video-preview:-1"},"canonical":"https:\/\/deltatecnic.com\/ca\/trading-cable-components\/skultuna-induflex\/","og_locale":"ca_ES","og_type":"article","og_title":"Skultuna Induflex | Solucions de cablejat. Delta Tecnic","og_description":"Skultuna Induflex innova i ofereix aplicacions t\u00e8cniques de laminatge flexible per a productes, utilitzant l\u2019experi\u00e8ncia i la compet\u00e8ncia tecnol\u00f2gica","og_url":"https:\/\/deltatecnic.com\/ca\/trading-cable-components\/skultuna-induflex\/","og_site_name":"Delta Tecnic","article_modified_time":"2024-03-25T09:09:12+00:00","twitter_card":"summary_large_image","twitter_misc":{"Temps estimat de lectura":"1 minut"},"schema":{"@context":"https:\/\/schema.org","@graph":[{"@type":"WebPage","@id":"https:\/\/deltatecnic.com\/ca\/trading-cable-components\/skultuna-induflex\/","url":"https:\/\/deltatecnic.com\/ca\/trading-cable-components\/skultuna-induflex\/","name":"Skultuna Induflex | Solucions de cablejat. Delta Tecnic","isPartOf":{"@id":"https:\/\/deltatecnic.com\/ca\/#website"},"datePublished":"2021-02-10T16:42:43+00:00","dateModified":"2024-03-25T09:09:12+00:00","description":"Skultuna Induflex innova i ofereix aplicacions t\u00e8cniques de laminatge flexible per a productes, utilitzant l\u2019experi\u00e8ncia i la compet\u00e8ncia tecnol\u00f2gica","breadcrumb":{"@id":"https:\/\/deltatecnic.com\/ca\/trading-cable-components\/skultuna-induflex\/#breadcrumb"},"inLanguage":"ca","potentialAction":[{"@type":"ReadAction","target":["https:\/\/deltatecnic.com\/ca\/trading-cable-components\/skultuna-induflex\/"]}]},{"@type":"BreadcrumbList","@id":"https:\/\/deltatecnic.com\/ca\/trading-cable-components\/skultuna-induflex\/#breadcrumb","itemListElement":[{"@type":"ListItem","position":1,"name":"Inici","item":"https:\/\/deltatecnic.com\/ca\/"},{"@type":"ListItem","position":2,"name":"Trading Cable Components","item":"https:\/\/deltatecnic.com\/ca\/trading-cable-components\/"},{"@type":"ListItem","position":3,"name":"Skultuna Induflex"}]},{"@type":"WebSite","@id":"https:\/\/deltatecnic.com\/ca\/#website","url":"https:\/\/deltatecnic.com\/ca\/","name":"Delta Tecnic","description":"Bringing colour to life","potentialAction":[{"@type":"SearchAction","target":{"@type":"EntryPoint","urlTemplate":"https:\/\/deltatecnic.com\/ca\/?s={search_term_string}"},"query-input":{"@type":"PropertyValueSpecification","valueRequired":true,"valueName":"search_term_string"}}],"inLanguage":"ca"}]}},"_links":{"self":[{"href":"https:\/\/deltatecnic.com\/ca\/wp-json\/wp\/v2\/pages\/11859","targetHints":{"allow":["GET"]}}],"collection":[{"href":"https:\/\/deltatecnic.com\/ca\/wp-json\/wp\/v2\/pages"}],"about":[{"href":"https:\/\/deltatecnic.com\/ca\/wp-json\/wp\/v2\/types\/page"}],"author":[{"embeddable":true,"href":"https:\/\/deltatecnic.com\/ca\/wp-json\/wp\/v2\/users\/1"}],"replies":[{"embeddable":true,"href":"https:\/\/deltatecnic.com\/ca\/wp-json\/wp\/v2\/comments?post=11859"}],"version-history":[{"count":0,"href":"https:\/\/deltatecnic.com\/ca\/wp-json\/wp\/v2\/pages\/11859\/revisions"}],"up":[{"embeddable":true,"href":"https:\/\/deltatecnic.com\/ca\/wp-json\/wp\/v2\/pages\/11855"}],"wp:attachment":[{"href":"https:\/\/deltatecnic.com\/ca\/wp-json\/wp\/v2\/media?parent=11859"}],"curies":[{"name":"wp","href":"https:\/\/api.w.org\/{rel}","templated":true}]}}