{"id":11857,"date":"2021-02-09T17:21:59","date_gmt":"2021-02-09T16:21:59","guid":{"rendered":"https:\/\/deltatecnic.com\/delta-trading-cable-components-2\/nuova-sima\/"},"modified":"2024-03-25T10:08:59","modified_gmt":"2024-03-25T09:08:59","slug":"nuova-sima","status":"publish","type":"page","link":"https:\/\/deltatecnic.com\/ca\/trading-cable-components\/nuova-sima\/","title":{"rendered":"Nuova Sima"},"content":{"rendered":"<p>[vc_row][vc_column][vc_single_image image=&#8221;13179&#8243; img_size=&#8221;full&#8221;][vc_separator border_width=&#8221;2&#8243;][vc_row_inner][vc_column_inner width=&#8221;1\/2&#8243;][vc_single_image image=&#8221;8970&#8243; img_size=&#8221;226&#215;79&#8243; onclick=&#8221;custom_link&#8221; img_link_target=&#8221;_blank&#8221; link=&#8221;https:\/\/www.nuovasima.it&#8221;][\/vc_column_inner][vc_column_inner width=&#8221;1\/2&#8243;][vc_single_image image=&#8221;8969&#8243; img_size=&#8221;large&#8221; alignment=&#8221;center&#8221;][\/vc_column_inner][\/vc_row_inner][vc_column_text]<span style=\"font-weight: 600;\">Nuova Sima produeix carbonat de calci, carbonat de magnesi, retardadors de flama a base d&#8217;hidr\u00f2xid de magnesi, retardadors de flama a base de carbonat de magnesi per a materials pl\u00e0stics, cautx\u00fas i pintures.<\/span><\/p>\n<p>El comprom\u00eds amb la recerca i la innovaci\u00f3, i l&#8217;atenci\u00f3 particular als impactes ambientals dels seus productes, permet a Nuova Sima respondre a les necessitats espec\u00edfiques dels clients i millorar constantment la qualitat dels seus resultats.[\/vc_column_text][\/vc_column][\/vc_row]<\/p>\n","protected":false},"excerpt":{"rendered":"<p>[vc_row][vc_column][vc_single_image image=&#8221;13179&#8243; img_size=&#8221;full&#8221;][vc_separator border_width=&#8221;2&#8243;][vc_row_inner][vc_column_inner width=&#8221;1\/2&#8243;][vc_single_image image=&#8221;8970&#8243; img_size=&#8221;226&#215;79&#8243; onclick=&#8221;custom_link&#8221; img_link_target=&#8221;_blank&#8221; link=&#8221;https:\/\/www.nuovasima.it&#8221;][\/vc_column_inner][vc_column_inner width=&#8221;1\/2&#8243;][vc_single_image image=&#8221;8969&#8243; img_size=&#8221;large&#8221; alignment=&#8221;center&#8221;][\/vc_column_inner][\/vc_row_inner][vc_column_text]Nuova Sima produeix carbonat de calci, carbonat de magnesi, retardadors de flama a base d&#8217;hidr\u00f2xid de magnesi, retardadors de flama a base de carbonat de magnesi per a materials pl\u00e0stics, cautx\u00fas i pintures. El comprom\u00eds amb la recerca i la innovaci\u00f3, i &hellip; <a href=\"https:\/\/deltatecnic.com\/ca\/trading-cable-components\/nuova-sima\/\" class=\"more-link\" title=\"Continue reading <span class=\"screen-reader-text\">Nuova Sima<\/span>&#8220;>Continue reading <span class=\"screen-reader-text\">Nuova Sima<\/span><\/a><\/p>\n","protected":false},"author":1,"featured_media":0,"parent":11855,"menu_order":0,"comment_status":"closed","ping_status":"closed","template":"","meta":{"content-type":"","footnotes":""},"class_list":["post-11857","page","type-page","status-publish","hentry"],"yoast_head":"<!-- This site is optimized with the Yoast SEO plugin v27.1.1 - https:\/\/yoast.com\/product\/yoast-seo-wordpress\/ -->\n<title>Nuova Sima | Solucions per a cables Delta Tecnica<\/title>\n<meta name=\"description\" content=\"El comprom\u00eds amb el medi ambient, la investigaci\u00f3 i la innovaci\u00f3 dels seus productes permeten a Nuova Sima millorar la qualitat dels resultats.\" \/>\n<meta name=\"robots\" content=\"index, follow, max-snippet:-1, max-image-preview:large, max-video-preview:-1\" \/>\n<link rel=\"canonical\" href=\"https:\/\/deltatecnic.com\/ca\/trading-cable-components\/nuova-sima\/\" \/>\n<meta property=\"og:locale\" content=\"ca_ES\" \/>\n<meta property=\"og:type\" content=\"article\" \/>\n<meta property=\"og:title\" content=\"Nuova Sima | Solucions per a cables Delta Tecnica\" \/>\n<meta property=\"og:description\" content=\"El comprom\u00eds amb el medi ambient, la investigaci\u00f3 i la innovaci\u00f3 dels seus productes permeten a Nuova Sima millorar la qualitat dels resultats.\" \/>\n<meta property=\"og:url\" content=\"https:\/\/deltatecnic.com\/ca\/trading-cable-components\/nuova-sima\/\" \/>\n<meta property=\"og:site_name\" content=\"Delta Tecnic\" \/>\n<meta property=\"article:modified_time\" content=\"2024-03-25T09:08:59+00:00\" \/>\n<meta name=\"twitter:card\" content=\"summary_large_image\" \/>\n<meta name=\"twitter:label1\" content=\"Temps estimat de lectura\" \/>\n\t<meta name=\"twitter:data1\" content=\"1 minut\" \/>\n<!-- \/ Yoast SEO plugin. -->","yoast_head_json":{"title":"Nuova Sima | Solucions per a cables Delta Tecnica","description":"El comprom\u00eds amb el medi ambient, la investigaci\u00f3 i la innovaci\u00f3 dels seus productes permeten a Nuova Sima millorar la qualitat dels resultats.","robots":{"index":"index","follow":"follow","max-snippet":"max-snippet:-1","max-image-preview":"max-image-preview:large","max-video-preview":"max-video-preview:-1"},"canonical":"https:\/\/deltatecnic.com\/ca\/trading-cable-components\/nuova-sima\/","og_locale":"ca_ES","og_type":"article","og_title":"Nuova Sima | Solucions per a cables Delta Tecnica","og_description":"El comprom\u00eds amb el medi ambient, la investigaci\u00f3 i la innovaci\u00f3 dels seus productes permeten a Nuova Sima millorar la qualitat dels resultats.","og_url":"https:\/\/deltatecnic.com\/ca\/trading-cable-components\/nuova-sima\/","og_site_name":"Delta Tecnic","article_modified_time":"2024-03-25T09:08:59+00:00","twitter_card":"summary_large_image","twitter_misc":{"Temps estimat de lectura":"1 minut"},"schema":{"@context":"https:\/\/schema.org","@graph":[{"@type":"WebPage","@id":"https:\/\/deltatecnic.com\/ca\/trading-cable-components\/nuova-sima\/","url":"https:\/\/deltatecnic.com\/ca\/trading-cable-components\/nuova-sima\/","name":"Nuova Sima | Solucions per a cables Delta Tecnica","isPartOf":{"@id":"https:\/\/deltatecnic.com\/ca\/#website"},"datePublished":"2021-02-09T16:21:59+00:00","dateModified":"2024-03-25T09:08:59+00:00","description":"El comprom\u00eds amb el medi ambient, la investigaci\u00f3 i la innovaci\u00f3 dels seus productes permeten a Nuova Sima millorar la qualitat dels resultats.","breadcrumb":{"@id":"https:\/\/deltatecnic.com\/ca\/trading-cable-components\/nuova-sima\/#breadcrumb"},"inLanguage":"ca","potentialAction":[{"@type":"ReadAction","target":["https:\/\/deltatecnic.com\/ca\/trading-cable-components\/nuova-sima\/"]}]},{"@type":"BreadcrumbList","@id":"https:\/\/deltatecnic.com\/ca\/trading-cable-components\/nuova-sima\/#breadcrumb","itemListElement":[{"@type":"ListItem","position":1,"name":"Inici","item":"https:\/\/deltatecnic.com\/ca\/"},{"@type":"ListItem","position":2,"name":"Trading Cable Components","item":"https:\/\/deltatecnic.com\/ca\/trading-cable-components\/"},{"@type":"ListItem","position":3,"name":"Nuova Sima"}]},{"@type":"WebSite","@id":"https:\/\/deltatecnic.com\/ca\/#website","url":"https:\/\/deltatecnic.com\/ca\/","name":"Delta Tecnic","description":"Bringing colour to life","potentialAction":[{"@type":"SearchAction","target":{"@type":"EntryPoint","urlTemplate":"https:\/\/deltatecnic.com\/ca\/?s={search_term_string}"},"query-input":{"@type":"PropertyValueSpecification","valueRequired":true,"valueName":"search_term_string"}}],"inLanguage":"ca"}]}},"_links":{"self":[{"href":"https:\/\/deltatecnic.com\/ca\/wp-json\/wp\/v2\/pages\/11857","targetHints":{"allow":["GET"]}}],"collection":[{"href":"https:\/\/deltatecnic.com\/ca\/wp-json\/wp\/v2\/pages"}],"about":[{"href":"https:\/\/deltatecnic.com\/ca\/wp-json\/wp\/v2\/types\/page"}],"author":[{"embeddable":true,"href":"https:\/\/deltatecnic.com\/ca\/wp-json\/wp\/v2\/users\/1"}],"replies":[{"embeddable":true,"href":"https:\/\/deltatecnic.com\/ca\/wp-json\/wp\/v2\/comments?post=11857"}],"version-history":[{"count":0,"href":"https:\/\/deltatecnic.com\/ca\/wp-json\/wp\/v2\/pages\/11857\/revisions"}],"up":[{"embeddable":true,"href":"https:\/\/deltatecnic.com\/ca\/wp-json\/wp\/v2\/pages\/11855"}],"wp:attachment":[{"href":"https:\/\/deltatecnic.com\/ca\/wp-json\/wp\/v2\/media?parent=11857"}],"curies":[{"name":"wp","href":"https:\/\/api.w.org\/{rel}","templated":true}]}}