{"id":11855,"date":"2021-02-09T17:06:00","date_gmt":"2021-02-09T16:06:00","guid":{"rendered":"https:\/\/deltatecnic.com\/delta-trading-cable-components-2\/"},"modified":"2024-03-22T11:19:03","modified_gmt":"2024-03-22T10:19:03","slug":"trading-cable-components","status":"publish","type":"page","link":"https:\/\/deltatecnic.com\/ca\/trading-cable-components\/","title":{"rendered":"Trading Cable Components"},"content":{"rendered":"<p>[vc_row][vc_column][vc_single_image image=&#8221;13179&#8243; img_size=&#8221;full&#8221;][vc_column_text css=&#8221;.vc_custom_1636718948121{padding-bottom: 0px !important;}&#8221;]<span style=\"font-weight: 600;\">Cintes i filats per a la <a href=\"https:\/\/deltatecnic.com\/ca\/deltacolor-pvc\/cables\/\">ind\u00fastria de filferros i cables<\/a> amb acords de distribuci\u00f3 exclusiva amb els prove\u00efdors de primera qualitat d&#8217;aquest mercat.<\/span><\/p>\n<p>Delta Tecnic va ser fundada en 1982 per a la comercialitzaci\u00f3 de mat\u00e8ries primeres en sectors industrials com a pl\u00e0stics, filferros i cables i <a href=\"https:\/\/deltatecnic.com\/ca\/trading-cosmetics\/\">cosm\u00e8tica<\/a>. La cerca de la creaci\u00f3 de valor a llarg termini, el coneixement adquirit al llarg de m\u00e9s de 37 anys des de la nostra fundaci\u00f3 i l&#8217;estreta col\u00b7laboraci\u00f3 entre els nostres clients i representats, ens fan posicionar-nos com un soci de confian\u00e7a i d&#8217;avantguarda, capa\u00e7 de detectar les necessitats dels mercat, oferint el m\u00e0xim benefici per als nostres clients i prove\u00efdors.[\/vc_column_text][\/vc_column][\/vc_row]<\/p>\n","protected":false},"excerpt":{"rendered":"<p>[vc_row][vc_column][vc_single_image image=&#8221;13179&#8243; img_size=&#8221;full&#8221;][vc_column_text css=&#8221;.vc_custom_1636718948121{padding-bottom: 0px !important;}&#8221;]Cintes i filats per a la ind\u00fastria de filferros i cables amb acords de distribuci\u00f3 exclusiva amb els prove\u00efdors de primera qualitat d&#8217;aquest mercat. Delta Tecnic va ser fundada en 1982 per a la comercialitzaci\u00f3 de mat\u00e8ries primeres en sectors industrials com a pl\u00e0stics, filferros i cables i cosm\u00e8tica. La &hellip; <a href=\"https:\/\/deltatecnic.com\/ca\/trading-cable-components\/\" class=\"more-link\" title=\"Continue reading <span class=\"screen-reader-text\">Trading Cable Components<\/span>&#8220;>Continue reading <span class=\"screen-reader-text\">Trading Cable Components<\/span><\/a><\/p>\n","protected":false},"author":1,"featured_media":0,"parent":0,"menu_order":0,"comment_status":"closed","ping_status":"closed","template":"","meta":{"content-type":"","footnotes":""},"class_list":["post-11855","page","type-page","status-publish","hentry"],"yoast_head":"<!-- This site is optimized with the Yoast SEO plugin v27.1.1 - https:\/\/yoast.com\/product\/yoast-seo-wordpress\/ -->\n<title>Trading cable Components | Delta Tecnic<\/title>\n<meta name=\"description\" content=\"Cintes i filats per a la ind\u00fastria de filferros i cables amb acords de distribuci\u00f3 exclusiva amb els prove\u00efdors de primera qualitat d\u2019aquest mercat.\" \/>\n<meta name=\"robots\" content=\"index, follow, max-snippet:-1, max-image-preview:large, max-video-preview:-1\" \/>\n<link rel=\"canonical\" href=\"https:\/\/deltatecnic.com\/ca\/trading-cable-components\/\" \/>\n<meta property=\"og:locale\" content=\"ca_ES\" \/>\n<meta property=\"og:type\" content=\"article\" \/>\n<meta property=\"og:title\" content=\"Trading cable Components | Delta Tecnic\" \/>\n<meta property=\"og:description\" content=\"Cintes i filats per a la ind\u00fastria de filferros i cables amb acords de distribuci\u00f3 exclusiva amb els prove\u00efdors de primera qualitat d\u2019aquest mercat.\" \/>\n<meta property=\"og:url\" content=\"https:\/\/deltatecnic.com\/ca\/trading-cable-components\/\" \/>\n<meta property=\"og:site_name\" content=\"Delta Tecnic\" \/>\n<meta property=\"article:modified_time\" content=\"2024-03-22T10:19:03+00:00\" \/>\n<meta name=\"twitter:card\" content=\"summary_large_image\" \/>\n<meta name=\"twitter:label1\" content=\"Temps estimat de lectura\" \/>\n\t<meta name=\"twitter:data1\" content=\"1 minut\" \/>\n<!-- \/ Yoast SEO plugin. -->","yoast_head_json":{"title":"Trading cable Components | Delta Tecnic","description":"Cintes i filats per a la ind\u00fastria de filferros i cables amb acords de distribuci\u00f3 exclusiva amb els prove\u00efdors de primera qualitat d\u2019aquest mercat.","robots":{"index":"index","follow":"follow","max-snippet":"max-snippet:-1","max-image-preview":"max-image-preview:large","max-video-preview":"max-video-preview:-1"},"canonical":"https:\/\/deltatecnic.com\/ca\/trading-cable-components\/","og_locale":"ca_ES","og_type":"article","og_title":"Trading cable Components | Delta Tecnic","og_description":"Cintes i filats per a la ind\u00fastria de filferros i cables amb acords de distribuci\u00f3 exclusiva amb els prove\u00efdors de primera qualitat d\u2019aquest mercat.","og_url":"https:\/\/deltatecnic.com\/ca\/trading-cable-components\/","og_site_name":"Delta Tecnic","article_modified_time":"2024-03-22T10:19:03+00:00","twitter_card":"summary_large_image","twitter_misc":{"Temps estimat de lectura":"1 minut"},"schema":{"@context":"https:\/\/schema.org","@graph":[{"@type":"WebPage","@id":"https:\/\/deltatecnic.com\/ca\/trading-cable-components\/","url":"https:\/\/deltatecnic.com\/ca\/trading-cable-components\/","name":"Trading cable Components | Delta Tecnic","isPartOf":{"@id":"https:\/\/deltatecnic.com\/ca\/#website"},"datePublished":"2021-02-09T16:06:00+00:00","dateModified":"2024-03-22T10:19:03+00:00","description":"Cintes i filats per a la ind\u00fastria de filferros i cables amb acords de distribuci\u00f3 exclusiva amb els prove\u00efdors de primera qualitat d\u2019aquest mercat.","breadcrumb":{"@id":"https:\/\/deltatecnic.com\/ca\/trading-cable-components\/#breadcrumb"},"inLanguage":"ca","potentialAction":[{"@type":"ReadAction","target":["https:\/\/deltatecnic.com\/ca\/trading-cable-components\/"]}]},{"@type":"BreadcrumbList","@id":"https:\/\/deltatecnic.com\/ca\/trading-cable-components\/#breadcrumb","itemListElement":[{"@type":"ListItem","position":1,"name":"Inici","item":"https:\/\/deltatecnic.com\/ca\/"},{"@type":"ListItem","position":2,"name":"Trading Cable Components"}]},{"@type":"WebSite","@id":"https:\/\/deltatecnic.com\/ca\/#website","url":"https:\/\/deltatecnic.com\/ca\/","name":"Delta Tecnic","description":"Bringing colour to life","potentialAction":[{"@type":"SearchAction","target":{"@type":"EntryPoint","urlTemplate":"https:\/\/deltatecnic.com\/ca\/?s={search_term_string}"},"query-input":{"@type":"PropertyValueSpecification","valueRequired":true,"valueName":"search_term_string"}}],"inLanguage":"ca"}]}},"_links":{"self":[{"href":"https:\/\/deltatecnic.com\/ca\/wp-json\/wp\/v2\/pages\/11855","targetHints":{"allow":["GET"]}}],"collection":[{"href":"https:\/\/deltatecnic.com\/ca\/wp-json\/wp\/v2\/pages"}],"about":[{"href":"https:\/\/deltatecnic.com\/ca\/wp-json\/wp\/v2\/types\/page"}],"author":[{"embeddable":true,"href":"https:\/\/deltatecnic.com\/ca\/wp-json\/wp\/v2\/users\/1"}],"replies":[{"embeddable":true,"href":"https:\/\/deltatecnic.com\/ca\/wp-json\/wp\/v2\/comments?post=11855"}],"version-history":[{"count":0,"href":"https:\/\/deltatecnic.com\/ca\/wp-json\/wp\/v2\/pages\/11855\/revisions"}],"wp:attachment":[{"href":"https:\/\/deltatecnic.com\/ca\/wp-json\/wp\/v2\/media?parent=11855"}],"curies":[{"name":"wp","href":"https:\/\/api.w.org\/{rel}","templated":true}]}}