{"id":11853,"date":"2021-02-10T12:36:59","date_gmt":"2021-02-10T11:36:59","guid":{"rendered":"https:\/\/deltatecnic.com\/delta-trading-cosmetics-2\/ronald-britton\/"},"modified":"2024-03-25T10:11:26","modified_gmt":"2024-03-25T09:11:26","slug":"ronald-britton","status":"publish","type":"page","link":"https:\/\/deltatecnic.com\/ca\/trading-cosmetics\/ronald-britton\/","title":{"rendered":"Ronald Britton"},"content":{"rendered":"<p>[vc_row][vc_column][vc_single_image image=&#8221;13115&#8243; img_size=&#8221;full&#8221;][vc_separator border_width=&#8221;2&#8243;][vc_row_inner][vc_column_inner width=&#8221;1\/2&#8243;][vc_single_image image=&#8221;9039&#8243; img_size=&#8221;full&#8221; onclick=&#8221;custom_link&#8221; img_link_target=&#8221;_blank&#8221; link=&#8221;https:\/\/ronaldbritton.co.uk&#8221;][\/vc_column_inner][vc_column_inner width=&#8221;1\/2&#8243;][vc_single_image image=&#8221;9040&#8243; img_size=&#8221;large&#8221; alignment=&#8221;center&#8221;][\/vc_column_inner][\/vc_row_inner][vc_column_text]<span style=\"font-weight: 600;\">Ronald Britton \u00e9s una empresa brit\u00e0nica i ha estat involucrada en el subministrament de productes de purpurina al mercat del Regne Unit durant m\u00e9s de 40 anys. En 2010, Ronald Britton Ltd va recon\u00e8ixer que la purpurina pl\u00e0stica, a causa de la seva grand\u00e0ria, sent 100% pl\u00e0stic i utilitzada en aplicacions d&#8217;un sol \u00fas, podria contribuir a la contaminaci\u00f3 per micropl\u00e0stics.<\/span><\/p>\n<p>Sense una alternativa cre\u00efble, Ronald Britton Ltd es va embarcar en un viatge per a ser pioner en la ind\u00fastria i desenvolupar una alternativa ecol\u00f2gica a la purpurina pl\u00e0stica, amb la finalitat de brindar als fabricants i consumidors una opci\u00f3 viable per a allunyar-se de la purpurina pl\u00e0stica tradicional.<\/p>\n<p><a href=\"https:\/\/deltatecnic.com\/ca\/trading-pigments\/bioglitter-sili\/\">Bioglitter<\/a><sup>\u00ae<\/sup> \u00e9s la manifestaci\u00f3 d&#8217;aquesta visi\u00f3 i un viatge per a oferir en \u00faltima inst\u00e0ncia una gamma de lluentors sense micropl\u00e0stics que estan certificats de manera independent per a biodegradarse en els nostres preciosos camps i vies fluvials.[\/vc_column_text][\/vc_column][\/vc_row]<\/p>\n","protected":false},"excerpt":{"rendered":"<p>[vc_row][vc_column][vc_single_image image=&#8221;13115&#8243; img_size=&#8221;full&#8221;][vc_separator border_width=&#8221;2&#8243;][vc_row_inner][vc_column_inner width=&#8221;1\/2&#8243;][vc_single_image image=&#8221;9039&#8243; img_size=&#8221;full&#8221; onclick=&#8221;custom_link&#8221; img_link_target=&#8221;_blank&#8221; link=&#8221;https:\/\/ronaldbritton.co.uk&#8221;][\/vc_column_inner][vc_column_inner width=&#8221;1\/2&#8243;][vc_single_image image=&#8221;9040&#8243; img_size=&#8221;large&#8221; alignment=&#8221;center&#8221;][\/vc_column_inner][\/vc_row_inner][vc_column_text]Ronald Britton \u00e9s una empresa brit\u00e0nica i ha estat involucrada en el subministrament de productes de purpurina al mercat del Regne Unit durant m\u00e9s de 40 anys. En 2010, Ronald Britton Ltd va recon\u00e8ixer que la purpurina pl\u00e0stica, a causa de la &hellip; <a href=\"https:\/\/deltatecnic.com\/ca\/trading-cosmetics\/ronald-britton\/\" class=\"more-link\" title=\"Continue reading <span class=\"screen-reader-text\">Ronald Britton<\/span>&#8220;>Continue reading <span class=\"screen-reader-text\">Ronald Britton<\/span><\/a><\/p>\n","protected":false},"author":1,"featured_media":0,"parent":11835,"menu_order":0,"comment_status":"closed","ping_status":"closed","template":"","meta":{"content-type":"","footnotes":""},"class_list":["post-11853","page","type-page","status-publish","hentry"],"yoast_head":"<!-- This site is optimized with the Yoast SEO plugin v27.1.1 - https:\/\/yoast.com\/product\/yoast-seo-wordpress\/ -->\n<title>Ronald Britton - Solucions de productes cosm\u00e9tics<\/title>\n<meta name=\"description\" content=\"Ronald Britton empresa brit\u00e0nica involucrada en el subministrament de productes de purpurina al mercat del Regne Unit\" \/>\n<meta name=\"robots\" content=\"index, follow, max-snippet:-1, max-image-preview:large, max-video-preview:-1\" \/>\n<link rel=\"canonical\" href=\"https:\/\/deltatecnic.com\/ca\/trading-cosmetics\/ronald-britton\/\" \/>\n<meta property=\"og:locale\" content=\"ca_ES\" \/>\n<meta property=\"og:type\" content=\"article\" \/>\n<meta property=\"og:title\" content=\"Ronald Britton - Solucions de productes cosm\u00e9tics\" \/>\n<meta property=\"og:description\" content=\"Ronald Britton empresa brit\u00e0nica involucrada en el subministrament de productes de purpurina al mercat del Regne Unit\" \/>\n<meta property=\"og:url\" content=\"https:\/\/deltatecnic.com\/ca\/trading-cosmetics\/ronald-britton\/\" \/>\n<meta property=\"og:site_name\" content=\"Delta Tecnic\" \/>\n<meta property=\"article:modified_time\" content=\"2024-03-25T09:11:26+00:00\" \/>\n<meta name=\"twitter:card\" content=\"summary_large_image\" \/>\n<meta name=\"twitter:label1\" content=\"Temps estimat de lectura\" \/>\n\t<meta name=\"twitter:data1\" content=\"2 minuts\" \/>\n<!-- \/ Yoast SEO plugin. -->","yoast_head_json":{"title":"Ronald Britton - Solucions de productes cosm\u00e9tics","description":"Ronald Britton empresa brit\u00e0nica involucrada en el subministrament de productes de purpurina al mercat del Regne Unit","robots":{"index":"index","follow":"follow","max-snippet":"max-snippet:-1","max-image-preview":"max-image-preview:large","max-video-preview":"max-video-preview:-1"},"canonical":"https:\/\/deltatecnic.com\/ca\/trading-cosmetics\/ronald-britton\/","og_locale":"ca_ES","og_type":"article","og_title":"Ronald Britton - Solucions de productes cosm\u00e9tics","og_description":"Ronald Britton empresa brit\u00e0nica involucrada en el subministrament de productes de purpurina al mercat del Regne Unit","og_url":"https:\/\/deltatecnic.com\/ca\/trading-cosmetics\/ronald-britton\/","og_site_name":"Delta Tecnic","article_modified_time":"2024-03-25T09:11:26+00:00","twitter_card":"summary_large_image","twitter_misc":{"Temps estimat de lectura":"2 minuts"},"schema":{"@context":"https:\/\/schema.org","@graph":[{"@type":"WebPage","@id":"https:\/\/deltatecnic.com\/ca\/trading-cosmetics\/ronald-britton\/","url":"https:\/\/deltatecnic.com\/ca\/trading-cosmetics\/ronald-britton\/","name":"Ronald Britton - Solucions de productes cosm\u00e9tics","isPartOf":{"@id":"https:\/\/deltatecnic.com\/ca\/#website"},"datePublished":"2021-02-10T11:36:59+00:00","dateModified":"2024-03-25T09:11:26+00:00","description":"Ronald Britton empresa brit\u00e0nica involucrada en el subministrament de productes de purpurina al mercat del Regne Unit","breadcrumb":{"@id":"https:\/\/deltatecnic.com\/ca\/trading-cosmetics\/ronald-britton\/#breadcrumb"},"inLanguage":"ca","potentialAction":[{"@type":"ReadAction","target":["https:\/\/deltatecnic.com\/ca\/trading-cosmetics\/ronald-britton\/"]}]},{"@type":"BreadcrumbList","@id":"https:\/\/deltatecnic.com\/ca\/trading-cosmetics\/ronald-britton\/#breadcrumb","itemListElement":[{"@type":"ListItem","position":1,"name":"Inici","item":"https:\/\/deltatecnic.com\/ca\/"},{"@type":"ListItem","position":2,"name":"Trading Cosmetics","item":"https:\/\/deltatecnic.com\/ca\/trading-cosmetics\/"},{"@type":"ListItem","position":3,"name":"Ronald Britton"}]},{"@type":"WebSite","@id":"https:\/\/deltatecnic.com\/ca\/#website","url":"https:\/\/deltatecnic.com\/ca\/","name":"Delta Tecnic","description":"Bringing colour to life","potentialAction":[{"@type":"SearchAction","target":{"@type":"EntryPoint","urlTemplate":"https:\/\/deltatecnic.com\/ca\/?s={search_term_string}"},"query-input":{"@type":"PropertyValueSpecification","valueRequired":true,"valueName":"search_term_string"}}],"inLanguage":"ca"}]}},"_links":{"self":[{"href":"https:\/\/deltatecnic.com\/ca\/wp-json\/wp\/v2\/pages\/11853","targetHints":{"allow":["GET"]}}],"collection":[{"href":"https:\/\/deltatecnic.com\/ca\/wp-json\/wp\/v2\/pages"}],"about":[{"href":"https:\/\/deltatecnic.com\/ca\/wp-json\/wp\/v2\/types\/page"}],"author":[{"embeddable":true,"href":"https:\/\/deltatecnic.com\/ca\/wp-json\/wp\/v2\/users\/1"}],"replies":[{"embeddable":true,"href":"https:\/\/deltatecnic.com\/ca\/wp-json\/wp\/v2\/comments?post=11853"}],"version-history":[{"count":0,"href":"https:\/\/deltatecnic.com\/ca\/wp-json\/wp\/v2\/pages\/11853\/revisions"}],"up":[{"embeddable":true,"href":"https:\/\/deltatecnic.com\/ca\/wp-json\/wp\/v2\/pages\/11835"}],"wp:attachment":[{"href":"https:\/\/deltatecnic.com\/ca\/wp-json\/wp\/v2\/media?parent=11853"}],"curies":[{"name":"wp","href":"https:\/\/api.w.org\/{rel}","templated":true}]}}