{"id":11851,"date":"2021-02-03T13:23:37","date_gmt":"2021-02-03T12:23:37","guid":{"rendered":"https:\/\/deltatecnic.com\/delta-trading-cosmetics-2\/cabot\/"},"modified":"2024-11-13T12:26:41","modified_gmt":"2024-11-13T11:26:41","slug":"cabot","status":"publish","type":"page","link":"https:\/\/deltatecnic.com\/ca\/trading-cosmetics\/cabot\/","title":{"rendered":"Cabot"},"content":{"rendered":"<p>[vc_row][vc_column][vc_single_image image=&#8221;13114&#8243; img_size=&#8221;full&#8221;][vc_separator border_width=&#8221;2&#8243;][vc_row_inner][vc_column_inner width=&#8221;1\/2&#8243;][vc_single_image image=&#8221;8497&#8243; img_size=&#8221;180&#215;50&#8243; onclick=&#8221;custom_link&#8221; img_link_target=&#8221;_blank&#8221; link=&#8221;https:\/\/www.cabotcorp.com\/solutions\/applications\/pharmaceuticals-and-personal-care\/skin-and-beauty-care&#8221;][\/vc_column_inner][vc_column_inner width=&#8221;1\/2&#8243;][vc_single_image image=&#8221;9037&#8243; img_size=&#8221;large&#8221; alignment=&#8221;center&#8221;][\/vc_column_inner][\/vc_row_inner][vc_column_text]<span style=\"font-weight: 600;\">La nostra <a href=\"http:\/\/www.cabotcorp.com\/solutions\/products-plus\/fumed-metal-oxides\" target=\"_blank\" rel=\"noopener noreferrer\"><strong>s\u00edlice arom\u00e0tica CAB-O-SIL <sup>\u00ae<\/sup><\/strong><\/a> t\u00e9 propietats \u00faniques que s\u00f3n molt adequades per al seu \u00fas en una \u00e0mplia varietat de <a href=\"https:\/\/deltatecnic.com\/ca\/trading-cosmetics\/\">productes cosm\u00e8tics<\/a> i de cura personal, com ara antitranspirants, productes per a la cura del cabell i del cos, cosm\u00e8tics, frag\u00e0ncies i productes dentals.<\/span><\/p>\n<p>La s\u00edlice pirog\u00e9nica CAB-O-SIL \u00e9s un additiu vers\u00e0til i efica\u00e7 per a aconseguir diverses funcions importants. La seva gran superf\u00edcie i la seva alta puresa poden aportar avantatges \u00fanics a les f\u00f3rmules cosm\u00e8tiques i de cura personal.[\/vc_column_text][\/vc_column][\/vc_row]<\/p>\n","protected":false},"excerpt":{"rendered":"<p>[vc_row][vc_column][vc_single_image image=&#8221;13114&#8243; img_size=&#8221;full&#8221;][vc_separator border_width=&#8221;2&#8243;][vc_row_inner][vc_column_inner width=&#8221;1\/2&#8243;][vc_single_image image=&#8221;8497&#8243; img_size=&#8221;180&#215;50&#8243; onclick=&#8221;custom_link&#8221; img_link_target=&#8221;_blank&#8221; link=&#8221;https:\/\/www.cabotcorp.com\/solutions\/applications\/pharmaceuticals-and-personal-care\/skin-and-beauty-care&#8221;][\/vc_column_inner][vc_column_inner width=&#8221;1\/2&#8243;][vc_single_image image=&#8221;9037&#8243; img_size=&#8221;large&#8221; alignment=&#8221;center&#8221;][\/vc_column_inner][\/vc_row_inner][vc_column_text]La nostra s\u00edlice arom\u00e0tica CAB-O-SIL \u00ae t\u00e9 propietats \u00faniques que s\u00f3n molt adequades per al seu \u00fas en una \u00e0mplia varietat de productes cosm\u00e8tics i de cura personal, com ara antitranspirants, productes per a la cura del cabell i del cos, cosm\u00e8tics, &hellip; <a href=\"https:\/\/deltatecnic.com\/ca\/trading-cosmetics\/cabot\/\" class=\"more-link\" title=\"Continue reading <span class=\"screen-reader-text\">Cabot<\/span>&#8220;>Continue reading <span class=\"screen-reader-text\">Cabot<\/span><\/a><\/p>\n","protected":false},"author":1,"featured_media":0,"parent":11835,"menu_order":0,"comment_status":"closed","ping_status":"closed","template":"","meta":{"content-type":"","footnotes":""},"class_list":["post-11851","page","type-page","status-publish","hentry"],"yoast_head":"<!-- This site is optimized with the Yoast SEO plugin v27.1.1 - https:\/\/yoast.com\/product\/yoast-seo-wordpress\/ -->\n<title>Cabot | Cosm\u00e8tica comercial | Masterbatch Delta Tecnic<\/title>\n<meta name=\"description\" content=\"Els nostres productes de s\u00edlice arom\u00e0tica CAB-O-SIL\u00ae i d&#039;al\u00famina de fums SpectrAl\u00ae tenen propietats \u00faniques per al seu \u00fas en una \u00e0mplia varietat de productes cosm\u00e8tics i de cura personal\" \/>\n<meta name=\"robots\" content=\"index, follow, max-snippet:-1, max-image-preview:large, max-video-preview:-1\" \/>\n<link rel=\"canonical\" href=\"https:\/\/deltatecnic.com\/ca\/trading-cosmetics\/cabot\/\" \/>\n<meta property=\"og:locale\" content=\"ca_ES\" \/>\n<meta property=\"og:type\" content=\"article\" \/>\n<meta property=\"og:title\" content=\"Cabot | Cosm\u00e8tica comercial | Masterbatch Delta Tecnic\" \/>\n<meta property=\"og:description\" content=\"Els nostres productes de s\u00edlice arom\u00e0tica CAB-O-SIL\u00ae i d&#039;al\u00famina de fums SpectrAl\u00ae tenen propietats \u00faniques per al seu \u00fas en una \u00e0mplia varietat de productes cosm\u00e8tics i de cura personal\" \/>\n<meta property=\"og:url\" content=\"https:\/\/deltatecnic.com\/ca\/trading-cosmetics\/cabot\/\" \/>\n<meta property=\"og:site_name\" content=\"Delta Tecnic\" \/>\n<meta property=\"article:modified_time\" content=\"2024-11-13T11:26:41+00:00\" \/>\n<meta name=\"twitter:card\" content=\"summary_large_image\" \/>\n<meta name=\"twitter:label1\" content=\"Temps estimat de lectura\" \/>\n\t<meta name=\"twitter:data1\" content=\"1 minut\" \/>\n<!-- \/ Yoast SEO plugin. -->","yoast_head_json":{"title":"Cabot | Cosm\u00e8tica comercial | Masterbatch Delta Tecnic","description":"Els nostres productes de s\u00edlice arom\u00e0tica CAB-O-SIL\u00ae i d'al\u00famina de fums SpectrAl\u00ae tenen propietats \u00faniques per al seu \u00fas en una \u00e0mplia varietat de productes cosm\u00e8tics i de cura personal","robots":{"index":"index","follow":"follow","max-snippet":"max-snippet:-1","max-image-preview":"max-image-preview:large","max-video-preview":"max-video-preview:-1"},"canonical":"https:\/\/deltatecnic.com\/ca\/trading-cosmetics\/cabot\/","og_locale":"ca_ES","og_type":"article","og_title":"Cabot | Cosm\u00e8tica comercial | Masterbatch Delta Tecnic","og_description":"Els nostres productes de s\u00edlice arom\u00e0tica CAB-O-SIL\u00ae i d'al\u00famina de fums SpectrAl\u00ae tenen propietats \u00faniques per al seu \u00fas en una \u00e0mplia varietat de productes cosm\u00e8tics i de cura personal","og_url":"https:\/\/deltatecnic.com\/ca\/trading-cosmetics\/cabot\/","og_site_name":"Delta Tecnic","article_modified_time":"2024-11-13T11:26:41+00:00","twitter_card":"summary_large_image","twitter_misc":{"Temps estimat de lectura":"1 minut"},"schema":{"@context":"https:\/\/schema.org","@graph":[{"@type":"WebPage","@id":"https:\/\/deltatecnic.com\/ca\/trading-cosmetics\/cabot\/","url":"https:\/\/deltatecnic.com\/ca\/trading-cosmetics\/cabot\/","name":"Cabot | Cosm\u00e8tica comercial | Masterbatch Delta Tecnic","isPartOf":{"@id":"https:\/\/deltatecnic.com\/ca\/#website"},"datePublished":"2021-02-03T12:23:37+00:00","dateModified":"2024-11-13T11:26:41+00:00","description":"Els nostres productes de s\u00edlice arom\u00e0tica CAB-O-SIL\u00ae i d'al\u00famina de fums SpectrAl\u00ae tenen propietats \u00faniques per al seu \u00fas en una \u00e0mplia varietat de productes cosm\u00e8tics i de cura personal","breadcrumb":{"@id":"https:\/\/deltatecnic.com\/ca\/trading-cosmetics\/cabot\/#breadcrumb"},"inLanguage":"ca","potentialAction":[{"@type":"ReadAction","target":["https:\/\/deltatecnic.com\/ca\/trading-cosmetics\/cabot\/"]}]},{"@type":"BreadcrumbList","@id":"https:\/\/deltatecnic.com\/ca\/trading-cosmetics\/cabot\/#breadcrumb","itemListElement":[{"@type":"ListItem","position":1,"name":"Inici","item":"https:\/\/deltatecnic.com\/ca\/"},{"@type":"ListItem","position":2,"name":"Trading Cosmetics","item":"https:\/\/deltatecnic.com\/ca\/trading-cosmetics\/"},{"@type":"ListItem","position":3,"name":"Cabot"}]},{"@type":"WebSite","@id":"https:\/\/deltatecnic.com\/ca\/#website","url":"https:\/\/deltatecnic.com\/ca\/","name":"Delta Tecnic","description":"Bringing colour to life","potentialAction":[{"@type":"SearchAction","target":{"@type":"EntryPoint","urlTemplate":"https:\/\/deltatecnic.com\/ca\/?s={search_term_string}"},"query-input":{"@type":"PropertyValueSpecification","valueRequired":true,"valueName":"search_term_string"}}],"inLanguage":"ca"}]}},"_links":{"self":[{"href":"https:\/\/deltatecnic.com\/ca\/wp-json\/wp\/v2\/pages\/11851","targetHints":{"allow":["GET"]}}],"collection":[{"href":"https:\/\/deltatecnic.com\/ca\/wp-json\/wp\/v2\/pages"}],"about":[{"href":"https:\/\/deltatecnic.com\/ca\/wp-json\/wp\/v2\/types\/page"}],"author":[{"embeddable":true,"href":"https:\/\/deltatecnic.com\/ca\/wp-json\/wp\/v2\/users\/1"}],"replies":[{"embeddable":true,"href":"https:\/\/deltatecnic.com\/ca\/wp-json\/wp\/v2\/comments?post=11851"}],"version-history":[{"count":0,"href":"https:\/\/deltatecnic.com\/ca\/wp-json\/wp\/v2\/pages\/11851\/revisions"}],"up":[{"embeddable":true,"href":"https:\/\/deltatecnic.com\/ca\/wp-json\/wp\/v2\/pages\/11835"}],"wp:attachment":[{"href":"https:\/\/deltatecnic.com\/ca\/wp-json\/wp\/v2\/media?parent=11851"}],"curies":[{"name":"wp","href":"https:\/\/api.w.org\/{rel}","templated":true}]}}