{"id":11843,"date":"2021-02-03T13:21:26","date_gmt":"2021-02-03T12:21:26","guid":{"rendered":"https:\/\/deltatecnic.com\/delta-trading-cosmetics-2\/eckart\/"},"modified":"2024-11-13T12:21:45","modified_gmt":"2024-11-13T11:21:45","slug":"eckart","status":"publish","type":"page","link":"https:\/\/deltatecnic.com\/ca\/trading-cosmetics\/eckart\/","title":{"rendered":"Eckart"},"content":{"rendered":"<p>[vc_row][vc_column][vc_single_image image=&#8221;13115&#8243; img_size=&#8221;full&#8221;][vc_separator border_width=&#8221;2&#8243;][vc_row_inner][vc_column_inner width=&#8221;1\/2&#8243;][vc_single_image image=&#8221;8579&#8243; img_size=&#8221;full&#8221; onclick=&#8221;custom_link&#8221; img_link_target=&#8221;_blank&#8221; link=&#8221;https:\/\/www.eckart.net\/de\/en\/&#8221;][\/vc_column_inner][vc_column_inner width=&#8221;1\/2&#8243;][vc_single_image image=&#8221;16127&#8243; img_size=&#8221;large&#8221; alignment=&#8221;center&#8221;][\/vc_column_inner][\/vc_row_inner][vc_column_text]<span style=\"font-weight: 600;\">Els pigments perlats i met\u00e0l\u00b7lics, caracter\u00edstiques cl\u00e0ssiques que orquestren la bellesa, confereixen a les pols, les ombres d&#8217;ulls, les laques d&#8217;ungles, els productes per a la cura del cabell i els gels de dutxa un fascinant efecte de lluentor i una dimensi\u00f3 tangible \u00fanica, presentant aix\u00ed oportunitats totalment noves i fent-se indispensables per a la fabricaci\u00f3 dels cosm\u00e8tics actuals.<\/span><\/p>\n<p>El resultat \u00e9s sempre impressionant: excel\u00b7lents cosm\u00e8tics per a moments brillants.[\/vc_column_text][\/vc_column][\/vc_row]<\/p>\n","protected":false},"excerpt":{"rendered":"<p>[vc_row][vc_column][vc_single_image image=&#8221;13115&#8243; img_size=&#8221;full&#8221;][vc_separator border_width=&#8221;2&#8243;][vc_row_inner][vc_column_inner width=&#8221;1\/2&#8243;][vc_single_image image=&#8221;8579&#8243; img_size=&#8221;full&#8221; onclick=&#8221;custom_link&#8221; img_link_target=&#8221;_blank&#8221; link=&#8221;https:\/\/www.eckart.net\/de\/en\/&#8221;][\/vc_column_inner][vc_column_inner width=&#8221;1\/2&#8243;][vc_single_image image=&#8221;16127&#8243; img_size=&#8221;large&#8221; alignment=&#8221;center&#8221;][\/vc_column_inner][\/vc_row_inner][vc_column_text]Els pigments perlats i met\u00e0l\u00b7lics, caracter\u00edstiques cl\u00e0ssiques que orquestren la bellesa, confereixen a les pols, les ombres d&#8217;ulls, les laques d&#8217;ungles, els productes per a la cura del cabell i els gels de dutxa un fascinant efecte de lluentor i una dimensi\u00f3 &hellip; <a href=\"https:\/\/deltatecnic.com\/ca\/trading-cosmetics\/eckart\/\" class=\"more-link\" title=\"Continue reading <span class=\"screen-reader-text\">Eckart<\/span>&#8220;>Continue reading <span class=\"screen-reader-text\">Eckart<\/span><\/a><\/p>\n","protected":false},"author":1,"featured_media":0,"parent":11835,"menu_order":0,"comment_status":"closed","ping_status":"closed","template":"","meta":{"content-type":"","footnotes":""},"class_list":["post-11843","page","type-page","status-publish","hentry"],"yoast_head":"<!-- This site is optimized with the Yoast SEO plugin v27.1.1 - https:\/\/yoast.com\/product\/yoast-seo-wordpress\/ -->\n<title>Eckart - Solucions de productes cosm\u00e9tics | Delta Tenic<\/title>\n<meta name=\"description\" content=\"Pigments perlats i met\u00e0l\u00b7lics. Confereixen a pols, ombres d\u2019ulls, laques d\u2019ungles, productes pel cabell i gels de dutxa un fascinant efecte de brillant\" \/>\n<meta name=\"robots\" content=\"index, follow, max-snippet:-1, max-image-preview:large, max-video-preview:-1\" \/>\n<link rel=\"canonical\" href=\"https:\/\/deltatecnic.com\/ca\/trading-cosmetics\/eckart\/\" \/>\n<meta property=\"og:locale\" content=\"ca_ES\" \/>\n<meta property=\"og:type\" content=\"article\" \/>\n<meta property=\"og:title\" content=\"Eckart - Solucions de productes cosm\u00e9tics | Delta Tenic\" \/>\n<meta property=\"og:description\" content=\"Pigments perlats i met\u00e0l\u00b7lics. Confereixen a pols, ombres d\u2019ulls, laques d\u2019ungles, productes pel cabell i gels de dutxa un fascinant efecte de brillant\" \/>\n<meta property=\"og:url\" content=\"https:\/\/deltatecnic.com\/ca\/trading-cosmetics\/eckart\/\" \/>\n<meta property=\"og:site_name\" content=\"Delta Tecnic\" \/>\n<meta property=\"article:modified_time\" content=\"2024-11-13T11:21:45+00:00\" \/>\n<meta name=\"twitter:card\" content=\"summary_large_image\" \/>\n<meta name=\"twitter:label1\" content=\"Temps estimat de lectura\" \/>\n\t<meta name=\"twitter:data1\" content=\"1 minut\" \/>\n<!-- \/ Yoast SEO plugin. -->","yoast_head_json":{"title":"Eckart - Solucions de productes cosm\u00e9tics | Delta Tenic","description":"Pigments perlats i met\u00e0l\u00b7lics. Confereixen a pols, ombres d\u2019ulls, laques d\u2019ungles, productes pel cabell i gels de dutxa un fascinant efecte de brillant","robots":{"index":"index","follow":"follow","max-snippet":"max-snippet:-1","max-image-preview":"max-image-preview:large","max-video-preview":"max-video-preview:-1"},"canonical":"https:\/\/deltatecnic.com\/ca\/trading-cosmetics\/eckart\/","og_locale":"ca_ES","og_type":"article","og_title":"Eckart - Solucions de productes cosm\u00e9tics | Delta Tenic","og_description":"Pigments perlats i met\u00e0l\u00b7lics. Confereixen a pols, ombres d\u2019ulls, laques d\u2019ungles, productes pel cabell i gels de dutxa un fascinant efecte de brillant","og_url":"https:\/\/deltatecnic.com\/ca\/trading-cosmetics\/eckart\/","og_site_name":"Delta Tecnic","article_modified_time":"2024-11-13T11:21:45+00:00","twitter_card":"summary_large_image","twitter_misc":{"Temps estimat de lectura":"1 minut"},"schema":{"@context":"https:\/\/schema.org","@graph":[{"@type":"WebPage","@id":"https:\/\/deltatecnic.com\/ca\/trading-cosmetics\/eckart\/","url":"https:\/\/deltatecnic.com\/ca\/trading-cosmetics\/eckart\/","name":"Eckart - Solucions de productes cosm\u00e9tics | Delta Tenic","isPartOf":{"@id":"https:\/\/deltatecnic.com\/ca\/#website"},"datePublished":"2021-02-03T12:21:26+00:00","dateModified":"2024-11-13T11:21:45+00:00","description":"Pigments perlats i met\u00e0l\u00b7lics. Confereixen a pols, ombres d\u2019ulls, laques d\u2019ungles, productes pel cabell i gels de dutxa un fascinant efecte de brillant","breadcrumb":{"@id":"https:\/\/deltatecnic.com\/ca\/trading-cosmetics\/eckart\/#breadcrumb"},"inLanguage":"ca","potentialAction":[{"@type":"ReadAction","target":["https:\/\/deltatecnic.com\/ca\/trading-cosmetics\/eckart\/"]}]},{"@type":"BreadcrumbList","@id":"https:\/\/deltatecnic.com\/ca\/trading-cosmetics\/eckart\/#breadcrumb","itemListElement":[{"@type":"ListItem","position":1,"name":"Inici","item":"https:\/\/deltatecnic.com\/ca\/"},{"@type":"ListItem","position":2,"name":"Trading Cosmetics","item":"https:\/\/deltatecnic.com\/ca\/trading-cosmetics\/"},{"@type":"ListItem","position":3,"name":"Eckart"}]},{"@type":"WebSite","@id":"https:\/\/deltatecnic.com\/ca\/#website","url":"https:\/\/deltatecnic.com\/ca\/","name":"Delta Tecnic","description":"Bringing colour to life","potentialAction":[{"@type":"SearchAction","target":{"@type":"EntryPoint","urlTemplate":"https:\/\/deltatecnic.com\/ca\/?s={search_term_string}"},"query-input":{"@type":"PropertyValueSpecification","valueRequired":true,"valueName":"search_term_string"}}],"inLanguage":"ca"}]}},"_links":{"self":[{"href":"https:\/\/deltatecnic.com\/ca\/wp-json\/wp\/v2\/pages\/11843","targetHints":{"allow":["GET"]}}],"collection":[{"href":"https:\/\/deltatecnic.com\/ca\/wp-json\/wp\/v2\/pages"}],"about":[{"href":"https:\/\/deltatecnic.com\/ca\/wp-json\/wp\/v2\/types\/page"}],"author":[{"embeddable":true,"href":"https:\/\/deltatecnic.com\/ca\/wp-json\/wp\/v2\/users\/1"}],"replies":[{"embeddable":true,"href":"https:\/\/deltatecnic.com\/ca\/wp-json\/wp\/v2\/comments?post=11843"}],"version-history":[{"count":0,"href":"https:\/\/deltatecnic.com\/ca\/wp-json\/wp\/v2\/pages\/11843\/revisions"}],"up":[{"embeddable":true,"href":"https:\/\/deltatecnic.com\/ca\/wp-json\/wp\/v2\/pages\/11835"}],"wp:attachment":[{"href":"https:\/\/deltatecnic.com\/ca\/wp-json\/wp\/v2\/media?parent=11843"}],"curies":[{"name":"wp","href":"https:\/\/api.w.org\/{rel}","templated":true}]}}