{"id":11835,"date":"2021-02-03T13:13:27","date_gmt":"2021-02-03T12:13:27","guid":{"rendered":"https:\/\/deltatecnic.com\/delta-trading-cosmetics-2\/"},"modified":"2024-11-13T13:59:59","modified_gmt":"2024-11-13T12:59:59","slug":"trading-cosmetics","status":"publish","type":"page","link":"https:\/\/deltatecnic.com\/ca\/trading-cosmetics\/","title":{"rendered":"Trading Cosmetics"},"content":{"rendered":"<p>[vc_row][vc_column][vc_single_image image=&#8221;13115&#8243; img_size=&#8221;full&#8221;][vc_column_text css=&#8221;.vc_custom_1636717484896{padding-bottom: 0px !important;}&#8221;]<span style=\"font-weight: 600;\">Estem especialitzats en la distribuci\u00f3 exclusiva de productes amb propietats \u00faniques aptes per al seu \u00fas en una \u00e0mplia varietat de productes cosm\u00e8tics i de cura personal que presenten oportunitats totalment noves per a la fabricaci\u00f3 dels cosm\u00e8tics actuals.<\/span>[\/vc_column_text][\/vc_column][\/vc_row]<\/p>\n","protected":false},"excerpt":{"rendered":"<p>[vc_row][vc_column][vc_single_image image=&#8221;13115&#8243; img_size=&#8221;full&#8221;][vc_column_text css=&#8221;.vc_custom_1636717484896{padding-bottom: 0px !important;}&#8221;]Estem especialitzats en la distribuci\u00f3 exclusiva de productes amb propietats \u00faniques aptes per al seu \u00fas en una \u00e0mplia varietat de productes cosm\u00e8tics i de cura personal que presenten oportunitats totalment noves per a la fabricaci\u00f3 dels cosm\u00e8tics actuals.[\/vc_column_text][\/vc_column][\/vc_row]<\/p>\n","protected":false},"author":1,"featured_media":0,"parent":0,"menu_order":0,"comment_status":"closed","ping_status":"closed","template":"","meta":{"content-type":"","footnotes":""},"class_list":["post-11835","page","type-page","status-publish","hentry"],"yoast_head":"<!-- This site is optimized with the Yoast SEO plugin v27.1.1 - https:\/\/yoast.com\/product\/yoast-seo-wordpress\/ -->\n<title>Productes cosm\u00e8tics | Delta Tecnic<\/title>\n<meta name=\"description\" content=\"Especialitzada en la distribuci\u00f3 exclusiva de productes amb propietats \u00faniques adequats per al seu \u00fas en productes cosm\u00e8tics i de cura personal\" \/>\n<meta name=\"robots\" content=\"index, follow, max-snippet:-1, max-image-preview:large, max-video-preview:-1\" \/>\n<link rel=\"canonical\" href=\"https:\/\/deltatecnic.com\/ca\/trading-cosmetics\/\" \/>\n<meta property=\"og:locale\" content=\"ca_ES\" \/>\n<meta property=\"og:type\" content=\"article\" \/>\n<meta property=\"og:title\" content=\"Productes cosm\u00e8tics | Delta Tecnic\" \/>\n<meta property=\"og:description\" content=\"Especialitzada en la distribuci\u00f3 exclusiva de productes amb propietats \u00faniques adequats per al seu \u00fas en productes cosm\u00e8tics i de cura personal\" \/>\n<meta property=\"og:url\" content=\"https:\/\/deltatecnic.com\/ca\/trading-cosmetics\/\" \/>\n<meta property=\"og:site_name\" content=\"Delta Tecnic\" \/>\n<meta property=\"article:modified_time\" content=\"2024-11-13T12:59:59+00:00\" \/>\n<meta name=\"twitter:card\" content=\"summary_large_image\" \/>\n<meta name=\"twitter:label1\" content=\"Temps estimat de lectura\" \/>\n\t<meta name=\"twitter:data1\" content=\"1 minut\" \/>\n<!-- \/ Yoast SEO plugin. -->","yoast_head_json":{"title":"Productes cosm\u00e8tics | Delta Tecnic","description":"Especialitzada en la distribuci\u00f3 exclusiva de productes amb propietats \u00faniques adequats per al seu \u00fas en productes cosm\u00e8tics i de cura personal","robots":{"index":"index","follow":"follow","max-snippet":"max-snippet:-1","max-image-preview":"max-image-preview:large","max-video-preview":"max-video-preview:-1"},"canonical":"https:\/\/deltatecnic.com\/ca\/trading-cosmetics\/","og_locale":"ca_ES","og_type":"article","og_title":"Productes cosm\u00e8tics | Delta Tecnic","og_description":"Especialitzada en la distribuci\u00f3 exclusiva de productes amb propietats \u00faniques adequats per al seu \u00fas en productes cosm\u00e8tics i de cura personal","og_url":"https:\/\/deltatecnic.com\/ca\/trading-cosmetics\/","og_site_name":"Delta Tecnic","article_modified_time":"2024-11-13T12:59:59+00:00","twitter_card":"summary_large_image","twitter_misc":{"Temps estimat de lectura":"1 minut"},"schema":{"@context":"https:\/\/schema.org","@graph":[{"@type":"WebPage","@id":"https:\/\/deltatecnic.com\/ca\/trading-cosmetics\/","url":"https:\/\/deltatecnic.com\/ca\/trading-cosmetics\/","name":"Productes cosm\u00e8tics | Delta Tecnic","isPartOf":{"@id":"https:\/\/deltatecnic.com\/ca\/#website"},"datePublished":"2021-02-03T12:13:27+00:00","dateModified":"2024-11-13T12:59:59+00:00","description":"Especialitzada en la distribuci\u00f3 exclusiva de productes amb propietats \u00faniques adequats per al seu \u00fas en productes cosm\u00e8tics i de cura personal","breadcrumb":{"@id":"https:\/\/deltatecnic.com\/ca\/trading-cosmetics\/#breadcrumb"},"inLanguage":"ca","potentialAction":[{"@type":"ReadAction","target":["https:\/\/deltatecnic.com\/ca\/trading-cosmetics\/"]}]},{"@type":"BreadcrumbList","@id":"https:\/\/deltatecnic.com\/ca\/trading-cosmetics\/#breadcrumb","itemListElement":[{"@type":"ListItem","position":1,"name":"Inici","item":"https:\/\/deltatecnic.com\/ca\/"},{"@type":"ListItem","position":2,"name":"Trading Cosmetics"}]},{"@type":"WebSite","@id":"https:\/\/deltatecnic.com\/ca\/#website","url":"https:\/\/deltatecnic.com\/ca\/","name":"Delta Tecnic","description":"Bringing colour to life","potentialAction":[{"@type":"SearchAction","target":{"@type":"EntryPoint","urlTemplate":"https:\/\/deltatecnic.com\/ca\/?s={search_term_string}"},"query-input":{"@type":"PropertyValueSpecification","valueRequired":true,"valueName":"search_term_string"}}],"inLanguage":"ca"}]}},"_links":{"self":[{"href":"https:\/\/deltatecnic.com\/ca\/wp-json\/wp\/v2\/pages\/11835","targetHints":{"allow":["GET"]}}],"collection":[{"href":"https:\/\/deltatecnic.com\/ca\/wp-json\/wp\/v2\/pages"}],"about":[{"href":"https:\/\/deltatecnic.com\/ca\/wp-json\/wp\/v2\/types\/page"}],"author":[{"embeddable":true,"href":"https:\/\/deltatecnic.com\/ca\/wp-json\/wp\/v2\/users\/1"}],"replies":[{"embeddable":true,"href":"https:\/\/deltatecnic.com\/ca\/wp-json\/wp\/v2\/comments?post=11835"}],"version-history":[{"count":0,"href":"https:\/\/deltatecnic.com\/ca\/wp-json\/wp\/v2\/pages\/11835\/revisions"}],"wp:attachment":[{"href":"https:\/\/deltatecnic.com\/ca\/wp-json\/wp\/v2\/media?parent=11835"}],"curies":[{"name":"wp","href":"https:\/\/api.w.org\/{rel}","templated":true}]}}