{"id":11827,"date":"2021-01-21T10:51:38","date_gmt":"2021-01-21T09:51:38","guid":{"rendered":"https:\/\/deltatecnic.com\/delta-trading-pigments-2\/cinic\/"},"modified":"2024-03-25T10:13:03","modified_gmt":"2024-03-25T09:13:03","slug":"cinic","status":"publish","type":"page","link":"https:\/\/deltatecnic.com\/ca\/trading-pigments\/cinic\/","title":{"rendered":"Cinic"},"content":{"rendered":"<p>[vc_row][vc_column][vc_single_image image=&#8221;13118&#8243; img_size=&#8221;full&#8221;][vc_separator border_width=&#8221;2&#8243;][vc_row_inner][vc_column_inner width=&#8221;1\/2&#8243;][vc_single_image image=&#8221;8598&#8243; img_size=&#8221;271&#215;51&#8243; onclick=&#8221;custom_link&#8221; img_link_target=&#8221;_blank&#8221; link=&#8221;https:\/\/www.cinic.com\/en&#8221;][\/vc_column_inner][vc_column_inner width=&#8221;1\/2&#8243;][vc_single_image image=&#8221;9020&#8243; img_size=&#8221;large&#8221; alignment=&#8221;center&#8221;][\/vc_column_inner][\/vc_row_inner][vc_column_text]<span style=\"font-weight: 600;\">Fundada en 2003, Cinic Chemicals (Xangai) Co.Ltd., S&#8217;especialitza en la fabricaci\u00f3, comercialitzaci\u00f3, recerca i desenvolupament de pigments org\u00e0nics d&#8217;alt rendiment.<\/span><\/p>\n<p>Centrat i condu\u00eft per la millora cont\u00ednua, amb processos madurs, instal\u00b7lacions de producci\u00f3 espec\u00edfiques, la producci\u00f3 ben organitzat i el control de qualitat, la consist\u00e8ncia de la qualitat de Cinilex <sup>\u00ae<\/sup> pigments d&#8217;alt rendiment ha estat reconeguda pels nostres clients clau en el revestiment, pl\u00e0stic i tinta en l&#8217;\u00e0mbit mundial.<\/p>\n<p>Cinic Chemicals (Xangai) Co.Ltd., \u00e9s un prove\u00efdor l\u00edder de pigments org\u00e0nics d&#8217;alt rendiment per al mercat mundial.[\/vc_column_text][\/vc_column][\/vc_row]<\/p>\n","protected":false},"excerpt":{"rendered":"<p>[vc_row][vc_column][vc_single_image image=&#8221;13118&#8243; img_size=&#8221;full&#8221;][vc_separator border_width=&#8221;2&#8243;][vc_row_inner][vc_column_inner width=&#8221;1\/2&#8243;][vc_single_image image=&#8221;8598&#8243; img_size=&#8221;271&#215;51&#8243; onclick=&#8221;custom_link&#8221; img_link_target=&#8221;_blank&#8221; link=&#8221;https:\/\/www.cinic.com\/en&#8221;][\/vc_column_inner][vc_column_inner width=&#8221;1\/2&#8243;][vc_single_image image=&#8221;9020&#8243; img_size=&#8221;large&#8221; alignment=&#8221;center&#8221;][\/vc_column_inner][\/vc_row_inner][vc_column_text]Fundada en 2003, Cinic Chemicals (Xangai) Co.Ltd., S&#8217;especialitza en la fabricaci\u00f3, comercialitzaci\u00f3, recerca i desenvolupament de pigments org\u00e0nics d&#8217;alt rendiment. Centrat i condu\u00eft per la millora cont\u00ednua, amb processos madurs, instal\u00b7lacions de producci\u00f3 espec\u00edfiques, la producci\u00f3 ben organitzat i el control de &hellip; <a href=\"https:\/\/deltatecnic.com\/ca\/trading-pigments\/cinic\/\" class=\"more-link\" title=\"Continue reading <span class=\"screen-reader-text\">Cinic<\/span>&#8220;>Continue reading <span class=\"screen-reader-text\">Cinic<\/span><\/a><\/p>\n","protected":false},"author":1,"featured_media":0,"parent":11785,"menu_order":0,"comment_status":"closed","ping_status":"closed","template":"","meta":{"content-type":"","footnotes":""},"class_list":["post-11827","page","type-page","status-publish","hentry"],"yoast_head":"<!-- This site is optimized with the Yoast SEO plugin v27.1.1 - https:\/\/yoast.com\/product\/yoast-seo-wordpress\/ -->\n<title>Cinic | Especialistes en pigments de color i efectes<\/title>\n<meta name=\"description\" content=\"Cinic Chemicals est\u00e0 especialitzada en la producci\u00f3, comercialitzaci\u00f3, investigaci\u00f3 i desenvolupament de pigments org\u00e0nics d&#039;alt rendiment.\" \/>\n<meta name=\"robots\" content=\"index, follow, max-snippet:-1, max-image-preview:large, max-video-preview:-1\" \/>\n<link rel=\"canonical\" href=\"https:\/\/deltatecnic.com\/ca\/trading-pigments\/cinic\/\" \/>\n<meta property=\"og:locale\" content=\"ca_ES\" \/>\n<meta property=\"og:type\" content=\"article\" \/>\n<meta property=\"og:title\" content=\"Cinic | Especialistes en pigments de color i efectes\" \/>\n<meta property=\"og:description\" content=\"Cinic Chemicals est\u00e0 especialitzada en la producci\u00f3, comercialitzaci\u00f3, investigaci\u00f3 i desenvolupament de pigments org\u00e0nics d&#039;alt rendiment.\" \/>\n<meta property=\"og:url\" content=\"https:\/\/deltatecnic.com\/ca\/trading-pigments\/cinic\/\" \/>\n<meta property=\"og:site_name\" content=\"Delta Tecnic\" \/>\n<meta property=\"article:modified_time\" content=\"2024-03-25T09:13:03+00:00\" \/>\n<meta name=\"twitter:card\" content=\"summary_large_image\" \/>\n<meta name=\"twitter:label1\" content=\"Temps estimat de lectura\" \/>\n\t<meta name=\"twitter:data1\" content=\"2 minuts\" \/>\n<!-- \/ Yoast SEO plugin. -->","yoast_head_json":{"title":"Cinic | Especialistes en pigments de color i efectes","description":"Cinic Chemicals est\u00e0 especialitzada en la producci\u00f3, comercialitzaci\u00f3, investigaci\u00f3 i desenvolupament de pigments org\u00e0nics d'alt rendiment.","robots":{"index":"index","follow":"follow","max-snippet":"max-snippet:-1","max-image-preview":"max-image-preview:large","max-video-preview":"max-video-preview:-1"},"canonical":"https:\/\/deltatecnic.com\/ca\/trading-pigments\/cinic\/","og_locale":"ca_ES","og_type":"article","og_title":"Cinic | Especialistes en pigments de color i efectes","og_description":"Cinic Chemicals est\u00e0 especialitzada en la producci\u00f3, comercialitzaci\u00f3, investigaci\u00f3 i desenvolupament de pigments org\u00e0nics d'alt rendiment.","og_url":"https:\/\/deltatecnic.com\/ca\/trading-pigments\/cinic\/","og_site_name":"Delta Tecnic","article_modified_time":"2024-03-25T09:13:03+00:00","twitter_card":"summary_large_image","twitter_misc":{"Temps estimat de lectura":"2 minuts"},"schema":{"@context":"https:\/\/schema.org","@graph":[{"@type":"WebPage","@id":"https:\/\/deltatecnic.com\/ca\/trading-pigments\/cinic\/","url":"https:\/\/deltatecnic.com\/ca\/trading-pigments\/cinic\/","name":"Cinic | Especialistes en pigments de color i efectes","isPartOf":{"@id":"https:\/\/deltatecnic.com\/ca\/#website"},"datePublished":"2021-01-21T09:51:38+00:00","dateModified":"2024-03-25T09:13:03+00:00","description":"Cinic Chemicals est\u00e0 especialitzada en la producci\u00f3, comercialitzaci\u00f3, investigaci\u00f3 i desenvolupament de pigments org\u00e0nics d'alt rendiment.","breadcrumb":{"@id":"https:\/\/deltatecnic.com\/ca\/trading-pigments\/cinic\/#breadcrumb"},"inLanguage":"ca","potentialAction":[{"@type":"ReadAction","target":["https:\/\/deltatecnic.com\/ca\/trading-pigments\/cinic\/"]}]},{"@type":"BreadcrumbList","@id":"https:\/\/deltatecnic.com\/ca\/trading-pigments\/cinic\/#breadcrumb","itemListElement":[{"@type":"ListItem","position":1,"name":"Inici","item":"https:\/\/deltatecnic.com\/ca\/"},{"@type":"ListItem","position":2,"name":"Comer\u00e7 de pigments","item":"https:\/\/deltatecnic.com\/ca\/trading-pigments\/"},{"@type":"ListItem","position":3,"name":"Cinic"}]},{"@type":"WebSite","@id":"https:\/\/deltatecnic.com\/ca\/#website","url":"https:\/\/deltatecnic.com\/ca\/","name":"Delta Tecnic","description":"Bringing colour to life","potentialAction":[{"@type":"SearchAction","target":{"@type":"EntryPoint","urlTemplate":"https:\/\/deltatecnic.com\/ca\/?s={search_term_string}"},"query-input":{"@type":"PropertyValueSpecification","valueRequired":true,"valueName":"search_term_string"}}],"inLanguage":"ca"}]}},"_links":{"self":[{"href":"https:\/\/deltatecnic.com\/ca\/wp-json\/wp\/v2\/pages\/11827","targetHints":{"allow":["GET"]}}],"collection":[{"href":"https:\/\/deltatecnic.com\/ca\/wp-json\/wp\/v2\/pages"}],"about":[{"href":"https:\/\/deltatecnic.com\/ca\/wp-json\/wp\/v2\/types\/page"}],"author":[{"embeddable":true,"href":"https:\/\/deltatecnic.com\/ca\/wp-json\/wp\/v2\/users\/1"}],"replies":[{"embeddable":true,"href":"https:\/\/deltatecnic.com\/ca\/wp-json\/wp\/v2\/comments?post=11827"}],"version-history":[{"count":0,"href":"https:\/\/deltatecnic.com\/ca\/wp-json\/wp\/v2\/pages\/11827\/revisions"}],"up":[{"embeddable":true,"href":"https:\/\/deltatecnic.com\/ca\/wp-json\/wp\/v2\/pages\/11785"}],"wp:attachment":[{"href":"https:\/\/deltatecnic.com\/ca\/wp-json\/wp\/v2\/media?parent=11827"}],"curies":[{"name":"wp","href":"https:\/\/api.w.org\/{rel}","templated":true}]}}