{"id":11823,"date":"2021-01-21T10:49:10","date_gmt":"2021-01-21T09:49:10","guid":{"rendered":"https:\/\/deltatecnic.com\/delta-trading-pigments-2\/cabot\/"},"modified":"2024-04-12T12:44:10","modified_gmt":"2024-04-12T10:44:10","slug":"cabot","status":"publish","type":"page","link":"https:\/\/deltatecnic.com\/ca\/trading-pigments\/cabot\/","title":{"rendered":"Cabot"},"content":{"rendered":"<p>[vc_row][vc_column][vc_single_image image=&#8221;13117&#8243; img_size=&#8221;full&#8221;][vc_separator border_width=&#8221;2&#8243;][vc_row_inner][vc_column_inner width=&#8221;1\/2&#8243;][vc_single_image image=&#8221;8497&#8243; img_size=&#8221;180&#215;50&#8243; onclick=&#8221;custom_link&#8221; img_link_target=&#8221;_blank&#8221; link=&#8221;https:\/\/www.cabotcorp.com\/&#8221;][\/vc_column_inner][vc_column_inner width=&#8221;1\/2&#8243;][vc_single_image image=&#8221;9017&#8243; img_size=&#8221;large&#8221; alignment=&#8221;center&#8221;][\/vc_column_inner][\/vc_row_inner][vc_column_text]<span style=\"font-weight: 600;\"><a href=\"https:\/\/deltatecnic.com\/ca\/trading-plastics\/cabot\/\">Cabot<\/a> Corporation \u00e9s una empresa l\u00edder mundial en productes qu\u00edmics especialitzats i materials de rendiment amb seu a Boston, Massachusetts, els Estats Units. Durant m\u00e9s de 135 anys, ha proporcionat valor i innovaci\u00f3 als seus clients amb un coneixement profund de les seves ind\u00fastries i de les tend\u00e8ncies globals que afecten les seves operacions.  <\/span>Cabot \u00e9s una empresa &#8220;business to business&#8221; amb aproximadament 4500 empleats i m\u00e9s de 40 plantes de fabricaci\u00f3 en m\u00e9s de 20 pa\u00efsos.<\/p>\n<p>Oferim als nostres clients una \u00e0mplia gamma de productes, com ara carbonis especials, \u00f2xids met\u00e0l\u00b7lics fumats i aerogel.<\/p>\n<p>Els nostres clients agraeixen les posicions de lideratge global de CABOT a les ind\u00fastries que servim i el nostre comprom\u00eds d&#8217;ajudar-los a cr\u00e9ixer all\u00e0 on facin negoci.[\/vc_column_text][\/vc_column][\/vc_row]<\/p>\n","protected":false},"excerpt":{"rendered":"<p>[vc_row][vc_column][vc_single_image image=&#8221;13117&#8243; img_size=&#8221;full&#8221;][vc_separator border_width=&#8221;2&#8243;][vc_row_inner][vc_column_inner width=&#8221;1\/2&#8243;][vc_single_image image=&#8221;8497&#8243; img_size=&#8221;180&#215;50&#8243; onclick=&#8221;custom_link&#8221; img_link_target=&#8221;_blank&#8221; link=&#8221;https:\/\/www.cabotcorp.com\/&#8221;][\/vc_column_inner][vc_column_inner width=&#8221;1\/2&#8243;][vc_single_image image=&#8221;9017&#8243; img_size=&#8221;large&#8221; alignment=&#8221;center&#8221;][\/vc_column_inner][\/vc_row_inner][vc_column_text]Cabot Corporation \u00e9s una empresa l\u00edder mundial en productes qu\u00edmics especialitzats i materials de rendiment amb seu a Boston, Massachusetts, els Estats Units. Durant m\u00e9s de 135 anys, ha proporcionat valor i innovaci\u00f3 als seus clients amb un coneixement profund de les &hellip; <a href=\"https:\/\/deltatecnic.com\/ca\/trading-pigments\/cabot\/\" class=\"more-link\" title=\"Continue reading <span class=\"screen-reader-text\">Cabot<\/span>&#8220;>Continue reading <span class=\"screen-reader-text\">Cabot<\/span><\/a><\/p>\n","protected":false},"author":1,"featured_media":0,"parent":11785,"menu_order":0,"comment_status":"closed","ping_status":"closed","template":"","meta":{"content-type":"","footnotes":""},"class_list":["post-11823","page","type-page","status-publish","hentry"],"yoast_head":"<!-- This site is optimized with the Yoast SEO plugin v27.1.1 - https:\/\/yoast.com\/product\/yoast-seo-wordpress\/ -->\n<title>Cabot | Pigments comercials | Masterbatch Delta Tecnic<\/title>\n<meta name=\"description\" content=\"Oferim una \u00e0mplia gamma de productes com ara cautx\u00fa i carbonis especials, aerogels, masterbatches i compostos conductors, tints d&#039;injecci\u00f3 de tinta i grafens.\" \/>\n<meta name=\"robots\" content=\"index, follow, max-snippet:-1, max-image-preview:large, max-video-preview:-1\" \/>\n<link rel=\"canonical\" href=\"https:\/\/deltatecnic.com\/ca\/trading-pigments\/cabot\/\" \/>\n<meta property=\"og:locale\" content=\"ca_ES\" \/>\n<meta property=\"og:type\" content=\"article\" \/>\n<meta property=\"og:title\" content=\"Cabot | Pigments comercials | Masterbatch Delta Tecnic\" \/>\n<meta property=\"og:description\" content=\"Oferim una \u00e0mplia gamma de productes com ara cautx\u00fa i carbonis especials, aerogels, masterbatches i compostos conductors, tints d&#039;injecci\u00f3 de tinta i grafens.\" \/>\n<meta property=\"og:url\" content=\"https:\/\/deltatecnic.com\/ca\/trading-pigments\/cabot\/\" \/>\n<meta property=\"og:site_name\" content=\"Delta Tecnic\" \/>\n<meta property=\"article:modified_time\" content=\"2024-04-12T10:44:10+00:00\" \/>\n<meta name=\"twitter:card\" content=\"summary_large_image\" \/>\n<meta name=\"twitter:label1\" content=\"Temps estimat de lectura\" \/>\n\t<meta name=\"twitter:data1\" content=\"2 minuts\" \/>\n<!-- \/ Yoast SEO plugin. -->","yoast_head_json":{"title":"Cabot | Pigments comercials | Masterbatch Delta Tecnic","description":"Oferim una \u00e0mplia gamma de productes com ara cautx\u00fa i carbonis especials, aerogels, masterbatches i compostos conductors, tints d'injecci\u00f3 de tinta i grafens.","robots":{"index":"index","follow":"follow","max-snippet":"max-snippet:-1","max-image-preview":"max-image-preview:large","max-video-preview":"max-video-preview:-1"},"canonical":"https:\/\/deltatecnic.com\/ca\/trading-pigments\/cabot\/","og_locale":"ca_ES","og_type":"article","og_title":"Cabot | Pigments comercials | Masterbatch Delta Tecnic","og_description":"Oferim una \u00e0mplia gamma de productes com ara cautx\u00fa i carbonis especials, aerogels, masterbatches i compostos conductors, tints d'injecci\u00f3 de tinta i grafens.","og_url":"https:\/\/deltatecnic.com\/ca\/trading-pigments\/cabot\/","og_site_name":"Delta Tecnic","article_modified_time":"2024-04-12T10:44:10+00:00","twitter_card":"summary_large_image","twitter_misc":{"Temps estimat de lectura":"2 minuts"},"schema":{"@context":"https:\/\/schema.org","@graph":[{"@type":"WebPage","@id":"https:\/\/deltatecnic.com\/ca\/trading-pigments\/cabot\/","url":"https:\/\/deltatecnic.com\/ca\/trading-pigments\/cabot\/","name":"Cabot | Pigments comercials | Masterbatch Delta Tecnic","isPartOf":{"@id":"https:\/\/deltatecnic.com\/ca\/#website"},"datePublished":"2021-01-21T09:49:10+00:00","dateModified":"2024-04-12T10:44:10+00:00","description":"Oferim una \u00e0mplia gamma de productes com ara cautx\u00fa i carbonis especials, aerogels, masterbatches i compostos conductors, tints d'injecci\u00f3 de tinta i grafens.","breadcrumb":{"@id":"https:\/\/deltatecnic.com\/ca\/trading-pigments\/cabot\/#breadcrumb"},"inLanguage":"ca","potentialAction":[{"@type":"ReadAction","target":["https:\/\/deltatecnic.com\/ca\/trading-pigments\/cabot\/"]}]},{"@type":"BreadcrumbList","@id":"https:\/\/deltatecnic.com\/ca\/trading-pigments\/cabot\/#breadcrumb","itemListElement":[{"@type":"ListItem","position":1,"name":"Inici","item":"https:\/\/deltatecnic.com\/ca\/"},{"@type":"ListItem","position":2,"name":"Comer\u00e7 de pigments","item":"https:\/\/deltatecnic.com\/ca\/trading-pigments\/"},{"@type":"ListItem","position":3,"name":"Cabot"}]},{"@type":"WebSite","@id":"https:\/\/deltatecnic.com\/ca\/#website","url":"https:\/\/deltatecnic.com\/ca\/","name":"Delta Tecnic","description":"Bringing colour to life","potentialAction":[{"@type":"SearchAction","target":{"@type":"EntryPoint","urlTemplate":"https:\/\/deltatecnic.com\/ca\/?s={search_term_string}"},"query-input":{"@type":"PropertyValueSpecification","valueRequired":true,"valueName":"search_term_string"}}],"inLanguage":"ca"}]}},"_links":{"self":[{"href":"https:\/\/deltatecnic.com\/ca\/wp-json\/wp\/v2\/pages\/11823","targetHints":{"allow":["GET"]}}],"collection":[{"href":"https:\/\/deltatecnic.com\/ca\/wp-json\/wp\/v2\/pages"}],"about":[{"href":"https:\/\/deltatecnic.com\/ca\/wp-json\/wp\/v2\/types\/page"}],"author":[{"embeddable":true,"href":"https:\/\/deltatecnic.com\/ca\/wp-json\/wp\/v2\/users\/1"}],"replies":[{"embeddable":true,"href":"https:\/\/deltatecnic.com\/ca\/wp-json\/wp\/v2\/comments?post=11823"}],"version-history":[{"count":0,"href":"https:\/\/deltatecnic.com\/ca\/wp-json\/wp\/v2\/pages\/11823\/revisions"}],"up":[{"embeddable":true,"href":"https:\/\/deltatecnic.com\/ca\/wp-json\/wp\/v2\/pages\/11785"}],"wp:attachment":[{"href":"https:\/\/deltatecnic.com\/ca\/wp-json\/wp\/v2\/media?parent=11823"}],"curies":[{"name":"wp","href":"https:\/\/api.w.org\/{rel}","templated":true}]}}