{"id":11813,"date":"2021-01-13T16:54:09","date_gmt":"2021-01-13T15:54:09","guid":{"rendered":"https:\/\/deltatecnic.com\/delta-trading-plastics-2\/kennametal\/"},"modified":"2024-04-19T10:46:03","modified_gmt":"2024-04-19T08:46:03","slug":"kennametal","status":"publish","type":"page","link":"https:\/\/deltatecnic.com\/ca\/trading-plastics\/kennametal\/","title":{"rendered":"Kennametal"},"content":{"rendered":"<p>[vc_row][vc_column][vc_single_image image=&#8221;13120&#8243; img_size=&#8221;full&#8221;][vc_separator border_width=&#8221;2&#8243;][vc_row_inner][vc_column_inner width=&#8221;1\/2&#8243;][vc_single_image image=&#8221;8510&#8243; img_size=&#8221;250&#215;46&#8243; onclick=&#8221;custom_link&#8221; img_link_target=&#8221;_blank&#8221; link=&#8221;https:\/\/www.kennametal.com\/content\/kennametal\/us\/en\/home.html&#8221;][\/vc_column_inner][vc_column_inner width=&#8221;1\/2&#8243;][vc_single_image image=&#8221;8988&#8243; img_size=&#8221;large&#8221; alignment=&#8221;center&#8221;][\/vc_column_inner][\/vc_row_inner][vc_column_text]<strong>Kennametal \u00e9s l\u00edder mundial en eines de tall industrials, tecnologies d&#8217;enginyeria i materials avan\u00e7ats, que ofereix solucions per a diverses ind\u00fastries com ara l&#8217;automoci\u00f3, l&#8217;aeroespacial, l&#8217;energia i el transport.  <\/strong><\/p>\n<p>Dins de la seva divisi\u00f3 Kennametal Sintec destaquen les peces met\u00e0l\u00b7liques utilitzades en el proc\u00e9s de metal\u00b7litzaci\u00f3 de pl\u00e0stics o paper. Durant aquest procediment, les peces s&#8217;omplen amb material de recobriment met\u00e0l\u00b7lic i s&#8217;introdueixen en una cambra de buit, donant lloc a un revestiment met\u00e0l\u00b7lic prim i uniforme que es diposita a la superf\u00edcie del pl\u00e0stic o paper, millorant les seves propietats est\u00e8tiques i funcionals.[\/vc_column_text][\/vc_column][\/vc_row]<\/p>\n","protected":false},"excerpt":{"rendered":"<p>[vc_row][vc_column][vc_single_image image=&#8221;13120&#8243; img_size=&#8221;full&#8221;][vc_separator border_width=&#8221;2&#8243;][vc_row_inner][vc_column_inner width=&#8221;1\/2&#8243;][vc_single_image image=&#8221;8510&#8243; img_size=&#8221;250&#215;46&#8243; onclick=&#8221;custom_link&#8221; img_link_target=&#8221;_blank&#8221; link=&#8221;https:\/\/www.kennametal.com\/content\/kennametal\/us\/en\/home.html&#8221;][\/vc_column_inner][vc_column_inner width=&#8221;1\/2&#8243;][vc_single_image image=&#8221;8988&#8243; img_size=&#8221;large&#8221; alignment=&#8221;center&#8221;][\/vc_column_inner][\/vc_row_inner][vc_column_text]Kennametal \u00e9s l\u00edder mundial en eines de tall industrials, tecnologies d&#8217;enginyeria i materials avan\u00e7ats, que ofereix solucions per a diverses ind\u00fastries com ara l&#8217;automoci\u00f3, l&#8217;aeroespacial, l&#8217;energia i el transport. Dins de la seva divisi\u00f3 Kennametal Sintec destaquen les peces met\u00e0l\u00b7liques utilitzades en &hellip; <a href=\"https:\/\/deltatecnic.com\/ca\/trading-plastics\/kennametal\/\" class=\"more-link\" title=\"Continue reading <span class=\"screen-reader-text\">Kennametal<\/span>&#8220;>Continue reading <span class=\"screen-reader-text\">Kennametal<\/span><\/a><\/p>\n","protected":false},"author":1,"featured_media":0,"parent":11791,"menu_order":0,"comment_status":"closed","ping_status":"closed","template":"","meta":{"content-type":"","footnotes":""},"class_list":["post-11813","page","type-page","status-publish","hentry"],"yoast_head":"<!-- This site is optimized with the Yoast SEO plugin v27.1.1 - https:\/\/yoast.com\/product\/yoast-seo-wordpress\/ -->\n<title>Kennametal | Comer\u00e7 de pl\u00e0stics | Masterbatch Delta Tecnic<\/title>\n<meta name=\"description\" content=\"Com a l\u00edder en tecnologia industrial, Kennametal Inc. ofereix productivitat als seus clients mitjan\u00e7ant la ci\u00e8ncia dels materials, les eines i les solucions resistents al desgast.\" \/>\n<meta name=\"robots\" content=\"index, follow, max-snippet:-1, max-image-preview:large, max-video-preview:-1\" \/>\n<link rel=\"canonical\" href=\"https:\/\/deltatecnic.com\/ca\/trading-plastics\/kennametal\/\" \/>\n<meta property=\"og:locale\" content=\"ca_ES\" \/>\n<meta property=\"og:type\" content=\"article\" \/>\n<meta property=\"og:title\" content=\"Kennametal | Comer\u00e7 de pl\u00e0stics | Masterbatch Delta Tecnic\" \/>\n<meta property=\"og:description\" content=\"Com a l\u00edder en tecnologia industrial, Kennametal Inc. ofereix productivitat als seus clients mitjan\u00e7ant la ci\u00e8ncia dels materials, les eines i les solucions resistents al desgast.\" \/>\n<meta property=\"og:url\" content=\"https:\/\/deltatecnic.com\/ca\/trading-plastics\/kennametal\/\" \/>\n<meta property=\"og:site_name\" content=\"Delta Tecnic\" \/>\n<meta property=\"article:modified_time\" content=\"2024-04-19T08:46:03+00:00\" \/>\n<meta name=\"twitter:card\" content=\"summary_large_image\" \/>\n<meta name=\"twitter:label1\" content=\"Temps estimat de lectura\" \/>\n\t<meta name=\"twitter:data1\" content=\"1 minut\" \/>\n<!-- \/ Yoast SEO plugin. -->","yoast_head_json":{"title":"Kennametal | Comer\u00e7 de pl\u00e0stics | Masterbatch Delta Tecnic","description":"Com a l\u00edder en tecnologia industrial, Kennametal Inc. ofereix productivitat als seus clients mitjan\u00e7ant la ci\u00e8ncia dels materials, les eines i les solucions resistents al desgast.","robots":{"index":"index","follow":"follow","max-snippet":"max-snippet:-1","max-image-preview":"max-image-preview:large","max-video-preview":"max-video-preview:-1"},"canonical":"https:\/\/deltatecnic.com\/ca\/trading-plastics\/kennametal\/","og_locale":"ca_ES","og_type":"article","og_title":"Kennametal | Comer\u00e7 de pl\u00e0stics | Masterbatch Delta Tecnic","og_description":"Com a l\u00edder en tecnologia industrial, Kennametal Inc. ofereix productivitat als seus clients mitjan\u00e7ant la ci\u00e8ncia dels materials, les eines i les solucions resistents al desgast.","og_url":"https:\/\/deltatecnic.com\/ca\/trading-plastics\/kennametal\/","og_site_name":"Delta Tecnic","article_modified_time":"2024-04-19T08:46:03+00:00","twitter_card":"summary_large_image","twitter_misc":{"Temps estimat de lectura":"1 minut"},"schema":{"@context":"https:\/\/schema.org","@graph":[{"@type":"WebPage","@id":"https:\/\/deltatecnic.com\/ca\/trading-plastics\/kennametal\/","url":"https:\/\/deltatecnic.com\/ca\/trading-plastics\/kennametal\/","name":"Kennametal | Comer\u00e7 de pl\u00e0stics | Masterbatch Delta Tecnic","isPartOf":{"@id":"https:\/\/deltatecnic.com\/ca\/#website"},"datePublished":"2021-01-13T15:54:09+00:00","dateModified":"2024-04-19T08:46:03+00:00","description":"Com a l\u00edder en tecnologia industrial, Kennametal Inc. ofereix productivitat als seus clients mitjan\u00e7ant la ci\u00e8ncia dels materials, les eines i les solucions resistents al desgast.","breadcrumb":{"@id":"https:\/\/deltatecnic.com\/ca\/trading-plastics\/kennametal\/#breadcrumb"},"inLanguage":"ca","potentialAction":[{"@type":"ReadAction","target":["https:\/\/deltatecnic.com\/ca\/trading-plastics\/kennametal\/"]}]},{"@type":"BreadcrumbList","@id":"https:\/\/deltatecnic.com\/ca\/trading-plastics\/kennametal\/#breadcrumb","itemListElement":[{"@type":"ListItem","position":1,"name":"Inici","item":"https:\/\/deltatecnic.com\/ca\/"},{"@type":"ListItem","position":2,"name":"Comer\u00e7 de pl\u00e0stics","item":"https:\/\/deltatecnic.com\/ca\/trading-plastics\/"},{"@type":"ListItem","position":3,"name":"Kennametal"}]},{"@type":"WebSite","@id":"https:\/\/deltatecnic.com\/ca\/#website","url":"https:\/\/deltatecnic.com\/ca\/","name":"Delta Tecnic","description":"Bringing colour to life","potentialAction":[{"@type":"SearchAction","target":{"@type":"EntryPoint","urlTemplate":"https:\/\/deltatecnic.com\/ca\/?s={search_term_string}"},"query-input":{"@type":"PropertyValueSpecification","valueRequired":true,"valueName":"search_term_string"}}],"inLanguage":"ca"}]}},"_links":{"self":[{"href":"https:\/\/deltatecnic.com\/ca\/wp-json\/wp\/v2\/pages\/11813","targetHints":{"allow":["GET"]}}],"collection":[{"href":"https:\/\/deltatecnic.com\/ca\/wp-json\/wp\/v2\/pages"}],"about":[{"href":"https:\/\/deltatecnic.com\/ca\/wp-json\/wp\/v2\/types\/page"}],"author":[{"embeddable":true,"href":"https:\/\/deltatecnic.com\/ca\/wp-json\/wp\/v2\/users\/1"}],"replies":[{"embeddable":true,"href":"https:\/\/deltatecnic.com\/ca\/wp-json\/wp\/v2\/comments?post=11813"}],"version-history":[{"count":0,"href":"https:\/\/deltatecnic.com\/ca\/wp-json\/wp\/v2\/pages\/11813\/revisions"}],"up":[{"embeddable":true,"href":"https:\/\/deltatecnic.com\/ca\/wp-json\/wp\/v2\/pages\/11791"}],"wp:attachment":[{"href":"https:\/\/deltatecnic.com\/ca\/wp-json\/wp\/v2\/media?parent=11813"}],"curies":[{"name":"wp","href":"https:\/\/api.w.org\/{rel}","templated":true}]}}