{"id":11805,"date":"2021-01-13T16:48:50","date_gmt":"2021-01-13T15:48:50","guid":{"rendered":"https:\/\/deltatecnic.com\/delta-trading-plastics-2\/rifra\/"},"modified":"2024-04-19T10:31:30","modified_gmt":"2024-04-19T08:31:30","slug":"rifra","status":"publish","type":"page","link":"https:\/\/deltatecnic.com\/ca\/trading-plastics\/rifra\/","title":{"rendered":"Rifra"},"content":{"rendered":"<p>[vc_row][vc_column][vc_single_image image=&#8221;13120&#8243; img_size=&#8221;full&#8221;][vc_separator border_width=&#8221;2&#8243;][vc_row_inner][vc_column_inner width=&#8221;1\/2&#8243;][vc_single_image image=&#8221;8503&#8243; img_size=&#8221;250&#215;76&#8243; onclick=&#8221;custom_link&#8221; img_link_target=&#8221;_blank&#8221; link=&#8221;https:\/\/www.rifra.it\/&#8221;][\/vc_column_inner][vc_column_inner width=&#8221;1\/2&#8243;][vc_single_image image=&#8221;8984&#8243; img_size=&#8221;large&#8221; alignment=&#8221;center&#8221;][\/vc_column_inner][\/vc_row_inner][vc_column_text]<strong>Rifra <a href=\"https:\/\/deltatecnic.com\/ca\/\">Masterbatch<\/a> \u00e9s una empresa especialitzada en la fabricaci\u00f3 i subministrament de masterbatch, centrada en la creaci\u00f3 de colors i projectes personalitzats per als clients.  <\/strong><\/p>\n<p>Els masterbatches, que s\u00f3n concentrats d&#8217;additius o pigments, s&#8217;utilitzen per acolorir o millorar les propietats dels pl\u00e0stics durant el proc\u00e9s de fabricaci\u00f3 en ind\u00fastries com l&#8217;embalatge, l&#8217;automoci\u00f3, la construcci\u00f3 i l&#8217;agricultura. Col\u00b7laborem estretament amb els clients per desenvolupar productes que satisfan les seves necessitats espec\u00edfiques.[\/vc_column_text][\/vc_column][\/vc_row]<\/p>\n","protected":false},"excerpt":{"rendered":"<p>[vc_row][vc_column][vc_single_image image=&#8221;13120&#8243; img_size=&#8221;full&#8221;][vc_separator border_width=&#8221;2&#8243;][vc_row_inner][vc_column_inner width=&#8221;1\/2&#8243;][vc_single_image image=&#8221;8503&#8243; img_size=&#8221;250&#215;76&#8243; onclick=&#8221;custom_link&#8221; img_link_target=&#8221;_blank&#8221; link=&#8221;https:\/\/www.rifra.it\/&#8221;][\/vc_column_inner][vc_column_inner width=&#8221;1\/2&#8243;][vc_single_image image=&#8221;8984&#8243; img_size=&#8221;large&#8221; alignment=&#8221;center&#8221;][\/vc_column_inner][\/vc_row_inner][vc_column_text]Rifra Masterbatch \u00e9s una empresa especialitzada en la fabricaci\u00f3 i subministrament de masterbatch, centrada en la creaci\u00f3 de colors i projectes personalitzats per als clients. Els masterbatches, que s\u00f3n concentrats d&#8217;additius o pigments, s&#8217;utilitzen per acolorir o millorar les propietats dels pl\u00e0stics &hellip; <a href=\"https:\/\/deltatecnic.com\/ca\/trading-plastics\/rifra\/\" class=\"more-link\" title=\"Continue reading <span class=\"screen-reader-text\">Rifra<\/span>&#8220;>Continue reading <span class=\"screen-reader-text\">Rifra<\/span><\/a><\/p>\n","protected":false},"author":1,"featured_media":0,"parent":11791,"menu_order":0,"comment_status":"closed","ping_status":"closed","template":"","meta":{"content-type":"","footnotes":""},"class_list":["post-11805","page","type-page","status-publish","hentry"],"yoast_head":"<!-- This site is optimized with the Yoast SEO plugin v27.1.1 - https:\/\/yoast.com\/product\/yoast-seo-wordpress\/ -->\n<title>Rifra | Comer\u00e7 de pl\u00e0stics | Masterbatch Delta Tecnic<\/title>\n<meta name=\"description\" content=\"Experts en coloraci\u00f3 i addici\u00f3 de materials pl\u00e0stics, per a qualsevol tipus de pol\u00edmer, des de poliolefines fins a tecnopol\u00edmers i biopol\u00edmers.\" \/>\n<meta name=\"robots\" content=\"index, follow, max-snippet:-1, max-image-preview:large, max-video-preview:-1\" \/>\n<link rel=\"canonical\" href=\"https:\/\/deltatecnic.com\/ca\/trading-plastics\/rifra\/\" \/>\n<meta property=\"og:locale\" content=\"ca_ES\" \/>\n<meta property=\"og:type\" content=\"article\" \/>\n<meta property=\"og:title\" content=\"Rifra | Comer\u00e7 de pl\u00e0stics | Masterbatch Delta Tecnic\" \/>\n<meta property=\"og:description\" content=\"Experts en coloraci\u00f3 i addici\u00f3 de materials pl\u00e0stics, per a qualsevol tipus de pol\u00edmer, des de poliolefines fins a tecnopol\u00edmers i biopol\u00edmers.\" \/>\n<meta property=\"og:url\" content=\"https:\/\/deltatecnic.com\/ca\/trading-plastics\/rifra\/\" \/>\n<meta property=\"og:site_name\" content=\"Delta Tecnic\" \/>\n<meta property=\"article:modified_time\" content=\"2024-04-19T08:31:30+00:00\" \/>\n<meta name=\"twitter:card\" content=\"summary_large_image\" \/>\n<meta name=\"twitter:label1\" content=\"Temps estimat de lectura\" \/>\n\t<meta name=\"twitter:data1\" content=\"2 minuts\" \/>\n<!-- \/ Yoast SEO plugin. -->","yoast_head_json":{"title":"Rifra | Comer\u00e7 de pl\u00e0stics | Masterbatch Delta Tecnic","description":"Experts en coloraci\u00f3 i addici\u00f3 de materials pl\u00e0stics, per a qualsevol tipus de pol\u00edmer, des de poliolefines fins a tecnopol\u00edmers i biopol\u00edmers.","robots":{"index":"index","follow":"follow","max-snippet":"max-snippet:-1","max-image-preview":"max-image-preview:large","max-video-preview":"max-video-preview:-1"},"canonical":"https:\/\/deltatecnic.com\/ca\/trading-plastics\/rifra\/","og_locale":"ca_ES","og_type":"article","og_title":"Rifra | Comer\u00e7 de pl\u00e0stics | Masterbatch Delta Tecnic","og_description":"Experts en coloraci\u00f3 i addici\u00f3 de materials pl\u00e0stics, per a qualsevol tipus de pol\u00edmer, des de poliolefines fins a tecnopol\u00edmers i biopol\u00edmers.","og_url":"https:\/\/deltatecnic.com\/ca\/trading-plastics\/rifra\/","og_site_name":"Delta Tecnic","article_modified_time":"2024-04-19T08:31:30+00:00","twitter_card":"summary_large_image","twitter_misc":{"Temps estimat de lectura":"2 minuts"},"schema":{"@context":"https:\/\/schema.org","@graph":[{"@type":"WebPage","@id":"https:\/\/deltatecnic.com\/ca\/trading-plastics\/rifra\/","url":"https:\/\/deltatecnic.com\/ca\/trading-plastics\/rifra\/","name":"Rifra | Comer\u00e7 de pl\u00e0stics | Masterbatch Delta Tecnic","isPartOf":{"@id":"https:\/\/deltatecnic.com\/ca\/#website"},"datePublished":"2021-01-13T15:48:50+00:00","dateModified":"2024-04-19T08:31:30+00:00","description":"Experts en coloraci\u00f3 i addici\u00f3 de materials pl\u00e0stics, per a qualsevol tipus de pol\u00edmer, des de poliolefines fins a tecnopol\u00edmers i biopol\u00edmers.","breadcrumb":{"@id":"https:\/\/deltatecnic.com\/ca\/trading-plastics\/rifra\/#breadcrumb"},"inLanguage":"ca","potentialAction":[{"@type":"ReadAction","target":["https:\/\/deltatecnic.com\/ca\/trading-plastics\/rifra\/"]}]},{"@type":"BreadcrumbList","@id":"https:\/\/deltatecnic.com\/ca\/trading-plastics\/rifra\/#breadcrumb","itemListElement":[{"@type":"ListItem","position":1,"name":"Inici","item":"https:\/\/deltatecnic.com\/ca\/"},{"@type":"ListItem","position":2,"name":"Comer\u00e7 de pl\u00e0stics","item":"https:\/\/deltatecnic.com\/ca\/trading-plastics\/"},{"@type":"ListItem","position":3,"name":"Rifra"}]},{"@type":"WebSite","@id":"https:\/\/deltatecnic.com\/ca\/#website","url":"https:\/\/deltatecnic.com\/ca\/","name":"Delta Tecnic","description":"Bringing colour to life","potentialAction":[{"@type":"SearchAction","target":{"@type":"EntryPoint","urlTemplate":"https:\/\/deltatecnic.com\/ca\/?s={search_term_string}"},"query-input":{"@type":"PropertyValueSpecification","valueRequired":true,"valueName":"search_term_string"}}],"inLanguage":"ca"}]}},"_links":{"self":[{"href":"https:\/\/deltatecnic.com\/ca\/wp-json\/wp\/v2\/pages\/11805","targetHints":{"allow":["GET"]}}],"collection":[{"href":"https:\/\/deltatecnic.com\/ca\/wp-json\/wp\/v2\/pages"}],"about":[{"href":"https:\/\/deltatecnic.com\/ca\/wp-json\/wp\/v2\/types\/page"}],"author":[{"embeddable":true,"href":"https:\/\/deltatecnic.com\/ca\/wp-json\/wp\/v2\/users\/1"}],"replies":[{"embeddable":true,"href":"https:\/\/deltatecnic.com\/ca\/wp-json\/wp\/v2\/comments?post=11805"}],"version-history":[{"count":0,"href":"https:\/\/deltatecnic.com\/ca\/wp-json\/wp\/v2\/pages\/11805\/revisions"}],"up":[{"embeddable":true,"href":"https:\/\/deltatecnic.com\/ca\/wp-json\/wp\/v2\/pages\/11791"}],"wp:attachment":[{"href":"https:\/\/deltatecnic.com\/ca\/wp-json\/wp\/v2\/media?parent=11805"}],"curies":[{"name":"wp","href":"https:\/\/api.w.org\/{rel}","templated":true}]}}