{"id":11799,"date":"2021-01-07T16:55:20","date_gmt":"2021-01-07T15:55:20","guid":{"rendered":"https:\/\/deltatecnic.com\/delta-trading-plastics-2\/baerlocher\/"},"modified":"2024-04-19T10:20:33","modified_gmt":"2024-04-19T08:20:33","slug":"baerlocher","status":"publish","type":"page","link":"https:\/\/deltatecnic.com\/ca\/trading-plastics\/baerlocher\/","title":{"rendered":"Baerlocher"},"content":{"rendered":"<p>[vc_row][vc_column][vc_single_image image=&#8221;13120&#8243; img_size=&#8221;full&#8221;][vc_separator border_width=&#8221;2&#8243;][vc_row_inner][vc_column_inner width=&#8221;1\/2&#8243;][vc_single_image image=&#8221;8408&#8243; img_size=&#8221;full&#8221; onclick=&#8221;custom_link&#8221; img_link_target=&#8221;_blank&#8221; link=&#8221;https:\/\/www.baerlocher.com\/&#8221;][\/vc_column_inner][vc_column_inner width=&#8221;1\/2&#8243;][vc_single_image image=&#8221;8981&#8243; img_size=&#8221;large&#8221; alignment=&#8221;center&#8221;][\/vc_column_inner][\/vc_row_inner][vc_column_text]<b>El grup Baerlocher \u00e9s un prove\u00efdor l\u00edder d&#8217;additius a base de sab\u00f3 met\u00e0l\u00b7lic per a diverses aplicacions i ind\u00fastries, amb una rica hist\u00f2ria que abasta m\u00e9s de 200 anys.<\/b><\/p>\n<p>Baerlocher serveix com a soci global per a agents de processament de pol\u00edmers i no pol\u00edmers, oferint solucions d&#8217;additius sostenibles amb tecnologia d&#8217;avantguarda.<\/p>\n<p>Els sabons met\u00e0l\u00b7lics, derivats de fonts naturals i renovables, s\u00f3n una classe vers\u00e0til d&#8217;additius adaptats a diferents \u00e0rees d&#8217;aplicaci\u00f3, millorant els processos de producci\u00f3.[\/vc_column_text][\/vc_column][\/vc_row]<\/p>\n","protected":false},"excerpt":{"rendered":"<p>[vc_row][vc_column][vc_single_image image=&#8221;13120&#8243; img_size=&#8221;full&#8221;][vc_separator border_width=&#8221;2&#8243;][vc_row_inner][vc_column_inner width=&#8221;1\/2&#8243;][vc_single_image image=&#8221;8408&#8243; img_size=&#8221;full&#8221; onclick=&#8221;custom_link&#8221; img_link_target=&#8221;_blank&#8221; link=&#8221;https:\/\/www.baerlocher.com\/&#8221;][\/vc_column_inner][vc_column_inner width=&#8221;1\/2&#8243;][vc_single_image image=&#8221;8981&#8243; img_size=&#8221;large&#8221; alignment=&#8221;center&#8221;][\/vc_column_inner][\/vc_row_inner][vc_column_text]El grup Baerlocher \u00e9s un prove\u00efdor l\u00edder d&#8217;additius a base de sab\u00f3 met\u00e0l\u00b7lic per a diverses aplicacions i ind\u00fastries, amb una rica hist\u00f2ria que abasta m\u00e9s de 200 anys. Baerlocher serveix com a soci global per a agents de processament de pol\u00edmers &hellip; <a href=\"https:\/\/deltatecnic.com\/ca\/trading-plastics\/baerlocher\/\" class=\"more-link\" title=\"Continue reading <span class=\"screen-reader-text\">Baerlocher<\/span>&#8220;>Continue reading <span class=\"screen-reader-text\">Baerlocher<\/span><\/a><\/p>\n","protected":false},"author":1,"featured_media":0,"parent":11791,"menu_order":0,"comment_status":"closed","ping_status":"closed","template":"","meta":{"content-type":"","footnotes":""},"class_list":["post-11799","page","type-page","status-publish","hentry"],"yoast_head":"<!-- This site is optimized with the Yoast SEO plugin v27.1.1 - https:\/\/yoast.com\/product\/yoast-seo-wordpress\/ -->\n<title>Baerlocher | Comer\u00e7 de pl\u00e0stics | Masterbatch Delta Tecnic<\/title>\n<meta name=\"description\" content=\"Baerlocher \u00e9s un soci per al processament de PVC, amb tecnologia d&#039;\u00faltima generaci\u00f3 per a sistemes sostenibles de calci-zinc i estabilitzadors s\u00f2lids org\u00e0nics de calci.\" \/>\n<meta name=\"robots\" content=\"index, follow, max-snippet:-1, max-image-preview:large, max-video-preview:-1\" \/>\n<link rel=\"canonical\" href=\"https:\/\/deltatecnic.com\/ca\/trading-plastics\/baerlocher\/\" \/>\n<meta property=\"og:locale\" content=\"ca_ES\" \/>\n<meta property=\"og:type\" content=\"article\" \/>\n<meta property=\"og:title\" content=\"Baerlocher | Comer\u00e7 de pl\u00e0stics | Masterbatch Delta Tecnic\" \/>\n<meta property=\"og:description\" content=\"Baerlocher \u00e9s un soci per al processament de PVC, amb tecnologia d&#039;\u00faltima generaci\u00f3 per a sistemes sostenibles de calci-zinc i estabilitzadors s\u00f2lids org\u00e0nics de calci.\" \/>\n<meta property=\"og:url\" content=\"https:\/\/deltatecnic.com\/ca\/trading-plastics\/baerlocher\/\" \/>\n<meta property=\"og:site_name\" content=\"Delta Tecnic\" \/>\n<meta property=\"article:modified_time\" content=\"2024-04-19T08:20:33+00:00\" \/>\n<meta name=\"twitter:card\" content=\"summary_large_image\" \/>\n<meta name=\"twitter:label1\" content=\"Temps estimat de lectura\" \/>\n\t<meta name=\"twitter:data1\" content=\"2 minuts\" \/>\n<!-- \/ Yoast SEO plugin. -->","yoast_head_json":{"title":"Baerlocher | Comer\u00e7 de pl\u00e0stics | Masterbatch Delta Tecnic","description":"Baerlocher \u00e9s un soci per al processament de PVC, amb tecnologia d'\u00faltima generaci\u00f3 per a sistemes sostenibles de calci-zinc i estabilitzadors s\u00f2lids org\u00e0nics de calci.","robots":{"index":"index","follow":"follow","max-snippet":"max-snippet:-1","max-image-preview":"max-image-preview:large","max-video-preview":"max-video-preview:-1"},"canonical":"https:\/\/deltatecnic.com\/ca\/trading-plastics\/baerlocher\/","og_locale":"ca_ES","og_type":"article","og_title":"Baerlocher | Comer\u00e7 de pl\u00e0stics | Masterbatch Delta Tecnic","og_description":"Baerlocher \u00e9s un soci per al processament de PVC, amb tecnologia d'\u00faltima generaci\u00f3 per a sistemes sostenibles de calci-zinc i estabilitzadors s\u00f2lids org\u00e0nics de calci.","og_url":"https:\/\/deltatecnic.com\/ca\/trading-plastics\/baerlocher\/","og_site_name":"Delta Tecnic","article_modified_time":"2024-04-19T08:20:33+00:00","twitter_card":"summary_large_image","twitter_misc":{"Temps estimat de lectura":"2 minuts"},"schema":{"@context":"https:\/\/schema.org","@graph":[{"@type":"WebPage","@id":"https:\/\/deltatecnic.com\/ca\/trading-plastics\/baerlocher\/","url":"https:\/\/deltatecnic.com\/ca\/trading-plastics\/baerlocher\/","name":"Baerlocher | Comer\u00e7 de pl\u00e0stics | Masterbatch Delta Tecnic","isPartOf":{"@id":"https:\/\/deltatecnic.com\/ca\/#website"},"datePublished":"2021-01-07T15:55:20+00:00","dateModified":"2024-04-19T08:20:33+00:00","description":"Baerlocher \u00e9s un soci per al processament de PVC, amb tecnologia d'\u00faltima generaci\u00f3 per a sistemes sostenibles de calci-zinc i estabilitzadors s\u00f2lids org\u00e0nics de calci.","breadcrumb":{"@id":"https:\/\/deltatecnic.com\/ca\/trading-plastics\/baerlocher\/#breadcrumb"},"inLanguage":"ca","potentialAction":[{"@type":"ReadAction","target":["https:\/\/deltatecnic.com\/ca\/trading-plastics\/baerlocher\/"]}]},{"@type":"BreadcrumbList","@id":"https:\/\/deltatecnic.com\/ca\/trading-plastics\/baerlocher\/#breadcrumb","itemListElement":[{"@type":"ListItem","position":1,"name":"Inici","item":"https:\/\/deltatecnic.com\/ca\/"},{"@type":"ListItem","position":2,"name":"Comer\u00e7 de pl\u00e0stics","item":"https:\/\/deltatecnic.com\/ca\/trading-plastics\/"},{"@type":"ListItem","position":3,"name":"Baerlocher"}]},{"@type":"WebSite","@id":"https:\/\/deltatecnic.com\/ca\/#website","url":"https:\/\/deltatecnic.com\/ca\/","name":"Delta Tecnic","description":"Bringing colour to life","potentialAction":[{"@type":"SearchAction","target":{"@type":"EntryPoint","urlTemplate":"https:\/\/deltatecnic.com\/ca\/?s={search_term_string}"},"query-input":{"@type":"PropertyValueSpecification","valueRequired":true,"valueName":"search_term_string"}}],"inLanguage":"ca"}]}},"_links":{"self":[{"href":"https:\/\/deltatecnic.com\/ca\/wp-json\/wp\/v2\/pages\/11799","targetHints":{"allow":["GET"]}}],"collection":[{"href":"https:\/\/deltatecnic.com\/ca\/wp-json\/wp\/v2\/pages"}],"about":[{"href":"https:\/\/deltatecnic.com\/ca\/wp-json\/wp\/v2\/types\/page"}],"author":[{"embeddable":true,"href":"https:\/\/deltatecnic.com\/ca\/wp-json\/wp\/v2\/users\/1"}],"replies":[{"embeddable":true,"href":"https:\/\/deltatecnic.com\/ca\/wp-json\/wp\/v2\/comments?post=11799"}],"version-history":[{"count":0,"href":"https:\/\/deltatecnic.com\/ca\/wp-json\/wp\/v2\/pages\/11799\/revisions"}],"up":[{"embeddable":true,"href":"https:\/\/deltatecnic.com\/ca\/wp-json\/wp\/v2\/pages\/11791"}],"wp:attachment":[{"href":"https:\/\/deltatecnic.com\/ca\/wp-json\/wp\/v2\/media?parent=11799"}],"curies":[{"name":"wp","href":"https:\/\/api.w.org\/{rel}","templated":true}]}}