{"id":11791,"date":"2021-01-07T14:22:47","date_gmt":"2021-01-07T13:22:47","guid":{"rendered":"https:\/\/deltatecnic.com\/delta-trading-plastics-2\/"},"modified":"2024-04-16T10:00:10","modified_gmt":"2024-04-16T08:00:10","slug":"trading-plastics","status":"publish","type":"page","link":"https:\/\/deltatecnic.com\/ca\/trading-plastics\/","title":{"rendered":"Comer\u00e7 de pl\u00e0stics"},"content":{"rendered":"<p>[vc_row][vc_column][vc_single_image image=&#8221;13120&#8243; img_size=&#8221;full&#8221;][vc_column_text css=&#8221;.vc_custom_1713254313488{padding-bottom: 0px !important;}&#8221;]L&#8217;any 1982 es va fundar Delta Tecnic amb la finalitat de subministrar mat\u00e8ries primeres a diferents sectors industrials, com ara pl\u00e0stics, cables, tintes, pintures i cosm\u00e8tics, entre d&#8217;altres. Dins de la nostra Divisi\u00f3 de Pl\u00e0stics, estem especialitzats en la distribuci\u00f3 exclusiva d&#8217;una \u00e0mplia gamma de mat\u00e8ries primeres procedents d&#8217;empreses l\u00edders en els seus respectius sectors. Entre els nostres socis hi ha <a href=\"https:\/\/deltatecnic.com\/ca\/trading-plastics\/cabot\/\">Cabot<\/a> Plastics, <a href=\"https:\/\/deltatecnic.com\/ca\/trading-plastics\/baerlocher\/\">Baerlocher<\/a>, <a href=\"https:\/\/deltatecnic.com\/ca\/trading-plastics\/rifra\/\">Rifra<\/a>, Free Flow i <a href=\"https:\/\/deltatecnic.com\/ca\/trading-plastics\/kennametal\/\">Kennametal<\/a>.[\/vc_column_text][\/vc_column][\/vc_row]<\/p>\n","protected":false},"excerpt":{"rendered":"<p>[vc_row][vc_column][vc_single_image image=&#8221;13120&#8243; img_size=&#8221;full&#8221;][vc_column_text css=&#8221;.vc_custom_1713254313488{padding-bottom: 0px !important;}&#8221;]L&#8217;any 1982 es va fundar Delta Tecnic amb la finalitat de subministrar mat\u00e8ries primeres a diferents sectors industrials, com ara pl\u00e0stics, cables, tintes, pintures i cosm\u00e8tics, entre d&#8217;altres. Dins de la nostra Divisi\u00f3 de Pl\u00e0stics, estem especialitzats en la distribuci\u00f3 exclusiva d&#8217;una \u00e0mplia gamma de mat\u00e8ries primeres procedents d&#8217;empreses l\u00edders &hellip; <a href=\"https:\/\/deltatecnic.com\/ca\/trading-plastics\/\" class=\"more-link\" title=\"Continue reading <span class=\"screen-reader-text\">Comer\u00e7 de pl\u00e0stics<\/span>&#8220;>Continue reading <span class=\"screen-reader-text\">Comer\u00e7 de pl\u00e0stics<\/span><\/a><\/p>\n","protected":false},"author":1,"featured_media":0,"parent":0,"menu_order":0,"comment_status":"closed","ping_status":"closed","template":"","meta":{"content-type":"","footnotes":""},"class_list":["post-11791","page","type-page","status-publish","hentry"],"yoast_head":"<!-- This site is optimized with the Yoast SEO plugin v27.1.1 - https:\/\/yoast.com\/product\/yoast-seo-wordpress\/ -->\n<title>Comer\u00e7 de pl\u00e0stics | Color Masterbatch | Delta T\u00e8cnic<\/title>\n<meta name=\"description\" content=\"A l&#039;apartat de Pl\u00e0stics, estem especialitzats en la distribuci\u00f3 exclusiva d&#039;una selecta varietat de mat\u00e8ries primeres d&#039;empreses l\u00edders en els seus sectors.\" \/>\n<meta name=\"robots\" content=\"index, follow, max-snippet:-1, max-image-preview:large, max-video-preview:-1\" \/>\n<link rel=\"canonical\" href=\"https:\/\/deltatecnic.com\/ca\/trading-plastics\/\" \/>\n<meta property=\"og:locale\" content=\"ca_ES\" \/>\n<meta property=\"og:type\" content=\"article\" \/>\n<meta property=\"og:title\" content=\"Comer\u00e7 de pl\u00e0stics | Color Masterbatch | Delta T\u00e8cnic\" \/>\n<meta property=\"og:description\" content=\"A l&#039;apartat de Pl\u00e0stics, estem especialitzats en la distribuci\u00f3 exclusiva d&#039;una selecta varietat de mat\u00e8ries primeres d&#039;empreses l\u00edders en els seus sectors.\" \/>\n<meta property=\"og:url\" content=\"https:\/\/deltatecnic.com\/ca\/trading-plastics\/\" \/>\n<meta property=\"og:site_name\" content=\"Delta Tecnic\" \/>\n<meta property=\"article:modified_time\" content=\"2024-04-16T08:00:10+00:00\" \/>\n<meta name=\"twitter:card\" content=\"summary_large_image\" \/>\n<meta name=\"twitter:label1\" content=\"Temps estimat de lectura\" \/>\n\t<meta name=\"twitter:data1\" content=\"1 minut\" \/>\n<!-- \/ Yoast SEO plugin. -->","yoast_head_json":{"title":"Comer\u00e7 de pl\u00e0stics | Color Masterbatch | Delta T\u00e8cnic","description":"A l'apartat de Pl\u00e0stics, estem especialitzats en la distribuci\u00f3 exclusiva d'una selecta varietat de mat\u00e8ries primeres d'empreses l\u00edders en els seus sectors.","robots":{"index":"index","follow":"follow","max-snippet":"max-snippet:-1","max-image-preview":"max-image-preview:large","max-video-preview":"max-video-preview:-1"},"canonical":"https:\/\/deltatecnic.com\/ca\/trading-plastics\/","og_locale":"ca_ES","og_type":"article","og_title":"Comer\u00e7 de pl\u00e0stics | Color Masterbatch | Delta T\u00e8cnic","og_description":"A l'apartat de Pl\u00e0stics, estem especialitzats en la distribuci\u00f3 exclusiva d'una selecta varietat de mat\u00e8ries primeres d'empreses l\u00edders en els seus sectors.","og_url":"https:\/\/deltatecnic.com\/ca\/trading-plastics\/","og_site_name":"Delta Tecnic","article_modified_time":"2024-04-16T08:00:10+00:00","twitter_card":"summary_large_image","twitter_misc":{"Temps estimat de lectura":"1 minut"},"schema":{"@context":"https:\/\/schema.org","@graph":[{"@type":"WebPage","@id":"https:\/\/deltatecnic.com\/ca\/trading-plastics\/","url":"https:\/\/deltatecnic.com\/ca\/trading-plastics\/","name":"Comer\u00e7 de pl\u00e0stics | Color Masterbatch | Delta T\u00e8cnic","isPartOf":{"@id":"https:\/\/deltatecnic.com\/ca\/#website"},"datePublished":"2021-01-07T13:22:47+00:00","dateModified":"2024-04-16T08:00:10+00:00","description":"A l'apartat de Pl\u00e0stics, estem especialitzats en la distribuci\u00f3 exclusiva d'una selecta varietat de mat\u00e8ries primeres d'empreses l\u00edders en els seus sectors.","breadcrumb":{"@id":"https:\/\/deltatecnic.com\/ca\/trading-plastics\/#breadcrumb"},"inLanguage":"ca","potentialAction":[{"@type":"ReadAction","target":["https:\/\/deltatecnic.com\/ca\/trading-plastics\/"]}]},{"@type":"BreadcrumbList","@id":"https:\/\/deltatecnic.com\/ca\/trading-plastics\/#breadcrumb","itemListElement":[{"@type":"ListItem","position":1,"name":"Inici","item":"https:\/\/deltatecnic.com\/ca\/"},{"@type":"ListItem","position":2,"name":"Comer\u00e7 de pl\u00e0stics"}]},{"@type":"WebSite","@id":"https:\/\/deltatecnic.com\/ca\/#website","url":"https:\/\/deltatecnic.com\/ca\/","name":"Delta Tecnic","description":"Bringing colour to life","potentialAction":[{"@type":"SearchAction","target":{"@type":"EntryPoint","urlTemplate":"https:\/\/deltatecnic.com\/ca\/?s={search_term_string}"},"query-input":{"@type":"PropertyValueSpecification","valueRequired":true,"valueName":"search_term_string"}}],"inLanguage":"ca"}]}},"_links":{"self":[{"href":"https:\/\/deltatecnic.com\/ca\/wp-json\/wp\/v2\/pages\/11791","targetHints":{"allow":["GET"]}}],"collection":[{"href":"https:\/\/deltatecnic.com\/ca\/wp-json\/wp\/v2\/pages"}],"about":[{"href":"https:\/\/deltatecnic.com\/ca\/wp-json\/wp\/v2\/types\/page"}],"author":[{"embeddable":true,"href":"https:\/\/deltatecnic.com\/ca\/wp-json\/wp\/v2\/users\/1"}],"replies":[{"embeddable":true,"href":"https:\/\/deltatecnic.com\/ca\/wp-json\/wp\/v2\/comments?post=11791"}],"version-history":[{"count":0,"href":"https:\/\/deltatecnic.com\/ca\/wp-json\/wp\/v2\/pages\/11791\/revisions"}],"wp:attachment":[{"href":"https:\/\/deltatecnic.com\/ca\/wp-json\/wp\/v2\/media?parent=11791"}],"curies":[{"name":"wp","href":"https:\/\/api.w.org\/{rel}","templated":true}]}}