{"id":11785,"date":"2021-01-20T17:29:29","date_gmt":"2021-01-20T16:29:29","guid":{"rendered":"https:\/\/deltatecnic.com\/delta-trading-pigments-2\/"},"modified":"2024-04-12T12:25:56","modified_gmt":"2024-04-12T10:25:56","slug":"trading-pigments","status":"publish","type":"page","link":"https:\/\/deltatecnic.com\/ca\/trading-pigments\/","title":{"rendered":"Comer\u00e7 de pigments"},"content":{"rendered":"<p>[vc_row][vc_column][vc_single_image image=&#8221;13117&#8243; img_size=&#8221;full&#8221;][vc_column_text css=&#8221;.vc_custom_1712917214411{padding-bottom: 0px !important;}&#8221;]Des de fa m\u00e9s de 25 anys, Delta Tecnic \u00e9s el distribu\u00efdor exclusiu al mercat espanyol de les principals firmes <a href=\"https:\/\/deltatecnic.com\/ca\/trading-cosmetics\/eckart\/\">Eckart<\/a> i <a href=\"https:\/\/deltatecnic.com\/ca\/trading-plastics\/cabot\/\">Cabot<\/a>. Oferim un ampli coneixement de les dues varietats de pigments (inorg\u00e0nics, a base d&#8217;alumini, coure i zinc met\u00e0l\u00b7lics o sint\u00e8tics a base de mica i borosilicats).<\/p>\n<p>Posteriorment, en la nostra constant recerca de treballar amb empreses l\u00edders en el mercat, s&#8217;han afegit a la nostra cartera productes de les empreses <a href=\"https:\/\/deltatecnic.com\/ca\/trading-pigments\/cinic\/\">Cinic<\/a> i <a href=\"https:\/\/deltatecnic.com\/ca\/trading-pigments\/aralon\/\">Aralon<\/a>, Roha, SiLi i G&amp;J.<\/p>\n<p><a href=\"https:\/\/deltatecnic.com\/ca\/\" target=\"_blank\" rel=\"noopener\">Delta Tecnic<\/a> est\u00e0 especialitzada en pigments de color, efectes i aplicacions funcionals per a la varietat de mercats i t\u00e8cniques en qu\u00e8 es poden aplicar en pintures, tintes i pl\u00e0stics (automoci\u00f3, adhesius industrials, arts gr\u00e0fiques, t\u00e8xtil, cura de la llar i <a href=\"https:\/\/deltatecnic.com\/ca\/trading-cosmetics\/\">cosm\u00e8tica<\/a>).<\/p>\n<p><strong>Com estem a l&#8217;avantguarda de la innovaci\u00f3, tenim la capacitat de detectar les necessitats del mercat i respondre a elles r\u00e0pidament.<\/strong><\/p>\n<div id=\"gtx-trans\" style=\"position: absolute; left: -65px; top: 174px;\">\n<div class=\"gtx-trans-icon\"><\/div>\n<\/div>\n<p>[\/vc_column_text][\/vc_column][\/vc_row]<\/p>\n","protected":false},"excerpt":{"rendered":"<p>[vc_row][vc_column][vc_single_image image=&#8221;13117&#8243; img_size=&#8221;full&#8221;][vc_column_text css=&#8221;.vc_custom_1712917214411{padding-bottom: 0px !important;}&#8221;]Des de fa m\u00e9s de 25 anys, Delta Tecnic \u00e9s el distribu\u00efdor exclusiu al mercat espanyol de les principals firmes Eckart i Cabot. Oferim un ampli coneixement de les dues varietats de pigments (inorg\u00e0nics, a base d&#8217;alumini, coure i zinc met\u00e0l\u00b7lics o sint\u00e8tics a base de mica i borosilicats). Posteriorment, &hellip; <a href=\"https:\/\/deltatecnic.com\/ca\/trading-pigments\/\" class=\"more-link\" title=\"Continue reading <span class=\"screen-reader-text\">Comer\u00e7 de pigments<\/span>&#8220;>Continue reading <span class=\"screen-reader-text\">Comer\u00e7 de pigments<\/span><\/a><\/p>\n","protected":false},"author":1,"featured_media":0,"parent":0,"menu_order":0,"comment_status":"closed","ping_status":"closed","template":"","meta":{"content-type":"","footnotes":""},"class_list":["post-11785","page","type-page","status-publish","hentry"],"yoast_head":"<!-- This site is optimized with the Yoast SEO plugin v27.1.1 - https:\/\/yoast.com\/product\/yoast-seo-wordpress\/ -->\n<title>Pigments comercials | Color Masterbatch | Delta T\u00e8cnic<\/title>\n<meta name=\"description\" content=\"Especialitzat en pigments i efectes de color. Ampli coneixement de les varietats de pigments i la varietat de mercats i t\u00e8cniques en qu\u00e8 es poden aplicar\" \/>\n<meta name=\"robots\" content=\"index, follow, max-snippet:-1, max-image-preview:large, max-video-preview:-1\" \/>\n<link rel=\"canonical\" href=\"https:\/\/deltatecnic.com\/ca\/trading-pigments\/\" \/>\n<meta property=\"og:locale\" content=\"ca_ES\" \/>\n<meta property=\"og:type\" content=\"article\" \/>\n<meta property=\"og:title\" content=\"Pigments comercials | Color Masterbatch | Delta T\u00e8cnic\" \/>\n<meta property=\"og:description\" content=\"Especialitzat en pigments i efectes de color. Ampli coneixement de les varietats de pigments i la varietat de mercats i t\u00e8cniques en qu\u00e8 es poden aplicar\" \/>\n<meta property=\"og:url\" content=\"https:\/\/deltatecnic.com\/ca\/trading-pigments\/\" \/>\n<meta property=\"og:site_name\" content=\"Delta Tecnic\" \/>\n<meta property=\"article:modified_time\" content=\"2024-04-12T10:25:56+00:00\" \/>\n<meta name=\"twitter:card\" content=\"summary_large_image\" \/>\n<meta name=\"twitter:label1\" content=\"Temps estimat de lectura\" \/>\n\t<meta name=\"twitter:data1\" content=\"1 minut\" \/>\n<!-- \/ Yoast SEO plugin. -->","yoast_head_json":{"title":"Pigments comercials | Color Masterbatch | Delta T\u00e8cnic","description":"Especialitzat en pigments i efectes de color. Ampli coneixement de les varietats de pigments i la varietat de mercats i t\u00e8cniques en qu\u00e8 es poden aplicar","robots":{"index":"index","follow":"follow","max-snippet":"max-snippet:-1","max-image-preview":"max-image-preview:large","max-video-preview":"max-video-preview:-1"},"canonical":"https:\/\/deltatecnic.com\/ca\/trading-pigments\/","og_locale":"ca_ES","og_type":"article","og_title":"Pigments comercials | Color Masterbatch | Delta T\u00e8cnic","og_description":"Especialitzat en pigments i efectes de color. Ampli coneixement de les varietats de pigments i la varietat de mercats i t\u00e8cniques en qu\u00e8 es poden aplicar","og_url":"https:\/\/deltatecnic.com\/ca\/trading-pigments\/","og_site_name":"Delta Tecnic","article_modified_time":"2024-04-12T10:25:56+00:00","twitter_card":"summary_large_image","twitter_misc":{"Temps estimat de lectura":"1 minut"},"schema":{"@context":"https:\/\/schema.org","@graph":[{"@type":"WebPage","@id":"https:\/\/deltatecnic.com\/ca\/trading-pigments\/","url":"https:\/\/deltatecnic.com\/ca\/trading-pigments\/","name":"Pigments comercials | Color Masterbatch | Delta T\u00e8cnic","isPartOf":{"@id":"https:\/\/deltatecnic.com\/ca\/#website"},"datePublished":"2021-01-20T16:29:29+00:00","dateModified":"2024-04-12T10:25:56+00:00","description":"Especialitzat en pigments i efectes de color. Ampli coneixement de les varietats de pigments i la varietat de mercats i t\u00e8cniques en qu\u00e8 es poden aplicar","breadcrumb":{"@id":"https:\/\/deltatecnic.com\/ca\/trading-pigments\/#breadcrumb"},"inLanguage":"ca","potentialAction":[{"@type":"ReadAction","target":["https:\/\/deltatecnic.com\/ca\/trading-pigments\/"]}]},{"@type":"BreadcrumbList","@id":"https:\/\/deltatecnic.com\/ca\/trading-pigments\/#breadcrumb","itemListElement":[{"@type":"ListItem","position":1,"name":"Inici","item":"https:\/\/deltatecnic.com\/ca\/"},{"@type":"ListItem","position":2,"name":"Comer\u00e7 de pigments"}]},{"@type":"WebSite","@id":"https:\/\/deltatecnic.com\/ca\/#website","url":"https:\/\/deltatecnic.com\/ca\/","name":"Delta Tecnic","description":"Bringing colour to life","potentialAction":[{"@type":"SearchAction","target":{"@type":"EntryPoint","urlTemplate":"https:\/\/deltatecnic.com\/ca\/?s={search_term_string}"},"query-input":{"@type":"PropertyValueSpecification","valueRequired":true,"valueName":"search_term_string"}}],"inLanguage":"ca"}]}},"_links":{"self":[{"href":"https:\/\/deltatecnic.com\/ca\/wp-json\/wp\/v2\/pages\/11785","targetHints":{"allow":["GET"]}}],"collection":[{"href":"https:\/\/deltatecnic.com\/ca\/wp-json\/wp\/v2\/pages"}],"about":[{"href":"https:\/\/deltatecnic.com\/ca\/wp-json\/wp\/v2\/types\/page"}],"author":[{"embeddable":true,"href":"https:\/\/deltatecnic.com\/ca\/wp-json\/wp\/v2\/users\/1"}],"replies":[{"embeddable":true,"href":"https:\/\/deltatecnic.com\/ca\/wp-json\/wp\/v2\/comments?post=11785"}],"version-history":[{"count":0,"href":"https:\/\/deltatecnic.com\/ca\/wp-json\/wp\/v2\/pages\/11785\/revisions"}],"wp:attachment":[{"href":"https:\/\/deltatecnic.com\/ca\/wp-json\/wp\/v2\/media?parent=11785"}],"curies":[{"name":"wp","href":"https:\/\/api.w.org\/{rel}","templated":true}]}}