{"id":11762,"date":"2020-12-21T10:10:57","date_gmt":"2020-12-21T09:10:57","guid":{"rendered":"https:\/\/deltatecnic.com\/deltacolor-cables-2\/telecomunicacions\/"},"modified":"2025-06-01T15:32:14","modified_gmt":"2025-06-01T13:32:14","slug":"telecomunicacions","status":"publish","type":"page","link":"https:\/\/deltatecnic.com\/ca\/deltacolor-cables\/telecomunicacions\/","title":{"rendered":"Telecomunicacions"},"content":{"rendered":"<p>[vc_row][vc_column][vc_single_image image=&#8221;8291&#8243; img_size=&#8221;full&#8221;]<h2 style=\"text-align:left;font-size:34px;line-height:1em;font-family:'Montserrat',Arial,Helvetica;font-weight:400;\" class=\"ts-custom-heading vc_custom_1649936349404\" ><strong>TELECOMUNICACIONS<\/strong><br \/>\n\u00c0MPLIA GAMMA DE MASTERBATCHES PER A LA IND\u00daSTRIA DE TELECOMUNICACIONS<\/h2>\n[vc_column_text]Gr\u00e0cies a l&#8217;R+D constant i la millora cont\u00ednua com a eina, avui som un referent mundial en coloraci\u00f3 de cables. Delta Tecnic compleix i supera els estrictes requisits del sector del cable de telecomunicacions.<\/p>\n<p>La <a href=\"https:\/\/deltatecnic.com\/ca\/deltacolor-pvc\/cables\/\">ind\u00fastria del cable<\/a> de telecomunicacions demanda masterbatches que permetin la fabricaci\u00f3 de cables a alta velocitat, que no interfereixin amb les propietats de transport de dades d&#8217;aquests cables i que s&#8217;ajustin als processos de producci\u00f3 de cables, els quals estan cada vegada m\u00e9s automatitzats amb la nova tecnologia d&#8217;extrusores que inclou en l\u00ednia controls i alts nivells de producci\u00f3. Delta Tecnic ofereix una \u00e0mplia <a href=\"https:\/\/deltatecnic.com\/ca\/solucions-masterbatch\/\">gamma de masterbatches<\/a> d&#8217;alta opacitat per a la correcta identificaci\u00f3 dels cables.[\/vc_column_text][\/vc_column][\/vc_row][vc_row gap=&#8221;20&#8243; equal_height=&#8221;yes&#8221; ts_responsive_css=&#8221;18067909|colbreak_no|||||||||colbreak_no|||||||||colbreak_yes|10px|10px|10px|10px||||||colbreak_no|||||||||&#8221; css=&#8221;.vc_custom_1611601647440{margin-bottom: 30px !important;}&#8221;][vc_column width=&#8221;1\/3&#8243; css=&#8221;.vc_custom_1611601336815{background-color: #eff1f5 !important;}&#8221; el_class=&#8221;box03 esp-bloc-03&#8243;]<h2 style=\"text-align:center;font-size:18px;line-height:1.2em;font-family:'Montserrat',Arial,Helvetica;font-weight:700;\" class=\"ts-custom-heading vc_custom_1649937197978\" >PROPIETATS<br \/>\nDE DILUCI\u00d3<\/h2>\n[vc_column_text css=&#8221;.vc_custom_1611660298733{padding-right: 6px !important;padding-bottom: 6px !important;padding-left: 6px !important;}&#8221;]<\/p>\n<p style=\"text-align: center;\">\u00c0mplia gamma de masterbatches de color d&#8217;alta qualitat amb excel\u00b7lents propietats de dispersi\u00f3 i diluci\u00f3 per a satisfer les necessitats dels productors de cables de fibra \u00f2ptica.<\/p>\n<p>[\/vc_column_text][\/vc_column][vc_column css_animation=&#8221;none&#8221; width=&#8221;1\/3&#8243; el_class=&#8221;box03 esp-bloc-03&#8243; css=&#8221;.vc_custom_1611601195224{background-color: #eff1f5 !important;}&#8221;]<h2 style=\"text-align:center;font-size:18px;font-family:'Montserrat',Arial,Helvetica;font-weight:700;\" class=\"ts-custom-heading vc_custom_1748784730258\" >ALTA OPACITAT<\/h2>\n[vc_column_text css=&#8221;.vc_custom_1611660378963{padding-right: 6px !important;padding-bottom: 6px !important;padding-left: 6px !important;}&#8221;]<\/p>\n<p style=\"text-align: center;\">Solucions t\u00e8cniques espec\u00edfiques per a cada necessitat, sempre seguint est\u00e0ndards internacionals de color, amb color intens i alta opacitat.<\/p>\n<p>[\/vc_column_text][\/vc_column][vc_column width=&#8221;1\/3&#8243; el_class=&#8221;box03 esp-bloc-03&#8243; css=&#8221;.vc_custom_1611601275677{background-color: #eff1f5 !important;}&#8221;]<h2 style=\"text-align:center;font-size:18px;line-height:1.2em;font-family:'Montserrat',Arial,Helvetica;font-weight:700;\" class=\"ts-custom-heading vc_custom_1748784488829\" >QUALITATS<br \/>\nDE CONTRACCI\u00d3<\/h2>\n[vc_column_text css=&#8221;.vc_custom_1748784513828{padding-right: 6px !important;padding-bottom: 6px !important;padding-left: 6px !important;}&#8221; el_class=&#8221;box03&#8243;]<\/p>\n<p style=\"text-align: center;\">Els nostres Masterbatches mostren excel\u00b7lents qualitats de contracci\u00f3, la qual cosa garanteix una transmissi\u00f3 de dades mundial d&#8217;alta qualitat.<\/p>\n<p>[\/vc_column_text][\/vc_column][\/vc_row][vc_row css=&#8221;.vc_custom_1611341163544{margin-top: 30px !important;}&#8221;][vc_column]<h3 style=\"text-align:left;font-size:24px;font-family:'Montserrat',Arial,Helvetica;font-weight:700;\" class=\"ts-custom-heading vc_custom_1649936618158\" >CABLES DE FIBRA \u00d2PTICA I AUTOMOCI\u00d3<\/h3>\n[vc_tta_accordion shape=&#8221;square&#8221; active_section=&#8221;0&#8243; collapsible_all=&#8221;true&#8221;][vc_tta_section title=&#8221;PBT <a href=\"https:\/\/deltatecnic.com\/ca\/\">MASTERBATCH<\/a> DELTAPLAST Fibre optic cables&#8221; tab_id=&#8221;ac03-fibre-optic-01&#8243; el_class=&#8221;tit-acord-dc&#8221;][vc_column_text]<span style=\"font-weight: 600;\">Els masterbatches de PBT de Delta Tecnic per a tubs de protecci\u00f3 estan dissenyats<br \/>\nper a mantenir totes les propietats mec\u00e0niques de la resina PBT principal utilitzada per a protegir el cable.<\/span> Una bona combinaci\u00f3 entre el masterbatch PBT i la resina PBT mantindr\u00e0 el tub conc\u00e8ntric i contribuir\u00e0 a una excel\u00b7lent velocitat de dades de fibra \u00f2ptica.[\/vc_column_text][vc_row_inner css=&#8221;.vc_custom_1611314242189{margin-top: 20px !important;}&#8221;][vc_column_inner width=&#8221;2\/3&#8243;][vc_single_image image=&#8221;8801&#8243; img_size=&#8221;full&#8221; alignment=&#8221;center&#8221;][\/vc_column_inner][vc_column_inner width=&#8221;1\/3&#8243; ts_responsive_css=&#8221;37923186|colbreak_no|||||20px||||colbreak_no|||||||||colbreak_no|||||0px|||||colbreak_no|||||||||&#8221; css=&#8221;.vc_custom_1611346964963{padding-top: 50px !important;}&#8221;]\r\n\t\t<div class=\"ts-vc_btn3-container ts-vc_btn3-center vc_custom_1689696697141\"><a class=\"ts-vc_general ts-vc_btn3 ts-vc_btn3-size-sm ts-vc_btn3-shape-square ts-vc_btn3-style-flat ts-vc_btn3-weight-no ts-vc_btn3-block ts-vc_btn3-color-black\" href=\"https:\/\/deltatecnic.com\/ca\/solucions-masterbatch\/\" title=\"Masterbatch Solutions\">SOLUCIONS MASTERBATCH<\/a><\/div>[\/vc_column_inner][\/vc_row_inner][\/vc_tta_section][vc_tta_section title=&#8221;TPE-E MASTERBATCH DELTAPLAST Fibre optic cables&#8221; tab_id=&#8221;ac03-fibre-optic-02&#8243; el_class=&#8221;tit-acord-dc&#8221;][vc_column_text]<span style=\"font-weight: 600;\">Delta Tecnic ofereix una l\u00ednia est\u00e0ndard de masterbatches per a acolorir els cables dissenyats per a protegir la fibra \u00f2ptica al mateix temps que augmenta la flexibilitat del cable.<\/span>[\/vc_column_text][vc_row_inner css=&#8221;.vc_custom_1611314242189{margin-top: 20px !important;}&#8221;][vc_column_inner width=&#8221;2\/3&#8243;][vc_single_image image=&#8221;8807&#8243; img_size=&#8221;full&#8221; alignment=&#8221;center&#8221;][\/vc_column_inner][vc_column_inner width=&#8221;1\/3&#8243; ts_responsive_css=&#8221;37923186|colbreak_no|||||20px||||colbreak_no|||||||||colbreak_no|||||0px|||||colbreak_no|||||||||&#8221; css=&#8221;.vc_custom_1611346964963{padding-top: 50px !important;}&#8221;]\r\n\t\t<div class=\"ts-vc_btn3-container  boto_ca01 ts-vc_btn3-center vc_custom_1649937492358\"><a class=\"ts-vc_general ts-vc_btn3 ts-vc_btn3-size-sm ts-vc_btn3-shape-square ts-vc_btn3-style-flat ts-vc_btn3-weight-no ts-vc_btn3-block ts-vc_btn3-color-black\" href=\"https:\/\/deltatecnic.com\/ca\/solucions-masterbatch\/\/\" title=\"Solucions Masterbatch\">SOLUCIONS MASTERBATCH<\/a><\/div>[\/vc_column_inner][\/vc_row_inner][\/vc_tta_section][vc_tta_section title=&#8221;TPA MASTERBATCH DELTAPLAST Automotive and Fibre optic cables&#8221; tab_id=&#8221;ac03-fibre-optic-03&#8243; el_class=&#8221;tit-acord-dc&#8221;][vc_column_text]<span style=\"font-weight: 600;\">La gamma de masterbatches de color PAE de Delta Tecnic mant\u00e9 totes les propietats mec\u00e0niques al mateix temps que proporciona els colors m\u00e9s brillants del mercat.<\/span> Elast\u00f2mer de poliamida i poliamida 12, un elast\u00f2mer d&#8217;alt rendiment que s&#8217;utilitza per a cobrir la fibra.[\/vc_column_text][vc_row_inner css=&#8221;.vc_custom_1611314242189{margin-top: 20px !important;}&#8221;][vc_column_inner width=&#8221;2\/3&#8243;][vc_single_image image=&#8221;8806&#8243; img_size=&#8221;full&#8221; alignment=&#8221;center&#8221;][\/vc_column_inner][vc_column_inner width=&#8221;1\/3&#8243; ts_responsive_css=&#8221;37923186|colbreak_no|||||20px||||colbreak_no|||||||||colbreak_no|||||0px|||||colbreak_no|||||||||&#8221; css=&#8221;.vc_custom_1611346964963{padding-top: 50px !important;}&#8221;]\r\n\t\t<div class=\"ts-vc_btn3-container ts-vc_btn3-center vc_custom_1689696711304\"><a class=\"ts-vc_general ts-vc_btn3 ts-vc_btn3-size-sm ts-vc_btn3-shape-square ts-vc_btn3-style-flat ts-vc_btn3-weight-no ts-vc_btn3-block ts-vc_btn3-color-black\" href=\"https:\/\/deltatecnic.com\/ca\/solucions-masterbatch\/\" title=\"Masterbatch Solutions\">SOLUCIONS MASTERBATCH<\/a><\/div>[\/vc_column_inner][\/vc_row_inner][\/vc_tta_section][vc_tta_section title=&#8221;PE MASTERBATCH DELTAPLAST Fibre optic cables&#8221; tab_id=&#8221;ac03-fibre-optic-04&#8243; el_class=&#8221;tit-acord-dc&#8221;][vc_column_text]<span style=\"font-weight: 600;\">Per als productors de cables de fibra \u00f2ptica que utilitzen pol\u00edmer HDPE per a tubs de protecci\u00f3, Delta Tecnic ha dissenyat una gamma especial de masterbatches.<\/span> Gr\u00e0cies a la nostra experi\u00e8ncia, podem assegurar-nos que nostres masterbatches no modifiquin la concentricidad dels tubs ni afectin la velocitat de les dades de la fibra.[\/vc_column_text][vc_row_inner css=&#8221;.vc_custom_1611314242189{margin-top: 20px !important;}&#8221;][vc_column_inner width=&#8221;2\/3&#8243;][vc_single_image image=&#8221;8802&#8243; img_size=&#8221;full&#8221; alignment=&#8221;center&#8221;][\/vc_column_inner][vc_column_inner width=&#8221;1\/3&#8243; ts_responsive_css=&#8221;37923186|colbreak_no|||||20px||||colbreak_no|||||||||colbreak_no|||||0px|||||colbreak_no|||||||||&#8221; css=&#8221;.vc_custom_1611346964963{padding-top: 50px !important;}&#8221;]\r\n\t\t<div class=\"ts-vc_btn3-container  boto_ca01 ts-vc_btn3-center vc_custom_1649937524465\"><a class=\"ts-vc_general ts-vc_btn3 ts-vc_btn3-size-sm ts-vc_btn3-shape-square ts-vc_btn3-style-flat ts-vc_btn3-weight-no ts-vc_btn3-block ts-vc_btn3-color-black\" href=\"https:\/\/deltatecnic.com\/ca\/solucions-masterbatch\/\/\" title=\"Solucions Masterbatch\">SOLUCIONS MASTERBATCH<\/a><\/div>[\/vc_column_inner][\/vc_row_inner][\/vc_tta_section][vc_tta_section title=&#8221;PP MASTERBATCH DELTAPLAST Fibre optic cables&#8221; tab_id=&#8221;ac03-fibre-optic-05&#8243; el_class=&#8221;tit-acord-dc&#8221;][vc_column_text]<span style=\"font-weight: 600;\">Per a satisfer les necessitats dels nostres clients, Delta Tecnic desenvolupa una gamma de masterbatches per a PP.<\/span> El pol\u00edmer principal per a l&#8217;extrusi\u00f3 de tubs de protecci\u00f3. Assegurem una perfecta compatibilitat amb el principal pol\u00edmer PP.[\/vc_column_text][vc_row_inner css=&#8221;.vc_custom_1611314242189{margin-top: 20px !important;}&#8221;][vc_column_inner width=&#8221;2\/3&#8243;][vc_single_image image=&#8221;8804&#8243; img_size=&#8221;full&#8221; alignment=&#8221;center&#8221;][\/vc_column_inner][vc_column_inner width=&#8221;1\/3&#8243; ts_responsive_css=&#8221;37923186|colbreak_no|||||20px||||colbreak_no|||||||||colbreak_no|||||0px|||||colbreak_no|||||||||&#8221; css=&#8221;.vc_custom_1611346964963{padding-top: 50px !important;}&#8221;]\r\n\t\t<div class=\"ts-vc_btn3-container ts-vc_btn3-center vc_custom_1689696724263\"><a class=\"ts-vc_general ts-vc_btn3 ts-vc_btn3-size-sm ts-vc_btn3-shape-square ts-vc_btn3-style-flat ts-vc_btn3-weight-no ts-vc_btn3-block ts-vc_btn3-color-black\" href=\"https:\/\/deltatecnic.com\/ca\/solucions-masterbatch\/\" title=\"Masterbatch Solutions\">SOLUCIONS MASTERBATCH<\/a><\/div>[\/vc_column_inner][\/vc_row_inner][\/vc_tta_section][\/vc_tta_accordion][\/vc_column][\/vc_row][vc_row css=&#8221;.vc_custom_1611575845066{margin-top: 50px !important;}&#8221;][vc_column]<h3 style=\"text-align:left;font-size:24px;font-family:'Montserrat',Arial,Helvetica;font-weight:700;\" class=\"ts-custom-heading vc_custom_1649950396923\" >CABLES DE TELECOMUNICACIONS<\/h3>\n[vc_tta_accordion shape=&#8221;square&#8221; active_section=&#8221;0&#8243; collapsible_all=&#8221;true&#8221;][vc_tta_section title=&#8221;PE MASTERBATCH DELTAPLAST&#8221; tab_id=&#8221;ac03-telecom-cables-01&#8243; el_class=&#8221;tit-acord-dc&#8221;][vc_column_text]<span style=\"font-weight: 600;\">La gamma de masterbatches de PE de Delta Tecnic \u00e9s ideal per al seu \u00fas amb totes les tecnologies de reticulaci\u00f3, oferint alta opacitat en cables a molt baixes dosis.<\/span> Tenim un coneixement profund dels requisits especials del cable de dades de coure i oferim una \u00e0mplia gamma de productes est\u00e0ndard per a cobrir la majoria dels colors que necessita la ind\u00fastria. Tamb\u00e9 desenvolupem solucions a mesura.[\/vc_column_text][vc_row_inner css=&#8221;.vc_custom_1611314242189{margin-top: 20px !important;}&#8221;][vc_column_inner width=&#8221;2\/3&#8243;][vc_single_image image=&#8221;8803&#8243; img_size=&#8221;full&#8221; alignment=&#8221;center&#8221;][\/vc_column_inner][vc_column_inner width=&#8221;1\/3&#8243; ts_responsive_css=&#8221;37923186|colbreak_no|||||20px||||colbreak_no|||||||||colbreak_no|||||0px|||||colbreak_no|||||||||&#8221; css=&#8221;.vc_custom_1611346964963{padding-top: 50px !important;}&#8221;]\r\n\t\t<div class=\"ts-vc_btn3-container ts-vc_btn3-center vc_custom_1689696734356\"><a class=\"ts-vc_general ts-vc_btn3 ts-vc_btn3-size-sm ts-vc_btn3-shape-square ts-vc_btn3-style-flat ts-vc_btn3-weight-no ts-vc_btn3-block ts-vc_btn3-color-black\" href=\"https:\/\/deltatecnic.com\/ca\/solucions-masterbatch\/\" title=\"Masterbatch Solutions\">SOLUCIONS MASTERBATCH<\/a><\/div>[\/vc_column_inner][\/vc_row_inner][\/vc_tta_section][\/vc_tta_accordion][\/vc_column][\/vc_row][vc_row css=&#8221;.vc_custom_1611575828260{margin-top: 50px !important;}&#8221;][vc_column]<h3 style=\"text-align:left;font-size:24px;font-family:'Montserrat',Arial,Helvetica;font-weight:700;\" class=\"ts-custom-heading vc_custom_1611575752730\" >OUTDOOR JACKETING<\/h3>\n[vc_tta_accordion shape=&#8221;square&#8221; active_section=&#8221;0&#8243; collapsible_all=&#8221;true&#8221;][vc_tta_section title=&#8221;PVC\/PE &amp; EVA MASTERBATCH DELTAVINIL &amp; DELTAPLAST&#8221; tab_id=&#8221;ac03-outdoor-jacketing-01&#8243; el_class=&#8221;tit-acord-dc&#8221;][vc_column_text]<span style=\"font-weight: 600;\">Masterbatches especialment recomanats per a \u00fas en exteriors, per a evitar tant la descoloraci\u00f3 com la degradaci\u00f3 fotooxidativa del pol\u00edmer del cable.<\/span> Els requisits en aquest sector se centren en la resist\u00e8ncia a la llum dels pigments i l&#8217;estabilitzaci\u00f3 necess\u00e0ria per a complir requisits especials. Delta Tecnic selecciona acuradament els pigments que intervenen en les formulacions per a evitar la p\u00e8rdua de color a causa de la radiaci\u00f3 UV i additius per a evitar la degradaci\u00f3 del pl\u00e0stic per les condicions ambientals. Les nostres formulacions compleixen amb les regulacions de la ind\u00fastria. Comptem amb un laboratori altament qualificat equipat amb l&#8217;\u00faltima tecnologia per a monitorar la descoloraci\u00f3 i mantenir les propietats mec\u00e0niques.[\/vc_column_text][vc_row_inner css=&#8221;.vc_custom_1611314242189{margin-top: 20px !important;}&#8221;][vc_column_inner width=&#8221;2\/3&#8243;][vc_single_image image=&#8221;8805&#8243; img_size=&#8221;full&#8221; alignment=&#8221;center&#8221;][\/vc_column_inner][vc_column_inner width=&#8221;1\/3&#8243; ts_responsive_css=&#8221;37923186|colbreak_no|||||20px||||colbreak_no|||||||||colbreak_no|||||0px|||||colbreak_no|||||||||&#8221; css=&#8221;.vc_custom_1611346964963{padding-top: 50px !important;}&#8221;]\r\n\t\t<div class=\"ts-vc_btn3-container  boto_ca01 ts-vc_btn3-center vc_custom_1649937580704\"><a class=\"ts-vc_general ts-vc_btn3 ts-vc_btn3-size-sm ts-vc_btn3-shape-square ts-vc_btn3-style-flat ts-vc_btn3-weight-no ts-vc_btn3-block ts-vc_btn3-color-black\" href=\"https:\/\/deltatecnic.com\/ca\/solucions-masterbatch\/\/\" title=\"Solucions Masterbatch\">SOLUCIONS MASTERBATCH<\/a><\/div>[\/vc_column_inner][\/vc_row_inner][\/vc_tta_section][\/vc_tta_accordion][\/vc_column][\/vc_row]<\/p>\n","protected":false},"excerpt":{"rendered":"<p>\u00c0MPLIA GAMMA DE MASTERBATCHES PER A LA IND\u00daSTRIA DE TELECOMUNICACIONS<\/p>\n","protected":false},"author":1,"featured_media":0,"parent":11747,"menu_order":0,"comment_status":"closed","ping_status":"closed","template":"","meta":{"content-type":"","footnotes":""},"class_list":["post-11762","page","type-page","status-publish","hentry"],"yoast_head":"<!-- This site is optimized with the Yoast SEO plugin v27.1.1 - https:\/\/yoast.com\/product\/yoast-seo-wordpress\/ -->\n<title>Telecomunicacions Masterbatch | Delta Tecnic<\/title>\n<meta name=\"description\" content=\"Delta Tecnic oferix una \u00e0mplia gamma de masterbatches per a la ind\u00fastria del cable de telecomunicacions. Demana informaci\u00f3\" \/>\n<meta name=\"robots\" content=\"index, follow, max-snippet:-1, max-image-preview:large, max-video-preview:-1\" \/>\n<link rel=\"canonical\" href=\"https:\/\/deltatecnic.com\/ca\/deltacolor-cables\/telecomunicacions\/\" \/>\n<meta property=\"og:locale\" content=\"ca_ES\" \/>\n<meta property=\"og:type\" content=\"article\" \/>\n<meta property=\"og:title\" content=\"Telecomunicacions Masterbatch | Delta Tecnic\" \/>\n<meta property=\"og:description\" content=\"Delta Tecnic oferix una \u00e0mplia gamma de masterbatches per a la ind\u00fastria del cable de telecomunicacions. Demana informaci\u00f3\" \/>\n<meta property=\"og:url\" content=\"https:\/\/deltatecnic.com\/ca\/deltacolor-cables\/telecomunicacions\/\" \/>\n<meta property=\"og:site_name\" content=\"Delta Tecnic\" \/>\n<meta property=\"article:modified_time\" content=\"2025-06-01T13:32:14+00:00\" \/>\n<meta name=\"twitter:card\" content=\"summary_large_image\" \/>\n<meta name=\"twitter:label1\" content=\"Temps estimat de lectura\" \/>\n\t<meta name=\"twitter:data1\" content=\"5 minuts\" \/>\n<!-- \/ Yoast SEO plugin. -->","yoast_head_json":{"title":"Telecomunicacions Masterbatch | Delta Tecnic","description":"Delta Tecnic oferix una \u00e0mplia gamma de masterbatches per a la ind\u00fastria del cable de telecomunicacions. Demana informaci\u00f3","robots":{"index":"index","follow":"follow","max-snippet":"max-snippet:-1","max-image-preview":"max-image-preview:large","max-video-preview":"max-video-preview:-1"},"canonical":"https:\/\/deltatecnic.com\/ca\/deltacolor-cables\/telecomunicacions\/","og_locale":"ca_ES","og_type":"article","og_title":"Telecomunicacions Masterbatch | Delta Tecnic","og_description":"Delta Tecnic oferix una \u00e0mplia gamma de masterbatches per a la ind\u00fastria del cable de telecomunicacions. Demana informaci\u00f3","og_url":"https:\/\/deltatecnic.com\/ca\/deltacolor-cables\/telecomunicacions\/","og_site_name":"Delta Tecnic","article_modified_time":"2025-06-01T13:32:14+00:00","twitter_card":"summary_large_image","twitter_misc":{"Temps estimat de lectura":"5 minuts"},"schema":{"@context":"https:\/\/schema.org","@graph":[{"@type":"WebPage","@id":"https:\/\/deltatecnic.com\/ca\/deltacolor-cables\/telecomunicacions\/","url":"https:\/\/deltatecnic.com\/ca\/deltacolor-cables\/telecomunicacions\/","name":"Telecomunicacions Masterbatch | Delta Tecnic","isPartOf":{"@id":"https:\/\/deltatecnic.com\/ca\/#website"},"datePublished":"2020-12-21T09:10:57+00:00","dateModified":"2025-06-01T13:32:14+00:00","description":"Delta Tecnic oferix una \u00e0mplia gamma de masterbatches per a la ind\u00fastria del cable de telecomunicacions. Demana informaci\u00f3","breadcrumb":{"@id":"https:\/\/deltatecnic.com\/ca\/deltacolor-cables\/telecomunicacions\/#breadcrumb"},"inLanguage":"ca","potentialAction":[{"@type":"ReadAction","target":["https:\/\/deltatecnic.com\/ca\/deltacolor-cables\/telecomunicacions\/"]}]},{"@type":"BreadcrumbList","@id":"https:\/\/deltatecnic.com\/ca\/deltacolor-cables\/telecomunicacions\/#breadcrumb","itemListElement":[{"@type":"ListItem","position":1,"name":"Inici","item":"https:\/\/deltatecnic.com\/ca\/"},{"@type":"ListItem","position":2,"name":"Deltacolor Cables","item":"https:\/\/deltatecnic.com\/ca\/deltacolor-cables\/"},{"@type":"ListItem","position":3,"name":"Telecomunicacions"}]},{"@type":"WebSite","@id":"https:\/\/deltatecnic.com\/ca\/#website","url":"https:\/\/deltatecnic.com\/ca\/","name":"Delta Tecnic","description":"Bringing colour to life","potentialAction":[{"@type":"SearchAction","target":{"@type":"EntryPoint","urlTemplate":"https:\/\/deltatecnic.com\/ca\/?s={search_term_string}"},"query-input":{"@type":"PropertyValueSpecification","valueRequired":true,"valueName":"search_term_string"}}],"inLanguage":"ca"}]}},"_links":{"self":[{"href":"https:\/\/deltatecnic.com\/ca\/wp-json\/wp\/v2\/pages\/11762","targetHints":{"allow":["GET"]}}],"collection":[{"href":"https:\/\/deltatecnic.com\/ca\/wp-json\/wp\/v2\/pages"}],"about":[{"href":"https:\/\/deltatecnic.com\/ca\/wp-json\/wp\/v2\/types\/page"}],"author":[{"embeddable":true,"href":"https:\/\/deltatecnic.com\/ca\/wp-json\/wp\/v2\/users\/1"}],"replies":[{"embeddable":true,"href":"https:\/\/deltatecnic.com\/ca\/wp-json\/wp\/v2\/comments?post=11762"}],"version-history":[{"count":0,"href":"https:\/\/deltatecnic.com\/ca\/wp-json\/wp\/v2\/pages\/11762\/revisions"}],"up":[{"embeddable":true,"href":"https:\/\/deltatecnic.com\/ca\/wp-json\/wp\/v2\/pages\/11747"}],"wp:attachment":[{"href":"https:\/\/deltatecnic.com\/ca\/wp-json\/wp\/v2\/media?parent=11762"}],"curies":[{"name":"wp","href":"https:\/\/api.w.org\/{rel}","templated":true}]}}