{"id":11756,"date":"2020-12-18T18:05:40","date_gmt":"2020-12-18T17:05:40","guid":{"rendered":"https:\/\/deltatecnic.com\/deltacolor-cables-2\/energia\/"},"modified":"2024-03-22T12:18:57","modified_gmt":"2024-03-22T11:18:57","slug":"energia","status":"publish","type":"page","link":"https:\/\/deltatecnic.com\/ca\/deltacolor-cables\/energia\/","title":{"rendered":"ENERGIA"},"content":{"rendered":"<p>[vc_row][vc_column][vc_single_image image=&#8221;8291&#8243; img_size=&#8221;full&#8221;]<h2 style=\"text-align:left;font-size:34px;line-height:1em;font-family:'Montserrat',Arial,Helvetica;font-weight:400;\" class=\"ts-custom-heading vc_custom_1608236918427\" ><strong>ENERGY<\/strong><br \/>\nWIDE RANGE OF MASTERBATCHES DESIGNED FOR THE ENERGY INDUSTRY<\/h2>\n[vc_column_text css=&#8221;.vc_custom_1611338147297{padding-bottom: 0px !important;}&#8221;]Els cables per a la transmissi\u00f3 d&#8217;energia estan dissenyats per a suportar condicions espec\u00edfiques tant en la instal\u00b7laci\u00f3 com en la distribuci\u00f3 d&#8217;energia el\u00e8ctrica, de manera que puguin operar de manera segura i de confian\u00e7a. Utilitzats en instal\u00b7lacions industrials, sistemes de distribuci\u00f3 i il\u00b7luminaci\u00f3, han de complir amb especificacions d&#8217;alta qualitat, seguretat i rendiment.[\/vc_column_text][\/vc_column][\/vc_row][vc_row gap=&#8221;20&#8243; equal_height=&#8221;yes&#8221; ts_responsive_css=&#8221;18067909|colbreak_no|||||||||colbreak_no|||||||||colbreak_yes|10px|10px|10px|10px||||||colbreak_no|||||||||&#8221; css=&#8221;.vc_custom_1611601647440{margin-bottom: 30px !important;}&#8221;][vc_column width=&#8221;1\/3&#8243; css=&#8221;.vc_custom_1611601336815{background-color: #eff1f5 !important;}&#8221; el_class=&#8221;box03 esp-bloc-03&#8243;]<h2 style=\"text-align:center;font-size:18px;font-family:'Montserrat',Arial,Helvetica;font-weight:700;\" class=\"ts-custom-heading vc_custom_1611654821689\" >PIGMENTS<\/h2>\n[vc_column_text css=&#8221;.vc_custom_1611654861342{padding-right: 6px !important;padding-bottom: 6px !important;padding-left: 6px !important;}&#8221;]<\/p>\n<p style=\"text-align: center;\">Els pigments que utilitzem en les nostres formulacions se seleccionen especialment per a evitar interferir amb les propietats diel\u00e8ctriques i mec\u00e0niques del cable.<\/p>\n<p>[\/vc_column_text][\/vc_column][vc_column css_animation=&#8221;none&#8221; width=&#8221;1\/3&#8243; el_class=&#8221;box03 esp-bloc-03&#8243; css=&#8221;.vc_custom_1611601195224{background-color: #eff1f5 !important;}&#8221;]<h2 style=\"text-align:center;font-size:18px;font-family:'Montserrat',Arial,Helvetica;font-weight:700;\" class=\"ts-custom-heading vc_custom_1611655013359\" >INSULATION<\/h2>\n[vc_column_text css=&#8221;.vc_custom_1611655042748{padding-right: 6px !important;padding-bottom: 6px !important;padding-left: 6px !important;}&#8221;]<\/p>\n<p style=\"text-align: center;\">Satisfem les necessitats d&#8217;<a href=\"https:\/\/deltatecnic.com\/ca\/delta-tecnic-garanteix-un-aillament-eficient-a-la-industria-del-cable\/\">a\u00efllament<\/a>, ja sigui de coure o alumini, i tamb\u00e9 de revestiment, amb una \u00e0mplia gamma de colors.<\/p>\n<p>[\/vc_column_text][\/vc_column][vc_column width=&#8221;1\/3&#8243; el_class=&#8221;box03 esp-bloc-03&#8243; css=&#8221;.vc_custom_1611601275677{background-color: #eff1f5 !important;}&#8221;]<h2 style=\"text-align:center;font-size:18px;font-family:'Montserrat',Arial,Helvetica;font-weight:700;\" class=\"ts-custom-heading vc_custom_1611655082782\" >FORMULATIONS<\/h2>\n[vc_column_text css=&#8221;.vc_custom_1611655119475{padding-right: 6px !important;padding-bottom: 6px !important;padding-left: 6px !important;}&#8221; el_class=&#8221;box03&#8243;]<\/p>\n<p style=\"text-align: center;\">Les nostres formulacions s\u00f3n \u201clliures de metalls pesants\u201d i \u201clliures de ftalats\u201d i compleixen amb els est\u00e0ndards m\u00e9s estrictes del mercat.<\/p>\n<p>[\/vc_column_text][\/vc_column][\/vc_row][vc_row css=&#8221;.vc_custom_1611341124016{margin-top: 30px !important;}&#8221;][vc_column]<h3 style=\"text-align:left;font-size:24px;font-family:'Montserrat',Arial,Helvetica;font-weight:700;\" class=\"ts-custom-heading \" >LOW VOLTAGE<\/h3>\n[vc_column_text]L&#8217;augment de vehicles el\u00e8ctrics, rob\u00f2tica, automatitzaci\u00f3 i panells solars s&#8217;ha tradu\u00eft en un fort augment de la demanda de cables de baixa tensi\u00f3. En la producci\u00f3 de la nostra gamma de <a href=\"https:\/\/deltatecnic.com\/ca\/masterbatch-industria-del-cable\/\" target=\"_blank\" rel=\"noopener\"><strong>masterbatches utilitzats per a cables d&#8217;alimentaci\u00f3 de coloraci\u00f3 excepcionals<\/strong><\/a> , utilitzem una selecci\u00f3 de pigments que garanteixen les propietats diel\u00e8ctriques dels cables fabricats.<\/p>\n<p>Els nostres carriers de <a href=\"https:\/\/deltatecnic.com\/ca\/\">masterbatch<\/a> faciliten la diluci\u00f3 dels nostres productes en els pol\u00edmers i compostos emprats en aquesta ind\u00fastria.[\/vc_column_text][\/vc_column][\/vc_row][vc_row][vc_column][vc_tta_accordion shape=&#8221;square&#8221; active_section=&#8221;0&#8243; collapsible_all=&#8221;true&#8221;][vc_tta_section title=&#8221;PVC MASTERBATCH DELTAVINIL Energy, Data &amp; Building wire&#8221; tab_id=&#8221;ac02-low-voltage-01&#8243; el_class=&#8221;tit-acord-dc&#8221;][vc_column_text]<span style=\"font-weight: 600;\">Masterbatches dissenyats segons tons RAL i Munsell. La gamma especial d&#8217;alta diluci\u00f3 est\u00e0 disponible en els mateixos colors per a processos d&#8217;alta velocitat.<\/span> Els colors es poden personalitzar segons els requisits del client.[\/vc_column_text][vc_row_inner css=&#8221;.vc_custom_1611314242189{margin-top: 20px !important;}&#8221;][vc_column_inner width=&#8221;2\/3&#8243;][vc_single_image image=&#8221;8763&#8243; img_size=&#8221;full&#8221; alignment=&#8221;center&#8221;][\/vc_column_inner][vc_column_inner width=&#8221;1\/3&#8243; ts_responsive_css=&#8221;37923186|colbreak_no|||||20px||||colbreak_no|||||||||colbreak_no|||||0px|||||colbreak_no|||||||||&#8221; css=&#8221;.vc_custom_1611346964963{padding-top: 50px !important;}&#8221;]\r\n\t\t<div class=\"ts-vc_btn3-container ts-vc_btn3-center vc_custom_1622135227349\"><a class=\"ts-vc_general ts-vc_btn3 ts-vc_btn3-size-sm ts-vc_btn3-shape-square ts-vc_btn3-style-flat ts-vc_btn3-weight-no ts-vc_btn3-block ts-vc_btn3-color-black\" href=\"https:\/\/deltatecnic.com\/masterbatch-solutions\/\" title=\"Masterbatch Solutions\">MASTERBATCH SOLUTIONS<\/a><\/div>[\/vc_column_inner][\/vc_row_inner][\/vc_tta_section][vc_tta_section title=&#8221;EVA\/PE MASTERBATCH DELTAPLAST <a href=\"https:\/\/deltatecnic.com\/ca\/resistencia-sense-renunciar-a-les-propietats-mecaniques\/\">HFFR<\/a> cables&#8221; tab_id=&#8221;ac02-low-voltage-02&#8243; el_class=&#8221;tit-acord-dc&#8221;][vc_column_text]<span style=\"font-weight: 600;\">Des de la gamma est\u00e0ndard de <a href=\"https:\/\/deltatecnic.com\/ca\/solucions-masterbatch\/\" target=\"_blank\" rel=\"noopener\">Masterbatches<\/a> de Delta Tecnic, fins a qualsevol soluci\u00f3 personalitzada, la nostra experi\u00e8ncia amb materials HFFR ens permet oferir la soluci\u00f3 perfecta a cada necessitat del client.<\/span><\/p>\n<p>Gr\u00e0cies a l&#8217;alta concentraci\u00f3 de pigments, es poden aconseguir els colors desitjats malgrat la baixa dosi de masterbatch, reduint la influ\u00e8ncia dels factors externs sobre les propietats resistents al foc. Gr\u00e0cies a la nostra acurada selecci\u00f3 de pol\u00edmers portadors, podem aconseguir una diluci\u00f3 \u00f2ptima en els compostos HFFR presents en el mercat.[\/vc_column_text][vc_row_inner css=&#8221;.vc_custom_1611314242189{margin-top: 20px !important;}&#8221;][vc_column_inner width=&#8221;2\/3&#8243;][vc_single_image image=&#8221;8758&#8243; img_size=&#8221;full&#8221; alignment=&#8221;center&#8221;][\/vc_column_inner][vc_column_inner width=&#8221;1\/3&#8243; ts_responsive_css=&#8221;37923186|colbreak_no|||||20px||||colbreak_no|||||||||colbreak_no|||||0px|||||colbreak_no|||||||||&#8221; css=&#8221;.vc_custom_1611346964963{padding-top: 50px !important;}&#8221;]\r\n\t\t<div class=\"ts-vc_btn3-container ts-vc_btn3-center vc_custom_1622135227349\"><a class=\"ts-vc_general ts-vc_btn3 ts-vc_btn3-size-sm ts-vc_btn3-shape-square ts-vc_btn3-style-flat ts-vc_btn3-weight-no ts-vc_btn3-block ts-vc_btn3-color-black\" href=\"https:\/\/deltatecnic.com\/masterbatch-solutions\/\" title=\"Masterbatch Solutions\">MASTERBATCH SOLUTIONS<\/a><\/div>[\/vc_column_inner][\/vc_row_inner][\/vc_tta_section][vc_tta_section title=&#8221;PE MASTERBATCH DELTAPLAST Ambient curing crosslinking&#8221; tab_id=&#8221;ac02-low-voltage-03&#8243; el_class=&#8221;tit-acord-dc&#8221;][vc_column_text]<span style=\"font-weight: 600;\">Una <a href=\"https:\/\/deltatecnic.com\/ca\/solucions-masterbatch\/\">gamma de Masterbatches<\/a> de color desenvolupats per al seu \u00fas amb la tecnologia XLPE de Ambient Curing.<\/span> Gr\u00e0cies a la formulaci\u00f3 de pigments adequada, el proc\u00e9s de reticulaci\u00f3 no es veu afectat. Cada lot produ\u00eft per Delta Tecnic es verifica d&#8217;acord amb la norma EN 60811 2-1.[\/vc_column_text][vc_row_inner css=&#8221;.vc_custom_1611314242189{margin-top: 20px !important;}&#8221;][vc_column_inner width=&#8221;2\/3&#8243;][vc_single_image image=&#8221;8761&#8243; img_size=&#8221;full&#8221; alignment=&#8221;center&#8221;][\/vc_column_inner][vc_column_inner width=&#8221;1\/3&#8243; ts_responsive_css=&#8221;37923186|colbreak_no|||||20px||||colbreak_no|||||||||colbreak_no|||||0px|||||colbreak_no|||||||||&#8221; css=&#8221;.vc_custom_1611346964963{padding-top: 50px !important;}&#8221;]\r\n\t\t<div class=\"ts-vc_btn3-container ts-vc_btn3-center vc_custom_1622135227349\"><a class=\"ts-vc_general ts-vc_btn3 ts-vc_btn3-size-sm ts-vc_btn3-shape-square ts-vc_btn3-style-flat ts-vc_btn3-weight-no ts-vc_btn3-block ts-vc_btn3-color-black\" href=\"https:\/\/deltatecnic.com\/masterbatch-solutions\/\" title=\"Masterbatch Solutions\">MASTERBATCH SOLUTIONS<\/a><\/div>[\/vc_column_inner][\/vc_row_inner][\/vc_tta_section][vc_tta_section title=&#8221;PE MASTERBATCH DELTAPLAST Energy cables&#8221; tab_id=&#8221;ac02-low-voltage-04&#8243; el_class=&#8221;tit-acord-dc&#8221;][vc_column_text]<span style=\"font-weight: 600;\">La nostra gamma de masterbatches est\u00e0ndard per a acolorir cables d&#8217;alimentaci\u00f3 PE i XLPE.<\/span> Pigments i formulacions acuradament seleccionats asseguren que les propietats diel\u00e8ctriques no es vegin afectades.[\/vc_column_text][vc_row_inner css=&#8221;.vc_custom_1611314242189{margin-top: 20px !important;}&#8221;][vc_column_inner width=&#8221;2\/3&#8243;][vc_single_image image=&#8221;8760&#8243; img_size=&#8221;full&#8221; alignment=&#8221;center&#8221;][\/vc_column_inner][vc_column_inner width=&#8221;1\/3&#8243; ts_responsive_css=&#8221;37923186|colbreak_no|||||20px||||colbreak_no|||||||||colbreak_no|||||0px|||||colbreak_no|||||||||&#8221; css=&#8221;.vc_custom_1611346964963{padding-top: 50px !important;}&#8221;]\r\n\t\t<div class=\"ts-vc_btn3-container ts-vc_btn3-center vc_custom_1622135227349\"><a class=\"ts-vc_general ts-vc_btn3 ts-vc_btn3-size-sm ts-vc_btn3-shape-square ts-vc_btn3-style-flat ts-vc_btn3-weight-no ts-vc_btn3-block ts-vc_btn3-color-black\" href=\"https:\/\/deltatecnic.com\/masterbatch-solutions\/\" title=\"Masterbatch Solutions\">MASTERBATCH SOLUTIONS<\/a><\/div>[\/vc_column_inner][\/vc_row_inner][\/vc_tta_section][vc_tta_section title=&#8221;TPU MASTERBATCH DELTAPLAST Energy and Industrial cables&#8221; tab_id=&#8221;ac02-low-voltage-05&#8243; el_class=&#8221;tit-acord-dc&#8221;][vc_column_text]<span style=\"font-weight: 600;\">Una gamma de masterbatches termopl\u00e0stics a base de poliuret\u00e0 destinats principalment a cables especials per a maquin\u00e0ria i rob\u00f2tica on es requereixen altes propietats d&#8217;abrasi\u00f3 i resist\u00e8ncia qu\u00edmica.<\/span> Oferim masterbatches per als graus de TPU est\u00e0ndard i ign\u00edfugs m\u00e9s utilitzats. Per a aplicacions a l&#8217;aire lliure, formulem utilitzant pigments espec\u00edfics d&#8217;alta resist\u00e8ncia a la llum i masterbatches millorats amb filtres UV per a protegir el pol\u00edmer.[\/vc_column_text][vc_row_inner css=&#8221;.vc_custom_1611314242189{margin-top: 20px !important;}&#8221;][vc_column_inner width=&#8221;2\/3&#8243;][vc_single_image image=&#8221;8765&#8243; img_size=&#8221;full&#8221; alignment=&#8221;center&#8221;][\/vc_column_inner][vc_column_inner width=&#8221;1\/3&#8243; ts_responsive_css=&#8221;37923186|colbreak_no|||||20px||||colbreak_no|||||||||colbreak_no|||||0px|||||colbreak_no|||||||||&#8221; css=&#8221;.vc_custom_1611346964963{padding-top: 50px !important;}&#8221;]\r\n\t\t<div class=\"ts-vc_btn3-container ts-vc_btn3-center vc_custom_1622135227349\"><a class=\"ts-vc_general ts-vc_btn3 ts-vc_btn3-size-sm ts-vc_btn3-shape-square ts-vc_btn3-style-flat ts-vc_btn3-weight-no ts-vc_btn3-block ts-vc_btn3-color-black\" href=\"https:\/\/deltatecnic.com\/masterbatch-solutions\/\" title=\"Masterbatch Solutions\">MASTERBATCH SOLUTIONS<\/a><\/div>[\/vc_column_inner][\/vc_row_inner][\/vc_tta_section][vc_tta_section title=&#8221;PA MASTERBATCH DELTAPLAST THHN cables (Building wire)&#8221; tab_id=&#8221;ac02-low-voltage-06&#8243; el_class=&#8221;tit-acord-dc&#8221;][vc_column_text]<span style=\"font-weight: 600;\">Delta Tecnic ha desenvolupat dues gammes de productes amb dos tipus diferents de pol\u00edmer (PE i PA) per a satisfer les necessitats m\u00e9s exigents.<\/span> Els pigments s&#8217;han seleccionat especialment per a resistir les temperatures de treball d&#8217;aquests pol\u00edmers.[\/vc_column_text][vc_row_inner css=&#8221;.vc_custom_1611314242189{margin-top: 20px !important;}&#8221;][vc_column_inner width=&#8221;2\/3&#8243;][vc_single_image image=&#8221;8759&#8243; img_size=&#8221;full&#8221; alignment=&#8221;center&#8221;][\/vc_column_inner][vc_column_inner width=&#8221;1\/3&#8243; ts_responsive_css=&#8221;37923186|colbreak_no|||||20px||||colbreak_no|||||||||colbreak_no|||||0px|||||colbreak_no|||||||||&#8221; css=&#8221;.vc_custom_1611346964963{padding-top: 50px !important;}&#8221;]\r\n\t\t<div class=\"ts-vc_btn3-container ts-vc_btn3-center vc_custom_1622135227349\"><a class=\"ts-vc_general ts-vc_btn3 ts-vc_btn3-size-sm ts-vc_btn3-shape-square ts-vc_btn3-style-flat ts-vc_btn3-weight-no ts-vc_btn3-block ts-vc_btn3-color-black\" href=\"https:\/\/deltatecnic.com\/masterbatch-solutions\/\" title=\"Masterbatch Solutions\">MASTERBATCH SOLUTIONS<\/a><\/div>[\/vc_column_inner][\/vc_row_inner][\/vc_tta_section][vc_tta_section title=&#8221;PVC\/PE &amp; EVA MASTERBATCH DELTAVINIL &amp; DELTAPLAST Outdoor jacketing&#8221; tab_id=&#8221;ac02-low-voltage-07&#8243; el_class=&#8221;tit-acord-dc&#8221;][vc_column_text]<span style=\"font-weight: 600;\">Masterbatches especialment recomanats per a \u00fas en exteriors, per a evitar tant la descoloraci\u00f3 com la degradaci\u00f3 fotooxidativa del pol\u00edmer del cable.<\/span> Els requisits en aquest sector se centren en la resist\u00e8ncia a la llum dels pigments i l&#8217;estabilitzaci\u00f3 necess\u00e0ria per a complir requisits especials. Delta Tecnic selecciona acuradament els pigments que intervenen en les formulacions per a evitar la p\u00e8rdua de color degut a la radiaci\u00f3 UV i additius per a evitar la degradaci\u00f3 del pl\u00e0stic degut a les condicions ambientals. Les nostres formulacions compleixen amb les regulacions de la ind\u00fastria. Comptem amb un laboratori altament qualificat equipat amb l&#8217;\u00faltima tecnologia per a monitorar la descoloraci\u00f3 i mantenir les propietats mec\u00e0niques.[\/vc_column_text][vc_row_inner css=&#8221;.vc_custom_1611314242189{margin-top: 20px !important;}&#8221;][vc_column_inner width=&#8221;2\/3&#8243;][vc_single_image image=&#8221;8764&#8243; img_size=&#8221;full&#8221; alignment=&#8221;center&#8221;][\/vc_column_inner][vc_column_inner width=&#8221;1\/3&#8243; ts_responsive_css=&#8221;37923186|colbreak_no|||||20px||||colbreak_no|||||||||colbreak_no|||||0px|||||colbreak_no|||||||||&#8221; css=&#8221;.vc_custom_1611346964963{padding-top: 50px !important;}&#8221;]\r\n\t\t<div class=\"ts-vc_btn3-container ts-vc_btn3-center vc_custom_1622135227349\"><a class=\"ts-vc_general ts-vc_btn3 ts-vc_btn3-size-sm ts-vc_btn3-shape-square ts-vc_btn3-style-flat ts-vc_btn3-weight-no ts-vc_btn3-block ts-vc_btn3-color-black\" href=\"https:\/\/deltatecnic.com\/masterbatch-solutions\/\" title=\"Masterbatch Solutions\">MASTERBATCH SOLUTIONS<\/a><\/div>[\/vc_column_inner][\/vc_row_inner][\/vc_tta_section][vc_tta_section title=&#8221;EPDM\/EPR MASTERBATCH DELTAPLAST Rubber compounds&#8221; tab_id=&#8221;ac02-low-voltage-08&#8243; el_class=&#8221;tit-acord-dc&#8221;][vc_column_text]<span style=\"font-weight: 600;\">Gamma de Masterbatches per al seu \u00fas en la fabricaci\u00f3 de cables de cautx\u00fa amb compostos EPDM i EPR.<\/span> El baix punt de fusi\u00f3 i la bona dispersi\u00f3 permeten treballar, a les temperatures utilitzades en aquesta mena de compostos, amb total regularitat de color.[\/vc_column_text][vc_row_inner css=&#8221;.vc_custom_1611314242189{margin-top: 20px !important;}&#8221;][vc_column_inner width=&#8221;2\/3&#8243;][vc_single_image image=&#8221;8757&#8243; img_size=&#8221;full&#8221; alignment=&#8221;center&#8221;][\/vc_column_inner][vc_column_inner width=&#8221;1\/3&#8243; ts_responsive_css=&#8221;37923186|colbreak_no|||||20px||||colbreak_no|||||||||colbreak_no|||||0px|||||colbreak_no|||||||||&#8221; css=&#8221;.vc_custom_1611346964963{padding-top: 50px !important;}&#8221;]\r\n\t\t<div class=\"ts-vc_btn3-container ts-vc_btn3-center vc_custom_1622135227349\"><a class=\"ts-vc_general ts-vc_btn3 ts-vc_btn3-size-sm ts-vc_btn3-shape-square ts-vc_btn3-style-flat ts-vc_btn3-weight-no ts-vc_btn3-block ts-vc_btn3-color-black\" href=\"https:\/\/deltatecnic.com\/masterbatch-solutions\/\" title=\"Masterbatch Solutions\">MASTERBATCH SOLUTIONS<\/a><\/div>[\/vc_column_inner][\/vc_row_inner][\/vc_tta_section][\/vc_tta_accordion][\/vc_column][\/vc_row][vc_row css=&#8221;.vc_custom_1611341163544{margin-top: 30px !important;}&#8221;][vc_column]<h3 style=\"text-align:left;font-size:24px;font-family:'Montserrat',Arial,Helvetica;font-weight:700;\" class=\"ts-custom-heading \" >MEDIUM VOLTAGE<\/h3>\n[vc_column_text]L&#8217;augment de vehicles el\u00e8ctrics, rob\u00f2tica, automatitzaci\u00f3 i panells solars s&#8217;ha tradu\u00eft en un fort augment de la demanda de cables de baixa tensi\u00f3 excepcionals. Aquests cables estan dissenyats per a suportar condicions espec\u00edfiques tant en la instal\u00b7laci\u00f3 com en la distribuci\u00f3 d&#8217;energia el\u00e8ctrica, perqu\u00e8 puguin operar de manera segura i de confian\u00e7a. Delta Tecnic t\u00e9 en compte aquestes propietats particulars dels requisits del cable de mitjana tensi\u00f3 en desenvolupar les seves diverses formulacions.[\/vc_column_text][vc_tta_accordion shape=&#8221;square&#8221; active_section=&#8221;0&#8243; collapsible_all=&#8221;true&#8221;][vc_tta_section title=&#8221;PE\/PVC MASTERBATCH DELTAVINIL &amp; DELTAPLAST&#8221; tab_id=&#8221;ac02-medium-voltage-01&#8243; el_class=&#8221;tit-acord-dc&#8221;][vc_column_text]<span style=\"font-weight: 600;\">Els nostres colors s&#8217;han utilitzat en m\u00faltiples projectes de cables de mitjana tensi\u00f3 en moltes aplicacions diferents i en una multitud de projectes p\u00fablics en els cinc continents.<\/span>[\/vc_column_text][vc_row_inner css=&#8221;.vc_custom_1611314242189{margin-top: 20px !important;}&#8221;][vc_column_inner width=&#8221;2\/3&#8243;][vc_single_image image=&#8221;8762&#8243; img_size=&#8221;full&#8221; alignment=&#8221;center&#8221;][\/vc_column_inner][vc_column_inner width=&#8221;1\/3&#8243; ts_responsive_css=&#8221;37923186|colbreak_no|||||20px||||colbreak_no|||||||||colbreak_no|||||0px|||||colbreak_no|||||||||&#8221; css=&#8221;.vc_custom_1611346964963{padding-top: 50px !important;}&#8221;]\r\n\t\t<div class=\"ts-vc_btn3-container ts-vc_btn3-center vc_custom_1622135227349\"><a class=\"ts-vc_general ts-vc_btn3 ts-vc_btn3-size-sm ts-vc_btn3-shape-square ts-vc_btn3-style-flat ts-vc_btn3-weight-no ts-vc_btn3-block ts-vc_btn3-color-black\" href=\"https:\/\/deltatecnic.com\/masterbatch-solutions\/\" title=\"Masterbatch Solutions\">MASTERBATCH SOLUTIONS<\/a><\/div>[\/vc_column_inner][\/vc_row_inner][\/vc_tta_section][\/vc_tta_accordion][\/vc_column][\/vc_row]<\/p>\n","protected":false},"excerpt":{"rendered":"<p>\u00c0MPLIA GAMMA DE MASTERBATCHES DISSENYATS PER A la IND\u00daSTRIA DE LA ENERGIA<\/p>\n","protected":false},"author":1,"featured_media":0,"parent":11747,"menu_order":0,"comment_status":"closed","ping_status":"closed","template":"","meta":{"content-type":"","footnotes":""},"class_list":["post-11756","page","type-page","status-publish","hentry"],"yoast_head":"<!-- This site is optimized with the Yoast SEO plugin v27.1.1 - https:\/\/yoast.com\/product\/yoast-seo-wordpress\/ -->\n<title>Masterbatch per a la ind\u00fastria del cable energ\u00e8tic | Delta T\u00e8cnic<\/title>\n<meta name=\"description\" content=\"En la producci\u00f3 de masterbatch per a la coloraci\u00f3 de cables d&#039;alimentaci\u00f3, utilitzem pigments que garanteixen les propietats diel\u00e8ctriques dels cables fabricats.\" \/>\n<meta name=\"robots\" content=\"index, follow, max-snippet:-1, max-image-preview:large, max-video-preview:-1\" \/>\n<link rel=\"canonical\" href=\"https:\/\/deltatecnic.com\/ca\/deltacolor-cables\/energia\/\" \/>\n<meta property=\"og:locale\" content=\"ca_ES\" \/>\n<meta property=\"og:type\" content=\"article\" \/>\n<meta property=\"og:title\" content=\"Masterbatch per a la ind\u00fastria del cable energ\u00e8tic | Delta T\u00e8cnic\" \/>\n<meta property=\"og:description\" content=\"En la producci\u00f3 de masterbatch per a la coloraci\u00f3 de cables d&#039;alimentaci\u00f3, utilitzem pigments que garanteixen les propietats diel\u00e8ctriques dels cables fabricats.\" \/>\n<meta property=\"og:url\" content=\"https:\/\/deltatecnic.com\/ca\/deltacolor-cables\/energia\/\" \/>\n<meta property=\"og:site_name\" content=\"Delta Tecnic\" \/>\n<meta property=\"article:modified_time\" content=\"2024-03-22T11:18:57+00:00\" \/>\n<meta name=\"twitter:card\" content=\"summary_large_image\" \/>\n<meta name=\"twitter:label1\" content=\"Temps estimat de lectura\" \/>\n\t<meta name=\"twitter:data1\" content=\"6 minuts\" \/>\n<!-- \/ Yoast SEO plugin. -->","yoast_head_json":{"title":"Masterbatch per a la ind\u00fastria del cable energ\u00e8tic | Delta T\u00e8cnic","description":"En la producci\u00f3 de masterbatch per a la coloraci\u00f3 de cables d'alimentaci\u00f3, utilitzem pigments que garanteixen les propietats diel\u00e8ctriques dels cables fabricats.","robots":{"index":"index","follow":"follow","max-snippet":"max-snippet:-1","max-image-preview":"max-image-preview:large","max-video-preview":"max-video-preview:-1"},"canonical":"https:\/\/deltatecnic.com\/ca\/deltacolor-cables\/energia\/","og_locale":"ca_ES","og_type":"article","og_title":"Masterbatch per a la ind\u00fastria del cable energ\u00e8tic | Delta T\u00e8cnic","og_description":"En la producci\u00f3 de masterbatch per a la coloraci\u00f3 de cables d'alimentaci\u00f3, utilitzem pigments que garanteixen les propietats diel\u00e8ctriques dels cables fabricats.","og_url":"https:\/\/deltatecnic.com\/ca\/deltacolor-cables\/energia\/","og_site_name":"Delta Tecnic","article_modified_time":"2024-03-22T11:18:57+00:00","twitter_card":"summary_large_image","twitter_misc":{"Temps estimat de lectura":"6 minuts"},"schema":{"@context":"https:\/\/schema.org","@graph":[{"@type":"WebPage","@id":"https:\/\/deltatecnic.com\/ca\/deltacolor-cables\/energia\/","url":"https:\/\/deltatecnic.com\/ca\/deltacolor-cables\/energia\/","name":"Masterbatch per a la ind\u00fastria del cable energ\u00e8tic | Delta T\u00e8cnic","isPartOf":{"@id":"https:\/\/deltatecnic.com\/ca\/#website"},"datePublished":"2020-12-18T17:05:40+00:00","dateModified":"2024-03-22T11:18:57+00:00","description":"En la producci\u00f3 de masterbatch per a la coloraci\u00f3 de cables d'alimentaci\u00f3, utilitzem pigments que garanteixen les propietats diel\u00e8ctriques dels cables fabricats.","breadcrumb":{"@id":"https:\/\/deltatecnic.com\/ca\/deltacolor-cables\/energia\/#breadcrumb"},"inLanguage":"ca","potentialAction":[{"@type":"ReadAction","target":["https:\/\/deltatecnic.com\/ca\/deltacolor-cables\/energia\/"]}]},{"@type":"BreadcrumbList","@id":"https:\/\/deltatecnic.com\/ca\/deltacolor-cables\/energia\/#breadcrumb","itemListElement":[{"@type":"ListItem","position":1,"name":"Inici","item":"https:\/\/deltatecnic.com\/ca\/"},{"@type":"ListItem","position":2,"name":"Deltacolor Cables","item":"https:\/\/deltatecnic.com\/ca\/deltacolor-cables\/"},{"@type":"ListItem","position":3,"name":"ENERGIA"}]},{"@type":"WebSite","@id":"https:\/\/deltatecnic.com\/ca\/#website","url":"https:\/\/deltatecnic.com\/ca\/","name":"Delta Tecnic","description":"Bringing colour to life","potentialAction":[{"@type":"SearchAction","target":{"@type":"EntryPoint","urlTemplate":"https:\/\/deltatecnic.com\/ca\/?s={search_term_string}"},"query-input":{"@type":"PropertyValueSpecification","valueRequired":true,"valueName":"search_term_string"}}],"inLanguage":"ca"}]}},"_links":{"self":[{"href":"https:\/\/deltatecnic.com\/ca\/wp-json\/wp\/v2\/pages\/11756","targetHints":{"allow":["GET"]}}],"collection":[{"href":"https:\/\/deltatecnic.com\/ca\/wp-json\/wp\/v2\/pages"}],"about":[{"href":"https:\/\/deltatecnic.com\/ca\/wp-json\/wp\/v2\/types\/page"}],"author":[{"embeddable":true,"href":"https:\/\/deltatecnic.com\/ca\/wp-json\/wp\/v2\/users\/1"}],"replies":[{"embeddable":true,"href":"https:\/\/deltatecnic.com\/ca\/wp-json\/wp\/v2\/comments?post=11756"}],"version-history":[{"count":0,"href":"https:\/\/deltatecnic.com\/ca\/wp-json\/wp\/v2\/pages\/11756\/revisions"}],"up":[{"embeddable":true,"href":"https:\/\/deltatecnic.com\/ca\/wp-json\/wp\/v2\/pages\/11747"}],"wp:attachment":[{"href":"https:\/\/deltatecnic.com\/ca\/wp-json\/wp\/v2\/media?parent=11756"}],"curies":[{"name":"wp","href":"https:\/\/api.w.org\/{rel}","templated":true}]}}