{"id":11750,"date":"2020-12-18T17:10:32","date_gmt":"2020-12-18T16:10:32","guid":{"rendered":"https:\/\/deltatecnic.com\/deltacolor-cables-2\/automocio\/"},"modified":"2024-03-22T12:23:07","modified_gmt":"2024-03-22T11:23:07","slug":"automocio","status":"publish","type":"page","link":"https:\/\/deltatecnic.com\/ca\/deltacolor-cables\/automocio\/","title":{"rendered":"Automoci\u00f3"},"content":{"rendered":"<p>[vc_row][vc_column][vc_single_image image=&#8221;8291&#8243; img_size=&#8221;full&#8221;]<h2 style=\"text-align:left;font-size:34px;line-height:1em;font-family:'Montserrat',Arial,Helvetica;font-weight:400;\" class=\"ts-custom-heading vc_custom_1649852315749\" ><strong>AUTOMOCI\u00d3<\/strong><br \/>\nEXPERTS EN MASTERBATCHES<br \/>\nPER A LA IND\u00daSTRIA DEL CABLE<\/h2>\n[vc_column_text]La ind\u00fastria <em>wiring harness<\/em> per a autom\u00f2bils \u00e9s un sector altament t\u00e8cnic i s&#8217;esfor\u00e7a constantment per millorar el rendiment del vehicle amb desenvolupaments tecnol\u00f2gics innovadors per a augmentar l&#8217;efici\u00e8ncia i la productivitat.<\/p>\n<p>El nou panorama provocat per l&#8217;auge dels cotxes el\u00e8ctrics, tant endollables com h\u00edbrids, est\u00e0 reorientant la ind\u00fastria cap a noves demandes per a incorporar m\u00e9s sensors i components el\u00e8ctrics i electr\u00f2nics en els vehicles.[\/vc_column_text][\/vc_column][\/vc_row][vc_row gap=&#8221;20&#8243; equal_height=&#8221;yes&#8221; ts_responsive_css=&#8221;18067909|colbreak_no|||||||||colbreak_no|||||||||colbreak_yes|10px|10px|10px|10px||||||colbreak_no|||||||||&#8221; css=&#8221;.vc_custom_1611601647440{margin-bottom: 30px !important;}&#8221;][vc_column width=&#8221;1\/3&#8243; css=&#8221;.vc_custom_1611601336815{background-color: #eff1f5 !important;}&#8221; el_class=&#8221;box03 esp-bloc-03&#8243;]<h2 style=\"text-align:center;font-size:18px;font-family:'Montserrat',Arial,Helvetica;font-weight:700;\" class=\"ts-custom-heading vc_custom_1649852465227\" >FORMULACIONS<\/h2>\n[vc_column_text css=&#8221;.vc_custom_1611598699902{padding-right: 6px !important;padding-bottom: 6px !important;padding-left: 6px !important;}&#8221;]<\/p>\n<p style=\"text-align: center;\">Les formulacions de compostos tamb\u00e9 estan canviant, la qual cosa planteja nous desafiaments per a la coloraci\u00f3 dels cables, que han de complir amb requisits molt exigents quant a resist\u00e8ncia t\u00e8rmica i a l&#8217;envelliment.<\/p>\n<p>[\/vc_column_text][\/vc_column][vc_column css_animation=&#8221;none&#8221; width=&#8221;1\/3&#8243; el_class=&#8221;box03 esp-bloc-03&#8243; css=&#8221;.vc_custom_1611601195224{background-color: #eff1f5 !important;}&#8221;]<h2 style=\"text-align:center;font-size:18px;font-family:'Montserrat',Arial,Helvetica;font-weight:700;\" class=\"ts-custom-heading vc_custom_1649852487904\" >TESTATS<\/h2>\n[vc_column_text css=&#8221;.vc_custom_1611600476795{padding-right: 6px !important;padding-bottom: 6px !important;padding-left: 6px !important;}&#8221;]<\/p>\n<p style=\"text-align: center;\">Els cables es proven exhaustivament i se sotmeten a l\u00edmits extrems, segons les diferents classes de temperatura.<\/p>\n<p>[\/vc_column_text][\/vc_column][vc_column width=&#8221;1\/3&#8243; el_class=&#8221;box03 esp-bloc-03&#8243; css=&#8221;.vc_custom_1611601275677{background-color: #eff1f5 !important;}&#8221;]<h2 style=\"text-align:center;font-size:18px;font-family:'Montserrat',Arial,Helvetica;font-weight:700;\" class=\"ts-custom-heading vc_custom_1649852502720\" >PRODUCCI\u00d3<\/h2>\n[vc_column_text css=&#8221;.vc_custom_1636720266988{padding-right: 5px !important;padding-bottom: 6px !important;padding-left: 5px !important;}&#8221; el_class=&#8221;box03&#8243;]<\/p>\n<p style=\"text-align: center;\">Les velocitats de producci\u00f3 augmenten constantment; la tend\u00e8ncia \u00e9s a reduir els gruixos de paret i a les extrusores m\u00e9s curtes, la qual cosa es tradueix en menys temps per a incorporar els <a href=\"https:\/\/deltatecnic.com\/ca\/\">masterbatch<\/a> en el compost donat.<\/p>\n<p>[\/vc_column_text][\/vc_column][\/vc_row][vc_row equal_height=&#8221;yes&#8221;][vc_column][vc_tta_accordion active_section=&#8221;0&#8243; collapsible_all=&#8221;true&#8221; el_class=&#8221;bloc-cable05&#8243;][vc_tta_section title=&#8221;T2\/T3 PVC&#8221; tab_id=&#8221;ac01-t2-t3-pvc&#8221;][vc_column_text]<span style=\"font-weight: 600;\">Masterbatch dissenyat per a acolorir cables de classes de temperatura T2 i T3.<\/span> Els cables de classe T2 estan exposats a una calor considerable de fonts de radiaci\u00f3. S&#8217;espera que aquests cables funcionin a temperatures ambientals de -40 a +105 \u00b0 C i la seva aplicaci\u00f3 t\u00edpica \u00e9s en els compartiments de passatgers i sota el cap\u00f3. Els cables de classe T3 estan molt exposats a una calor significativa de fonts de radiaci\u00f3 i s&#8217;espera que funcionin a temperatures ambientals de -40 a +125 \u00b0 C. La seva aplicaci\u00f3 t\u00edpica est\u00e0 prop del motor.[\/vc_column_text][vc_row_inner css=&#8221;.vc_custom_1611314242189{margin-top: 20px !important;}&#8221;][vc_column_inner width=&#8221;2\/3&#8243;][vc_single_image image=&#8221;8667&#8243; img_size=&#8221;full&#8221; alignment=&#8221;center&#8221;][\/vc_column_inner][vc_column_inner width=&#8221;1\/3&#8243; ts_responsive_css=&#8221;37923186|colbreak_no|||||20px||||colbreak_no|||||||||colbreak_no|||||0px|||||colbreak_no|||||||||&#8221; css=&#8221;.vc_custom_1611314089385{padding-top: 50px !important;}&#8221;]\r\n\t\t<div class=\"ts-vc_btn3-container ts-vc_btn3-center vc_custom_1651663971511\"><a class=\"ts-vc_general ts-vc_btn3 ts-vc_btn3-size-sm ts-vc_btn3-shape-square ts-vc_btn3-style-flat ts-vc_btn3-weight-no ts-vc_btn3-block ts-vc_btn3-color-black\" href=\"https:\/\/deltatecnic.com\/ca\/solucions-masterbatch\/\" title=\"Masterbatch Solutions\">SOLUCIONS MASTERBATCH<\/a><\/div>[vc_separator color=&#8221;custom&#8221; accent_color=&#8221;#09284c&#8221; css=&#8221;.vc_custom_1611314506853{padding-left: 7% !important;}&#8221;][vc_column_text el_class=&#8221;sec-txt&#8221; css=&#8221;.vc_custom_1623229312626{padding-top: 8px !important;padding-right: 3px !important;padding-bottom: 3px !important;}&#8221;]Rang de temperatura (3000 h)<br \/>\nT2 -40 \u00b0C a +105 \u00b0C<br \/>\nT3 -40 \u00b0C a +125 \u00b0C<br \/>\n<span style=\"font-weight: 400; font-size: 15px; line-height: 1.6em;\">ISO 6722<\/span>[\/vc_column_text][vc_separator color=&#8221;custom&#8221; accent_color=&#8221;#09284c&#8221; css=&#8221;.vc_custom_1611314506853{padding-left: 7% !important;}&#8221;][\/vc_column_inner][\/vc_row_inner][\/vc_tta_section][vc_tta_section title=&#8221;T3\/T4&#8243; tab_id=&#8221;ac01-t3-t4&#8243;][vc_column_text]<span style=\"font-weight: 600;\">Masterbatch dissenyat per a acolorir cables de classe de temperatura T3 i T4.<\/span> Els cables de classe T3 estan molt exposats a una calor significativa de fonts de radiaci\u00f3 i s&#8217;espera que funcionin a temperatures ambientals que oscil\u00b7len entre -40 i +125 \u00b0 C. La seva aplicaci\u00f3 t\u00edpica est\u00e0 prop del motor. Els cables de classe T4 estan exposats a una calor considerable per radiaci\u00f3 i conducci\u00f3 i s&#8217;espera que funcionin a temperatures ambientals que oscil\u00b7len entre -40 i +150 \u00b0 C. La seva aplicaci\u00f3 t\u00edpica \u00e9s en el circuit d&#8217;oli del motor.[\/vc_column_text][vc_row_inner css=&#8221;.vc_custom_1611314242189{margin-top: 20px !important;}&#8221;][vc_column_inner width=&#8221;2\/3&#8243;][vc_single_image image=&#8221;8668&#8243; img_size=&#8221;full&#8221; alignment=&#8221;center&#8221;][\/vc_column_inner][vc_column_inner width=&#8221;1\/3&#8243; ts_responsive_css=&#8221;37923186|colbreak_no|||||20px||||colbreak_no|||||||||colbreak_no|||||0px|||||colbreak_no|||||||||&#8221; css=&#8221;.vc_custom_1611314089385{padding-top: 50px !important;}&#8221;]\r\n\t\t<div class=\"ts-vc_btn3-container ts-vc_btn3-center vc_custom_1651664040520\"><a class=\"ts-vc_general ts-vc_btn3 ts-vc_btn3-size-sm ts-vc_btn3-shape-square ts-vc_btn3-style-flat ts-vc_btn3-weight-no ts-vc_btn3-block ts-vc_btn3-color-black\" href=\"https:\/\/deltatecnic.com\/ca\/solucions-masterbatch\/\" title=\"Masterbatch Solutions\">SOLUCIONS MASTERBATCH<\/a><\/div>[vc_separator color=&#8221;custom&#8221; accent_color=&#8221;#09284c&#8221; css=&#8221;.vc_custom_1611314506853{padding-left: 7% !important;}&#8221;][vc_column_text el_class=&#8221;sec-txt&#8221; css=&#8221;.vc_custom_1611335126938{padding-top: 8px !important;padding-right: 3px !important;padding-bottom: 3px !important;}&#8221;]Rang de temperatura (3000 h)<br \/>\nT3 -40 \u00b0C a +125 \u00b0C<br \/>\nT4 -40 \u00b0C a +150 \u00b0C<br \/>\n<span style=\"font-weight: 400; font-size: 15px; line-height: 1.6em;\">ISO 6722<\/span>[\/vc_column_text][vc_separator color=&#8221;custom&#8221; accent_color=&#8221;#09284c&#8221; css=&#8221;.vc_custom_1611314506853{padding-left: 7% !important;}&#8221;][\/vc_column_inner][\/vc_row_inner][\/vc_tta_section][vc_tta_section title=&#8221;T5\/T6&#8243; tab_id=&#8221;ac01-t5-t6&#8243;][vc_column_text]<span style=\"font-weight: 600;\">Masterbatch dissenyat per a acolorir cables de classe de temperatura T5 \/ T6,<\/span> que estan molt exposats a una calor considerable per radiaci\u00f3 i conducci\u00f3. S&#8217;espera que aquests cables funcionin a temperatures ambientals de -40 a +175 \u00b0 C (T5) i de -40 a +200 \u00b0 C (T6).[\/vc_column_text][vc_row_inner css=&#8221;.vc_custom_1611314242189{margin-top: 20px !important;}&#8221;][vc_column_inner width=&#8221;2\/3&#8243;][vc_single_image image=&#8221;8669&#8243; img_size=&#8221;full&#8221; alignment=&#8221;center&#8221;][\/vc_column_inner][vc_column_inner width=&#8221;1\/3&#8243; ts_responsive_css=&#8221;37923186|colbreak_no|||||20px||||colbreak_no|||||||||colbreak_no|||||0px|||||colbreak_no|||||||||&#8221; css=&#8221;.vc_custom_1611314089385{padding-top: 50px !important;}&#8221;]\r\n\t\t<div class=\"ts-vc_btn3-container ts-vc_btn3-center vc_custom_1651664069623\"><a class=\"ts-vc_general ts-vc_btn3 ts-vc_btn3-size-sm ts-vc_btn3-shape-square ts-vc_btn3-style-flat ts-vc_btn3-weight-no ts-vc_btn3-block ts-vc_btn3-color-black\" href=\"https:\/\/deltatecnic.com\/ca\/solucions-masterbatch\/\" title=\"Masterbatch Solutions\">SOLUCIONS MASTERBATCH<\/a><\/div>[vc_separator color=&#8221;custom&#8221; accent_color=&#8221;#09284c&#8221; css=&#8221;.vc_custom_1611314506853{padding-left: 7% !important;}&#8221;][vc_column_text el_class=&#8221;sec-txt&#8221; css=&#8221;.vc_custom_1611335192625{padding-top: 8px !important;padding-right: 3px !important;padding-bottom: 3px !important;}&#8221;]Rang de temperatura (3000 h)<br \/>\nT5 -40 \u00b0C a +175 \u00b0C<br \/>\nT5 -40 \u00b0C a +200 \u00b0C<br \/>\n<span style=\"font-weight: 400; font-size: 15px; line-height: 1.6em;\">ISO 6722<\/span>[\/vc_column_text][vc_separator color=&#8221;custom&#8221; accent_color=&#8221;#09284c&#8221; css=&#8221;.vc_custom_1611314506853{padding-left: 7% !important;}&#8221;][\/vc_column_inner][\/vc_row_inner][\/vc_tta_section][\/vc_tta_accordion][\/vc_column][\/vc_row]<\/p>\n","protected":false},"excerpt":{"rendered":"<p>EXPERTS EN MASTERBATCHES PER A LA IND\u00daSTRIA DEL CABLE<\/p>\n","protected":false},"author":1,"featured_media":0,"parent":11747,"menu_order":0,"comment_status":"closed","ping_status":"closed","template":"","meta":{"content-type":"","footnotes":""},"class_list":["post-11750","page","type-page","status-publish","hentry"],"yoast_head":"<!-- This site is optimized with the Yoast SEO plugin v27.1.1 - https:\/\/yoast.com\/product\/yoast-seo-wordpress\/ -->\n<title>Masterbatch a la ind\u00fastria de cable de l&#039;automoci\u00f3 | Delta Tecnic<\/title>\n<meta name=\"description\" content=\"DeltaTecnic ofereix solucions de masterbatch de primera qualitat per a la ind\u00fastria del cable d&#039;automoci\u00f3. Experts de masterbatch de color\" \/>\n<meta name=\"robots\" content=\"index, follow, max-snippet:-1, max-image-preview:large, max-video-preview:-1\" \/>\n<link rel=\"canonical\" href=\"https:\/\/deltatecnic.com\/ca\/deltacolor-cables\/automocio\/\" \/>\n<meta property=\"og:locale\" content=\"ca_ES\" \/>\n<meta property=\"og:type\" content=\"article\" \/>\n<meta property=\"og:title\" content=\"Masterbatch a la ind\u00fastria de cable de l&#039;automoci\u00f3 | Delta Tecnic\" \/>\n<meta property=\"og:description\" content=\"DeltaTecnic ofereix solucions de masterbatch de primera qualitat per a la ind\u00fastria del cable d&#039;automoci\u00f3. Experts de masterbatch de color\" \/>\n<meta property=\"og:url\" content=\"https:\/\/deltatecnic.com\/ca\/deltacolor-cables\/automocio\/\" \/>\n<meta property=\"og:site_name\" content=\"Delta Tecnic\" \/>\n<meta property=\"article:modified_time\" content=\"2024-03-22T11:23:07+00:00\" \/>\n<meta name=\"twitter:card\" content=\"summary_large_image\" \/>\n<meta name=\"twitter:label1\" content=\"Temps estimat de lectura\" \/>\n\t<meta name=\"twitter:data1\" content=\"4 minuts\" \/>\n<!-- \/ Yoast SEO plugin. -->","yoast_head_json":{"title":"Masterbatch a la ind\u00fastria de cable de l'automoci\u00f3 | Delta Tecnic","description":"DeltaTecnic ofereix solucions de masterbatch de primera qualitat per a la ind\u00fastria del cable d'automoci\u00f3. Experts de masterbatch de color","robots":{"index":"index","follow":"follow","max-snippet":"max-snippet:-1","max-image-preview":"max-image-preview:large","max-video-preview":"max-video-preview:-1"},"canonical":"https:\/\/deltatecnic.com\/ca\/deltacolor-cables\/automocio\/","og_locale":"ca_ES","og_type":"article","og_title":"Masterbatch a la ind\u00fastria de cable de l'automoci\u00f3 | Delta Tecnic","og_description":"DeltaTecnic ofereix solucions de masterbatch de primera qualitat per a la ind\u00fastria del cable d'automoci\u00f3. Experts de masterbatch de color","og_url":"https:\/\/deltatecnic.com\/ca\/deltacolor-cables\/automocio\/","og_site_name":"Delta Tecnic","article_modified_time":"2024-03-22T11:23:07+00:00","twitter_card":"summary_large_image","twitter_misc":{"Temps estimat de lectura":"4 minuts"},"schema":{"@context":"https:\/\/schema.org","@graph":[{"@type":"WebPage","@id":"https:\/\/deltatecnic.com\/ca\/deltacolor-cables\/automocio\/","url":"https:\/\/deltatecnic.com\/ca\/deltacolor-cables\/automocio\/","name":"Masterbatch a la ind\u00fastria de cable de l'automoci\u00f3 | Delta Tecnic","isPartOf":{"@id":"https:\/\/deltatecnic.com\/ca\/#website"},"datePublished":"2020-12-18T16:10:32+00:00","dateModified":"2024-03-22T11:23:07+00:00","description":"DeltaTecnic ofereix solucions de masterbatch de primera qualitat per a la ind\u00fastria del cable d'automoci\u00f3. Experts de masterbatch de color","breadcrumb":{"@id":"https:\/\/deltatecnic.com\/ca\/deltacolor-cables\/automocio\/#breadcrumb"},"inLanguage":"ca","potentialAction":[{"@type":"ReadAction","target":["https:\/\/deltatecnic.com\/ca\/deltacolor-cables\/automocio\/"]}]},{"@type":"BreadcrumbList","@id":"https:\/\/deltatecnic.com\/ca\/deltacolor-cables\/automocio\/#breadcrumb","itemListElement":[{"@type":"ListItem","position":1,"name":"Inici","item":"https:\/\/deltatecnic.com\/ca\/"},{"@type":"ListItem","position":2,"name":"Deltacolor Cables","item":"https:\/\/deltatecnic.com\/ca\/deltacolor-cables\/"},{"@type":"ListItem","position":3,"name":"Automoci\u00f3"}]},{"@type":"WebSite","@id":"https:\/\/deltatecnic.com\/ca\/#website","url":"https:\/\/deltatecnic.com\/ca\/","name":"Delta Tecnic","description":"Bringing colour to life","potentialAction":[{"@type":"SearchAction","target":{"@type":"EntryPoint","urlTemplate":"https:\/\/deltatecnic.com\/ca\/?s={search_term_string}"},"query-input":{"@type":"PropertyValueSpecification","valueRequired":true,"valueName":"search_term_string"}}],"inLanguage":"ca"}]}},"_links":{"self":[{"href":"https:\/\/deltatecnic.com\/ca\/wp-json\/wp\/v2\/pages\/11750","targetHints":{"allow":["GET"]}}],"collection":[{"href":"https:\/\/deltatecnic.com\/ca\/wp-json\/wp\/v2\/pages"}],"about":[{"href":"https:\/\/deltatecnic.com\/ca\/wp-json\/wp\/v2\/types\/page"}],"author":[{"embeddable":true,"href":"https:\/\/deltatecnic.com\/ca\/wp-json\/wp\/v2\/users\/1"}],"replies":[{"embeddable":true,"href":"https:\/\/deltatecnic.com\/ca\/wp-json\/wp\/v2\/comments?post=11750"}],"version-history":[{"count":0,"href":"https:\/\/deltatecnic.com\/ca\/wp-json\/wp\/v2\/pages\/11750\/revisions"}],"up":[{"embeddable":true,"href":"https:\/\/deltatecnic.com\/ca\/wp-json\/wp\/v2\/pages\/11747"}],"wp:attachment":[{"href":"https:\/\/deltatecnic.com\/ca\/wp-json\/wp\/v2\/media?parent=11750"}],"curies":[{"name":"wp","href":"https:\/\/api.w.org\/{rel}","templated":true}]}}